{"id":2987,"date":"2016-06-09T17:20:26","date_gmt":"2016-06-09T14:20:26","guid":{"rendered":"http:\/\/burokuran.com.tr\/?page_id=2987&#038;lang=en"},"modified":"2016-06-09T17:30:37","modified_gmt":"2016-06-09T14:30:37","slug":"kasalik","status":"publish","type":"page","link":"https:\/\/burokuran.com.tr\/en\/our-products\/suntalem-guruplari\/aksesuarlar\/kasalik\/","title":{"rendered":"PC HOLDER"},"content":{"rendered":"<div class=\"flex_column av_one_fourth  flex_column_div av-zero-column-padding first  \" style='border-radius:0px; '><div class='avia-builder-widget-area clearfix '><div id=\"nav_menu-22\" class=\"widget clearfix widget_nav_menu\"><div class=\"menu-vip-group-ingilizce-container\"><ul id=\"menu-vip-group-ingilizce\" class=\"menu\"><li id=\"menu-item-54615\" class=\"menu-item menu-item-type-post_type menu-item-object-page menu-item-54615\"><a href=\"https:\/\/burokuran.com.tr\/en\/our-products\/suntalem-guruplari\/\">CHIPBOARD GROUPS<\/a><\/li>\n<li id=\"menu-item-3843\" class=\"menu-item menu-item-type-post_type menu-item-object-page menu-item-has-children menu-item-3843\"><a href=\"https:\/\/burokuran.com.tr\/en\/our-products\/suntalem-guruplari\/vip\/\">VIP<\/a>\n<ul class=\"sub-menu\">\n\t<li id=\"menu-item-3844\" class=\"menu-item menu-item-type-post_type menu-item-object-page menu-item-3844\"><a href=\"https:\/\/burokuran.com.tr\/en\/our-products\/suntalem-guruplari\/vip\/sedef\/\">DER\u0130N<\/a><\/li>\n\t<li id=\"menu-item-3845\" class=\"menu-item menu-item-type-post_type menu-item-object-page menu-item-3845\"><a href=\"https:\/\/burokuran.com.tr\/en\/our-products\/suntalem-guruplari\/vip\/vital\/\">\u0130NC\u0130<\/a><\/li>\n\t<li id=\"menu-item-3846\" class=\"menu-item menu-item-type-post_type menu-item-object-page menu-item-3846\"><a href=\"https:\/\/burokuran.com.tr\/en\/our-products\/suntalem-guruplari\/vip\/gold\/\">GOLD<\/a><\/li>\n\t<li id=\"menu-item-3847\" class=\"menu-item menu-item-type-post_type menu-item-object-page menu-item-3847\"><a href=\"https:\/\/burokuran.com.tr\/en\/our-products\/suntalem-guruplari\/vip\/ikon\/\">IKON<\/a><\/li>\n\t<li id=\"menu-item-9498\" class=\"menu-item menu-item-type-post_type menu-item-object-page menu-item-9498\"><a href=\"https:\/\/burokuran.com.tr\/en\/ikon-metal\/\">IKON METAL<\/a><\/li>\n\t<li id=\"menu-item-9502\" class=\"menu-item menu-item-type-post_type menu-item-object-page menu-item-9502\"><a href=\"https:\/\/burokuran.com.tr\/en\/tesla\/\">TESLA<\/a><\/li>\n<\/ul>\n<\/li>\n<\/ul><\/div><\/div><\/div><\/div>\n<div class=\"flex_column av_one_half  flex_column_div av-zero-column-padding   \" style='border-radius:0px; '><div class='avia-gallery  avia-gallery-1 avia_lazyload avia_animate_when_visible '  itemprop=\"ImageObject\" itemscope=\"itemscope\" itemtype=\"https:\/\/schema.org\/ImageObject\" ><a class='avia-gallery-big fakeLightbox lightbox avia-gallery-big-crop-thumb ' href='https:\/\/burokuran.com.tr\/wp-content\/uploads\/2016\/01\/SEDEF-KAPAK.jpg'  data-onclick='1' title='' ><span class='avia-gallery-big-inner'  itemprop=\"thumbnailUrl\" >\t<img width='260' height='185' src='https:\/\/burokuran.com.tr\/wp-content\/uploads\/2016\/01\/SEDEF-KAPAK-260x185.jpg' title=\"PC HOLDER\"  alt=\"SEDEF KAPAK 260x185 PC HOLDER\" \/><\/span><\/a><div class='avia-gallery-thumb'> <a href='https:\/\/burokuran.com.tr\/wp-content\/uploads\/2016\/01\/SEDEF-KAPAK.jpg' data-rel='gallery-1' data-prev-img='https:\/\/burokuran.com.tr\/wp-content\/uploads\/2016\/01\/SEDEF-KAPAK-260x185.jpg' class='first_thumb lightbox ' data-onclick='1' title=''  itemprop=\"thumbnailUrl\" ><img  src='https:\/\/burokuran.com.tr\/wp-content\/uploads\/2016\/01\/SEDEF-KAPAK-495x330.jpg' width='495' height='330'  title=\"PC HOLDER\"  alt=\"SEDEF KAPAK 495x330 PC HOLDER\" \/><\/a> <a href='https:\/\/burokuran.com.tr\/wp-content\/uploads\/2016\/01\/20000-16.jpg' data-rel='gallery-1' data-prev-img='https:\/\/burokuran.com.tr\/wp-content\/uploads\/2016\/01\/20000-16-260x185.jpg' class='lightbox ' data-onclick='2' title=''  itemprop=\"thumbnailUrl\" ><img  src='https:\/\/burokuran.com.tr\/wp-content\/uploads\/2016\/01\/20000-16-495x400.jpg' width='495' height='400'  title=\"PC HOLDER\"  alt=\"20000 16 495x400 PC HOLDER\" \/><\/a> <a href='https:\/\/burokuran.com.tr\/wp-content\/uploads\/2016\/01\/30000-7.jpg' data-rel='gallery-1' data-prev-img='https:\/\/burokuran.com.tr\/wp-content\/uploads\/2016\/01\/30000-7-260x185.jpg' class='lightbox ' data-onclick='3' title=''  itemprop=\"thumbnailUrl\" ><img  src='https:\/\/burokuran.com.tr\/wp-content\/uploads\/2016\/01\/30000-7-495x400.jpg' width='495' height='400'  title=\"PC HOLDER\"  alt=\"30000 7 495x400 PC HOLDER\" \/><\/a> <a href='https:\/\/burokuran.com.tr\/wp-content\/uploads\/2016\/01\/40000-2.jpg' data-rel='gallery-1' data-prev-img='https:\/\/burokuran.com.tr\/wp-content\/uploads\/2016\/01\/40000-2-260x185.jpg' class='lightbox ' data-onclick='4' title=''  itemprop=\"thumbnailUrl\" ><img  src='https:\/\/burokuran.com.tr\/wp-content\/uploads\/2016\/01\/40000-2-495x400.jpg' width='495' height='400'  title=\"PC HOLDER\"  alt=\"40000 2 495x400 PC HOLDER\" \/><\/a> <a href='https:\/\/burokuran.com.tr\/wp-content\/uploads\/2016\/01\/50000-3.jpg' data-rel='gallery-1' data-prev-img='https:\/\/burokuran.com.tr\/wp-content\/uploads\/2016\/01\/50000-3-260x185.jpg' class='lightbox ' data-onclick='5' title=''  itemprop=\"thumbnailUrl\" ><img  src='https:\/\/burokuran.com.tr\/wp-content\/uploads\/2016\/01\/50000-3-495x400.jpg' width='495' height='400'  title=\"PC HOLDER\"  alt=\"50000 3 495x400 PC HOLDER\" \/><\/a> <a href='https:\/\/burokuran.com.tr\/wp-content\/uploads\/2016\/01\/60000-1.jpg' data-rel='gallery-1' data-prev-img='https:\/\/burokuran.com.tr\/wp-content\/uploads\/2016\/01\/60000-1-260x185.jpg' class='first_thumb lightbox ' data-onclick='6' title=''  itemprop=\"thumbnailUrl\" ><img  src='https:\/\/burokuran.com.tr\/wp-content\/uploads\/2016\/01\/60000-1-495x400.jpg' width='495' height='400'  title=\"PC HOLDER\"  alt=\"60000 1 495x400 PC HOLDER\" \/><\/a><\/div><\/div><\/div>\n<div class=\"flex_column av_one_fourth  flex_column_div av-zero-column-padding   \" style='border-radius:0px; '><p><div style='padding-bottom:10px; ' class='av-special-heading av-special-heading-h3     '><h3 class='av-special-heading-tag '  itemprop=\"headline\"  >Product description<\/h3><div class='special-heading-border'><div class='special-heading-inner-border' ><\/div><\/div><\/div><br \/>\n<section class=\"av_textblock_section \"  itemscope=\"itemscope\" itemtype=\"https:\/\/schema.org\/CreativeWork\" ><div class='avia_textblock  '   itemprop=\"text\" ><\/div><\/section><br \/>\n<div style='padding-bottom:10px; ' class='av-special-heading av-special-heading-h3     '><h3 class='av-special-heading-tag '  itemprop=\"headline\"  >Tecknical Drawings<\/h3><div class='special-heading-border'><div class='special-heading-inner-border' ><\/div><\/div><\/div><br \/>\n<div class='avia-gallery  avia-gallery-2 avia_lazyload avia_animate_when_visible '  itemprop=\"ImageObject\" itemscope=\"itemscope\" itemtype=\"https:\/\/schema.org\/ImageObject\" ><div class='avia-gallery-thumb'> <a href='https:\/\/burokuran.com.tr\/wp-content\/uploads\/2016\/01\/TAKIM.jpg' data-rel='gallery-2' data-prev-img='https:\/\/burokuran.com.tr\/wp-content\/uploads\/2016\/01\/TAKIM-495x400.jpg' class='first_thumb lightbox ' data-onclick='1' title='SEDEF TAKIM TEKN\u0130K'  itemprop=\"thumbnailUrl\" ><img data-avia-tooltip='SEDEF TAKIM TEKN\u0130K' src='https:\/\/burokuran.com.tr\/wp-content\/uploads\/2016\/01\/TAKIM-495x400.jpg' width='495' height='400'  title=\"PC HOLDER\"  alt=\"TAKIM 495x400 PC HOLDER\" \/><\/a> <a href='https:\/\/burokuran.com.tr\/wp-content\/uploads\/2016\/01\/MASA.jpg' data-rel='gallery-2' data-prev-img='https:\/\/burokuran.com.tr\/wp-content\/uploads\/2016\/01\/MASA-495x400.jpg' class='lightbox ' data-onclick='2' title='SEDEF MASA'  itemprop=\"thumbnailUrl\" ><img data-avia-tooltip='SEDEF MASA' src='https:\/\/burokuran.com.tr\/wp-content\/uploads\/2016\/01\/MASA-495x400.jpg' width='495' height='400'  title=\"PC HOLDER\"  alt=\"MASA 495x400 PC HOLDER\" \/><\/a> <a href='https:\/\/burokuran.com.tr\/wp-content\/uploads\/2016\/01\/SWEHPA.jpg' data-rel='gallery-2' data-prev-img='https:\/\/burokuran.com.tr\/wp-content\/uploads\/2016\/01\/SWEHPA.jpg' class='lightbox ' data-onclick='3' title='SEDEF SEHPA'  itemprop=\"thumbnailUrl\" ><img data-avia-tooltip='SEDEF SEHPA' src='https:\/\/burokuran.com.tr\/wp-content\/uploads\/2016\/01\/SWEHPA.jpg' width='444' height='361'  title=\"PC HOLDER\"  alt=\"SWEHPA PC HOLDER\" \/><\/a> <a href='https:\/\/burokuran.com.tr\/wp-content\/uploads\/2016\/01\/K\u00dcT\u00dcPHANE.jpg' data-rel='gallery-2' data-prev-img='https:\/\/burokuran.com.tr\/wp-content\/uploads\/2016\/01\/K\u00dcT\u00dcPHANE-495x400.jpg' class='lightbox ' data-onclick='4' title='SEDEF K\u00dcT\u00dcPHANE'  itemprop=\"thumbnailUrl\" ><img data-avia-tooltip='SEDEF K\u00dcT\u00dcPHANE' src='https:\/\/burokuran.com.tr\/wp-content\/uploads\/2016\/01\/K\u00dcT\u00dcPHANE-495x400.jpg' width='495' height='400'  title=\"PC HOLDER\"  alt=\"K\u00dcT\u00dcPHANE 495x400 PC HOLDER\" \/><\/a><\/div><\/div><br \/>\n<div style='padding-bottom:10px; ' class='av-special-heading av-special-heading-h3     '><h3 class='av-special-heading-tag '  itemprop=\"headline\"  >Colour options<\/h3><div class='special-heading-border'><div class='special-heading-inner-border' ><\/div><\/div><\/div><br \/>\n<div class='avia-gallery  avia-gallery-3 avia_lazyload avia_animate_when_visible '  itemprop=\"ImageObject\" itemscope=\"itemscope\" itemtype=\"https:\/\/schema.org\/ImageObject\" ><div class='avia-gallery-thumb'> <a href='https:\/\/burokuran.com.tr\/wp-content\/uploads\/2016\/01\/05-e1452965750804.jpg' data-rel='gallery-3' data-prev-img='https:\/\/burokuran.com.tr\/wp-content\/uploads\/2016\/01\/05-438x400.jpg' class='first_thumb lightbox ' data-onclick='1' title='PARLAK S\u0130YAH'  itemprop=\"thumbnailUrl\" ><img data-avia-tooltip='PARLAK S\u0130YAH' src='https:\/\/burokuran.com.tr\/wp-content\/uploads\/2016\/01\/05-438x400.jpg' width='438' height='400'  title=\"PC HOLDER\"  alt=\"05 438x400 PC HOLDER\" \/><\/a> <a href='https:\/\/burokuran.com.tr\/wp-content\/uploads\/2016\/01\/milano-ceviz-e1452965705180.jpg' data-rel='gallery-3' data-prev-img='https:\/\/burokuran.com.tr\/wp-content\/uploads\/2016\/01\/milano-ceviz-495x400.jpg' class='lightbox ' data-onclick='2' title='MAT ALP\u0130N CEV\u0130Z'  itemprop=\"thumbnailUrl\" ><img data-avia-tooltip='MAT ALP\u0130N CEV\u0130Z' src='https:\/\/burokuran.com.tr\/wp-content\/uploads\/2016\/01\/milano-ceviz-495x400.jpg' width='495' height='400'  title=\"PC HOLDER\"  alt=\"milano ceviz 495x400 PC HOLDER\" \/><\/a> <a href='https:\/\/burokuran.com.tr\/wp-content\/uploads\/2016\/01\/SafirMese_Buyuk-729x1030.jpg' data-rel='gallery-3' data-prev-img='https:\/\/burokuran.com.tr\/wp-content\/uploads\/2016\/01\/SafirMese_Buyuk-495x400.jpg' class='lightbox ' data-onclick='3' title='MAT SAF\u0130R ME\u015eE'  itemprop=\"thumbnailUrl\" ><img data-avia-tooltip='MAT SAF\u0130R ME\u015eE' src='https:\/\/burokuran.com.tr\/wp-content\/uploads\/2016\/01\/SafirMese_Buyuk-495x400.jpg' width='495' height='400'  title=\"PC HOLDER\"  alt=\"SafirMese Buyuk 495x400 PC HOLDER\" \/><\/a><\/div><\/div><\/p><\/div>\n","protected":false},"excerpt":{"rendered":"","protected":false},"author":1,"featured_media":0,"parent":2984,"menu_order":0,"comment_status":"closed","ping_status":"closed","template":"","meta":{"footnotes":""},"class_list":["post-2987","page","type-page","status-publish","hentry"],"aioseo_notices":[],"_links":{"self":[{"href":"https:\/\/burokuran.com.tr\/en\/wp-json\/wp\/v2\/pages\/2987","targetHints":{"allow":["GET"]}}],"collection":[{"href":"https:\/\/burokuran.com.tr\/en\/wp-json\/wp\/v2\/pages"}],"about":[{"href":"https:\/\/burokuran.com.tr\/en\/wp-json\/wp\/v2\/types\/page"}],"author":[{"embeddable":true,"href":"https:\/\/burokuran.com.tr\/en\/wp-json\/wp\/v2\/users\/1"}],"replies":[{"embeddable":true,"href":"https:\/\/burokuran.com.tr\/en\/wp-json\/wp\/v2\/comments?post=2987"}],"version-history":[{"count":0,"href":"https:\/\/burokuran.com.tr\/en\/wp-json\/wp\/v2\/pages\/2987\/revisions"}],"up":[{"embeddable":true,"href":"https:\/\/burokuran.com.tr\/en\/wp-json\/wp\/v2\/pages\/2984"}],"wp:attachment":[{"href":"https:\/\/burokuran.com.tr\/en\/wp-json\/wp\/v2\/media?parent=2987"}],"curies":[{"name":"wp","href":"https:\/\/api.w.org\/{rel}","templated":true}]}}