{"id":2990,"date":"2016-06-09T17:33:35","date_gmt":"2016-06-09T14:33:35","guid":{"rendered":"http:\/\/burokuran.com.tr\/?page_id=2990&#038;lang=en"},"modified":"2018-10-01T12:52:48","modified_gmt":"2018-10-01T09:52:48","slug":"4l-workstation","status":"publish","type":"page","link":"https:\/\/burokuran.com.tr\/en\/our-products\/suntalem-guruplari\/calisma\/4l-workstation\/","title":{"rendered":"4L WORKSTAT\u0130ON"},"content":{"rendered":"<div class=\"flex_column av_one_fourth  flex_column_div av-zero-column-padding first  \" style='border-radius:0px; '><div class='avia-builder-widget-area clearfix '><div id=\"nav_menu-25\" class=\"widget clearfix widget_nav_menu\"><div class=\"menu-work-groups-ingilizce-container\"><ul id=\"menu-work-groups-ingilizce\" class=\"menu\"><li id=\"menu-item-54619\" class=\"menu-item menu-item-type-post_type menu-item-object-page menu-item-has-children menu-item-54619\"><a href=\"https:\/\/burokuran.com.tr\/en\/our-products\/suntalem-guruplari\/\">CHIPBOARD GROUPS<\/a>\n<ul class=\"sub-menu\">\n\t<li id=\"menu-item-54620\" class=\"menu-item menu-item-type-post_type menu-item-object-page menu-item-has-children menu-item-54620\"><a href=\"https:\/\/burokuran.com.tr\/en\/our-products\/suntalem-guruplari\/calisma\/\">WORK GROUP<\/a>\n\t<ul class=\"sub-menu\">\n\t\t<li id=\"menu-item-54621\" class=\"menu-item menu-item-type-post_type menu-item-object-page menu-item-54621\"><a href=\"https:\/\/burokuran.com.tr\/en\/our-products\/suntalem-guruplari\/calisma\/\">WORK GROUP<\/a><\/li>\n\t\t<li id=\"menu-item-54622\" class=\"menu-item menu-item-type-post_type menu-item-object-page menu-item-54622\"><a href=\"https:\/\/burokuran.com.tr\/en\/yildiz-dortlu\/\">YILDIZ D\u00d6RTL\u00dc<\/a><\/li>\n\t<\/ul>\n<\/li>\n<\/ul>\n<\/li>\n<li id=\"menu-item-3832\" class=\"menu-item menu-item-type-post_type menu-item-object-page menu-item-3832\"><a href=\"https:\/\/burokuran.com.tr\/en\/our-products\/suntalem-guruplari\/calisma\/damla-drops-double-work\/\">DAMLA DROPS DOUBLE WORK<\/a><\/li>\n<li id=\"menu-item-3835\" class=\"menu-item menu-item-type-post_type menu-item-object-page menu-item-3835\"><a href=\"https:\/\/burokuran.com.tr\/en\/our-products\/suntalem-guruplari\/calisma\/4l-workstation\/\">4L WORKSTAT\u0130ON<\/a><\/li>\n<li id=\"menu-item-3836\" class=\"menu-item menu-item-type-post_type menu-item-object-page menu-item-3836\"><a href=\"https:\/\/burokuran.com.tr\/en\/our-products\/suntalem-guruplari\/calisma\/yildiz-workstation\/\">YILDIZ WORKSTAT\u0130ON<\/a><\/li>\n<li id=\"menu-item-3837\" class=\"menu-item menu-item-type-post_type menu-item-object-page menu-item-3837\"><a href=\"https:\/\/burokuran.com.tr\/en\/our-products\/suntalem-guruplari\/calisma\/yildiz-drops-double-work\/\">YILDIZ  DROPS DOUBLE WORK<\/a><\/li>\n<\/ul><\/div><\/div><\/div><\/div>\n<div class=\"flex_column av_one_half  flex_column_div av-zero-column-padding   \" style='border-radius:0px; '><div class='avia-gallery  avia-gallery-1 avia_lazyload avia_animate_when_visible '  itemprop=\"ImageObject\" itemscope=\"itemscope\" itemtype=\"https:\/\/schema.org\/ImageObject\" ><a class='avia-gallery-big fakeLightbox lightbox avia-gallery-big-crop-thumb ' href='https:\/\/burokuran.com.tr\/wp-content\/uploads\/2018\/10\/50000-6.jpg'  data-onclick='1' title='' ><span class='avia-gallery-big-inner'  itemprop=\"thumbnailUrl\" >\t<img width='495' height='400' src='https:\/\/burokuran.com.tr\/wp-content\/uploads\/2018\/10\/50000-6-495x400.jpg' title=\"4L WORKSTAT\u0130ON\"  alt=\"50000 6 495x400 4L WORKSTAT\u0130ON\" \/><\/span><\/a><div class='avia-gallery-thumb'> <a href='https:\/\/burokuran.com.tr\/wp-content\/uploads\/2018\/10\/50000-6.jpg' data-rel='gallery-1' data-prev-img='https:\/\/burokuran.com.tr\/wp-content\/uploads\/2018\/10\/50000-6-495x400.jpg' class='first_thumb lightbox ' data-onclick='1' title=''  itemprop=\"thumbnailUrl\" ><img  src='https:\/\/burokuran.com.tr\/wp-content\/uploads\/2018\/10\/50000-6-495x400.jpg' width='495' height='400'  title=\"4L WORKSTAT\u0130ON\"  alt=\"50000 6 495x400 4L WORKSTAT\u0130ON\" \/><\/a> <a href='https:\/\/burokuran.com.tr\/wp-content\/uploads\/2018\/10\/10000-17.jpg' data-rel='gallery-1' data-prev-img='https:\/\/burokuran.com.tr\/wp-content\/uploads\/2018\/10\/10000-17-495x400.jpg' class='lightbox ' data-onclick='2' title=''  itemprop=\"thumbnailUrl\" ><img  src='https:\/\/burokuran.com.tr\/wp-content\/uploads\/2018\/10\/10000-17-495x400.jpg' width='495' height='400'  title=\"4L WORKSTAT\u0130ON\"  alt=\"10000 17 495x400 4L WORKSTAT\u0130ON\" \/><\/a> <a href='https:\/\/burokuran.com.tr\/wp-content\/uploads\/2018\/10\/20000-27.jpg' data-rel='gallery-1' data-prev-img='https:\/\/burokuran.com.tr\/wp-content\/uploads\/2018\/10\/20000-27-495x400.jpg' class='lightbox ' data-onclick='3' title=''  itemprop=\"thumbnailUrl\" ><img  src='https:\/\/burokuran.com.tr\/wp-content\/uploads\/2018\/10\/20000-27-495x400.jpg' width='495' height='400'  title=\"4L WORKSTAT\u0130ON\"  alt=\"20000 27 495x400 4L WORKSTAT\u0130ON\" \/><\/a> <a href='https:\/\/burokuran.com.tr\/wp-content\/uploads\/2018\/10\/1-12-1030x736.jpg' data-rel='gallery-1' data-prev-img='https:\/\/burokuran.com.tr\/wp-content\/uploads\/2018\/10\/1-12-495x400.jpg' class='lightbox ' data-onclick='4' title=''  itemprop=\"thumbnailUrl\" ><img  src='https:\/\/burokuran.com.tr\/wp-content\/uploads\/2018\/10\/1-12-495x400.jpg' width='495' height='400'  title=\"4L WORKSTAT\u0130ON\"  alt=\"1 12 495x400 4L WORKSTAT\u0130ON\" \/><\/a> <a href='https:\/\/burokuran.com.tr\/wp-content\/uploads\/2018\/10\/2-13-1030x736.jpg' data-rel='gallery-1' data-prev-img='https:\/\/burokuran.com.tr\/wp-content\/uploads\/2018\/10\/2-13-495x400.jpg' class='lightbox ' data-onclick='5' title=''  itemprop=\"thumbnailUrl\" ><img  src='https:\/\/burokuran.com.tr\/wp-content\/uploads\/2018\/10\/2-13-495x400.jpg' width='495' height='400'  title=\"4L WORKSTAT\u0130ON\"  alt=\"2 13 495x400 4L WORKSTAT\u0130ON\" \/><\/a><\/div><\/div><\/div><div class=\"flex_column av_one_fourth  flex_column_div av-zero-column-padding   \" style='border-radius:0px; '><p><div style='padding-bottom:10px; ' class='av-special-heading av-special-heading-h3    '><h3 class='av-special-heading-tag '  itemprop=\"headline\"  >Product description<\/h3><div class='special-heading-border'><div class='special-heading-inner-border' ><\/div><\/div><\/div><br \/>\n<section class=\"av_textblock_section \"  itemscope=\"itemscope\" itemtype=\"https:\/\/schema.org\/CreativeWork\" ><div class='avia_textblock  '   itemprop=\"text\" ><p>DAMLA WORKSTAT\u0130ON<\/p>\n<\/div><\/section><br \/>\n<div style='padding-bottom:10px; ' class='av-special-heading av-special-heading-h3    '><h3 class='av-special-heading-tag '  itemprop=\"headline\"  >Tecknical Drawings<\/h3><div class='special-heading-border'><div class='special-heading-inner-border' ><\/div><\/div><\/div><br \/>\n<div class='avia-gallery  avia-gallery-2 avia_lazyload avia_animate_when_visible '  itemprop=\"ImageObject\" itemscope=\"itemscope\" itemtype=\"https:\/\/schema.org\/ImageObject\" ><div class='avia-gallery-thumb'> <a href='https:\/\/burokuran.com.tr\/wp-content\/uploads\/2016\/01\/1-13.jpg' data-rel='gallery-2' data-prev-img='https:\/\/burokuran.com.tr\/wp-content\/uploads\/2016\/01\/1-13-487x400.jpg' class='first_thumb lightbox ' data-onclick='1' title=''  itemprop=\"thumbnailUrl\" ><img  src='https:\/\/burokuran.com.tr\/wp-content\/uploads\/2016\/01\/1-13-260x185.jpg' width='260' height='185'  title=\"4L WORKSTAT\u0130ON\"  alt=\"1 13 260x185 4L WORKSTAT\u0130ON\" \/><\/a> <a href='https:\/\/burokuran.com.tr\/wp-content\/uploads\/2016\/01\/B\u00d6LME-1.jpg' data-rel='gallery-2' data-prev-img='https:\/\/burokuran.com.tr\/wp-content\/uploads\/2016\/01\/B\u00d6LME-1.jpg' class='lightbox ' data-onclick='2' title='ARA B\u00d6LME'  itemprop=\"thumbnailUrl\" ><img data-avia-tooltip='ARA B\u00d6LME' src='https:\/\/burokuran.com.tr\/wp-content\/uploads\/2016\/01\/B\u00d6LME-1-260x185.jpg' width='260' height='185'  title=\"4L WORKSTAT\u0130ON\"  alt=\"B\u00d6LME 1 260x185 4L WORKSTAT\u0130ON\" \/><\/a> <a href='https:\/\/burokuran.com.tr\/wp-content\/uploads\/2016\/01\/DAMLAM-MASA-1.jpg' data-rel='gallery-2' data-prev-img='https:\/\/burokuran.com.tr\/wp-content\/uploads\/2016\/01\/DAMLAM-MASA-1-495x400.jpg' class='lightbox ' data-onclick='3' title='DAMLA 160 CM'  itemprop=\"thumbnailUrl\" ><img data-avia-tooltip='DAMLA 160 CM' src='https:\/\/burokuran.com.tr\/wp-content\/uploads\/2016\/01\/DAMLAM-MASA-1-260x185.jpg' width='260' height='185'  title=\"4L WORKSTAT\u0130ON\"  alt=\"DAMLAM MASA 1 260x185 4L WORKSTAT\u0130ON\" \/><\/a> <a href='https:\/\/burokuran.com.tr\/wp-content\/uploads\/2016\/01\/ETEJER-2.jpg' data-rel='gallery-2' data-prev-img='https:\/\/burokuran.com.tr\/wp-content\/uploads\/2016\/01\/ETEJER-2-444x400.jpg' class='lightbox ' data-onclick='4' title='ETEJER'  itemprop=\"thumbnailUrl\" ><img data-avia-tooltip='ETEJER' src='https:\/\/burokuran.com.tr\/wp-content\/uploads\/2016\/01\/ETEJER-2-260x185.jpg' width='260' height='185'  title=\"4L WORKSTAT\u0130ON\"  alt=\"ETEJER 2 260x185 4L WORKSTAT\u0130ON\" \/><\/a><\/div><\/div><br \/>\n<div style='padding-bottom:10px; ' class='av-special-heading av-special-heading-h3    '><h3 class='av-special-heading-tag '  itemprop=\"headline\"  >Colour options<\/h3><div class='special-heading-border'><div class='special-heading-inner-border' ><\/div><\/div><\/div><br \/>\n<div class='avia-gallery  avia-gallery-3 avia_lazyload avia_animate_when_visible '  itemprop=\"ImageObject\" itemscope=\"itemscope\" itemtype=\"https:\/\/schema.org\/ImageObject\" ><div class='avia-gallery-thumb'> <a href='https:\/\/burokuran.com.tr\/wp-content\/uploads\/2016\/01\/A-362-Afrika-ceviz.jpg' data-rel='gallery-3' data-prev-img='https:\/\/burokuran.com.tr\/wp-content\/uploads\/2016\/01\/A-362-Afrika-ceviz-349x400.jpg' class='first_thumb lightbox ' data-onclick='1' title='AFR\u0130KA CEV\u0130Z\u0130'  itemprop=\"thumbnailUrl\" ><img data-avia-tooltip='AFR\u0130KA CEV\u0130Z\u0130' src='https:\/\/burokuran.com.tr\/wp-content\/uploads\/2016\/01\/A-362-Afrika-ceviz-260x185.jpg' width='260' height='185'  title=\"4L WORKSTAT\u0130ON\"  alt=\"A 362 Afrika ceviz 260x185 4L WORKSTAT\u0130ON\" \/><\/a> <a href='https:\/\/burokuran.com.tr\/wp-content\/uploads\/2016\/01\/16-teak.jpg' data-rel='gallery-3' data-prev-img='https:\/\/burokuran.com.tr\/wp-content\/uploads\/2016\/01\/16-teak-349x400.jpg' class='lightbox ' data-onclick='2' title='MAT TEAK'  itemprop=\"thumbnailUrl\" ><img data-avia-tooltip='MAT TEAK' src='https:\/\/burokuran.com.tr\/wp-content\/uploads\/2016\/01\/16-teak-260x185.jpg' width='260' height='185'  title=\"4L WORKSTAT\u0130ON\"  alt=\"16 teak 260x185 4L WORKSTAT\u0130ON\" \/><\/a> <a href='https:\/\/burokuran.com.tr\/wp-content\/uploads\/2016\/01\/0427596762831001A-377-elma.jpg' data-rel='gallery-3' data-prev-img='https:\/\/burokuran.com.tr\/wp-content\/uploads\/2016\/01\/0427596762831001A-377-elma-349x400.jpg' class='lightbox ' data-onclick='3' title='ELMA'  itemprop=\"thumbnailUrl\" ><img data-avia-tooltip='ELMA' src='https:\/\/burokuran.com.tr\/wp-content\/uploads\/2016\/01\/0427596762831001A-377-elma-260x185.jpg' width='260' height='185'  title=\"4L WORKSTAT\u0130ON\"  alt=\"0427596762831001A 377 elma 260x185 4L WORKSTAT\u0130ON\" \/><\/a> <a href='https:\/\/burokuran.com.tr\/wp-content\/uploads\/2016\/01\/6796a16b3e15598eb91221f4bff06c6d.jpg' data-rel='gallery-3' data-prev-img='https:\/\/burokuran.com.tr\/wp-content\/uploads\/2016\/01\/6796a16b3e15598eb91221f4bff06c6d.jpg' class='lightbox ' data-onclick='4' title='AK\u00c7AA\u011eA\u00c7'  itemprop=\"thumbnailUrl\" ><img data-avia-tooltip='AK\u00c7AA\u011eA\u00c7' src='https:\/\/burokuran.com.tr\/wp-content\/uploads\/2016\/01\/6796a16b3e15598eb91221f4bff06c6d-260x185.jpg' width='260' height='185'  title=\"4L WORKSTAT\u0130ON\"  alt=\"6796a16b3e15598eb91221f4bff06c6d 260x185 4L WORKSTAT\u0130ON\" \/><\/a> <a href='https:\/\/burokuran.com.tr\/wp-content\/uploads\/2016\/01\/1abanoz.jpg' data-rel='gallery-3' data-prev-img='https:\/\/burokuran.com.tr\/wp-content\/uploads\/2016\/01\/1abanoz-355x400.jpg' class='lightbox ' data-onclick='5' title='MAT ABANOZ'  itemprop=\"thumbnailUrl\" ><img data-avia-tooltip='MAT ABANOZ' src='https:\/\/burokuran.com.tr\/wp-content\/uploads\/2016\/01\/1abanoz-260x185.jpg' width='260' height='185'  title=\"4L WORKSTAT\u0130ON\"  alt=\"1abanoz 260x185 4L WORKSTAT\u0130ON\" \/><\/a><\/div><\/div><\/p><\/div><\/p>\n","protected":false},"excerpt":{"rendered":"","protected":false},"author":1,"featured_media":0,"parent":3125,"menu_order":0,"comment_status":"closed","ping_status":"closed","template":"","meta":{"footnotes":""},"class_list":["post-2990","page","type-page","status-publish","hentry"],"aioseo_notices":[],"_links":{"self":[{"href":"https:\/\/burokuran.com.tr\/en\/wp-json\/wp\/v2\/pages\/2990","targetHints":{"allow":["GET"]}}],"collection":[{"href":"https:\/\/burokuran.com.tr\/en\/wp-json\/wp\/v2\/pages"}],"about":[{"href":"https:\/\/burokuran.com.tr\/en\/wp-json\/wp\/v2\/types\/page"}],"author":[{"embeddable":true,"href":"https:\/\/burokuran.com.tr\/en\/wp-json\/wp\/v2\/users\/1"}],"replies":[{"embeddable":true,"href":"https:\/\/burokuran.com.tr\/en\/wp-json\/wp\/v2\/comments?post=2990"}],"version-history":[{"count":0,"href":"https:\/\/burokuran.com.tr\/en\/wp-json\/wp\/v2\/pages\/2990\/revisions"}],"up":[{"embeddable":true,"href":"https:\/\/burokuran.com.tr\/en\/wp-json\/wp\/v2\/pages\/3125"}],"wp:attachment":[{"href":"https:\/\/burokuran.com.tr\/en\/wp-json\/wp\/v2\/media?parent=2990"}],"curies":[{"name":"wp","href":"https:\/\/api.w.org\/{rel}","templated":true}]}}