{"id":3125,"date":"2016-06-09T17:42:13","date_gmt":"2016-06-09T14:42:13","guid":{"rendered":"http:\/\/burokuran.com.tr\/?page_id=3125&#038;lang=en"},"modified":"2018-10-04T12:45:51","modified_gmt":"2018-10-04T09:45:51","slug":"calisma","status":"publish","type":"page","link":"https:\/\/burokuran.com.tr\/en\/our-products\/suntalem-guruplari\/calisma\/","title":{"rendered":"WORK GROUP"},"content":{"rendered":"<div class=\"flex_column av_one_fourth  flex_column_div av-zero-column-padding first  \" style='border-radius:0px; '><div class='avia-builder-widget-area clearfix '><div id=\"nav_menu-25\" class=\"widget clearfix widget_nav_menu\"><div class=\"menu-work-groups-ingilizce-container\"><ul id=\"menu-work-groups-ingilizce\" class=\"menu\"><li id=\"menu-item-54619\" class=\"menu-item menu-item-type-post_type menu-item-object-page menu-item-has-children menu-item-54619\"><a href=\"https:\/\/burokuran.com.tr\/en\/our-products\/suntalem-guruplari\/\">CHIPBOARD GROUPS<\/a>\n<ul class=\"sub-menu\">\n\t<li id=\"menu-item-54620\" class=\"menu-item menu-item-type-post_type menu-item-object-page menu-item-has-children menu-item-54620\"><a href=\"https:\/\/burokuran.com.tr\/en\/our-products\/suntalem-guruplari\/calisma\/\">WORK GROUP<\/a>\n\t<ul class=\"sub-menu\">\n\t\t<li id=\"menu-item-54621\" class=\"menu-item menu-item-type-post_type menu-item-object-page menu-item-54621\"><a href=\"https:\/\/burokuran.com.tr\/en\/our-products\/suntalem-guruplari\/calisma\/\">WORK GROUP<\/a><\/li>\n\t\t<li id=\"menu-item-54622\" class=\"menu-item menu-item-type-post_type menu-item-object-page menu-item-54622\"><a href=\"https:\/\/burokuran.com.tr\/en\/yildiz-dortlu\/\">YILDIZ D\u00d6RTL\u00dc<\/a><\/li>\n\t<\/ul>\n<\/li>\n<\/ul>\n<\/li>\n<li id=\"menu-item-3832\" class=\"menu-item menu-item-type-post_type menu-item-object-page menu-item-3832\"><a href=\"https:\/\/burokuran.com.tr\/en\/our-products\/suntalem-guruplari\/calisma\/damla-drops-double-work\/\">DAMLA DROPS DOUBLE WORK<\/a><\/li>\n<li id=\"menu-item-3835\" class=\"menu-item menu-item-type-post_type menu-item-object-page menu-item-3835\"><a href=\"https:\/\/burokuran.com.tr\/en\/our-products\/suntalem-guruplari\/calisma\/4l-workstation\/\">4L WORKSTAT\u0130ON<\/a><\/li>\n<li id=\"menu-item-3836\" class=\"menu-item menu-item-type-post_type menu-item-object-page menu-item-3836\"><a href=\"https:\/\/burokuran.com.tr\/en\/our-products\/suntalem-guruplari\/calisma\/yildiz-workstation\/\">YILDIZ WORKSTAT\u0130ON<\/a><\/li>\n<li id=\"menu-item-3837\" class=\"menu-item menu-item-type-post_type menu-item-object-page menu-item-3837\"><a href=\"https:\/\/burokuran.com.tr\/en\/our-products\/suntalem-guruplari\/calisma\/yildiz-drops-double-work\/\">YILDIZ  DROPS DOUBLE WORK<\/a><\/li>\n<\/ul><\/div><\/div><\/div><\/div>\n<div class=\"flex_column av_three_fourth  flex_column_div av-zero-column-padding   \" style='border-radius:0px; '><p><div class='avia-image-container avia_animated_image avia_animate_when_almost_visible pop-up av-styling- av-hover-grow noHover  av-overlay-on-hover   avia-align-center '  itemprop=\"ImageObject\" itemscope=\"itemscope\" itemtype=\"https:\/\/schema.org\/ImageObject\"  ><div class='avia-image-container-inner'><div class='avia-image-overlay-wrap'><a href='https:\/\/burokuran.com.tr\/en\/our-products\/suntalem-guruplari\/calisma\/damla-drops-double-work\/' class='avia_image'  ><div class='av-image-caption-overlay'><div class='av-caption-image-overlay-bg' style='opacity:0.4; background-color:#000000; '><\/div><div class='av-image-caption-overlay-position'><div class='av-image-caption-overlay-center' style='color:#ffffff; '><p>DAMLA DROPS DOUBLE WORK<\/p>\n<\/div><\/div><\/div><img class='avia_image ' src='https:\/\/burokuran.com.tr\/wp-content\/uploads\/2016\/01\/2L\u0130-CALISMA-KAPAK.jpg' title=\"WORK GROUP\" itemprop=\"thumbnailUrl\" alt=\"2L\u0130 CALISMA KAPAK WORK GROUP\" \/><\/a><\/div><\/div><\/div><br \/>\n<div class='avia-image-container avia_animated_image avia_animate_when_almost_visible pop-up av-styling- av-hover-grow noHover  av-overlay-on-hover   avia-align-center '  itemprop=\"ImageObject\" itemscope=\"itemscope\" itemtype=\"https:\/\/schema.org\/ImageObject\"  ><div class='avia-image-container-inner'><div class='avia-image-overlay-wrap'><a href='https:\/\/burokuran.com.tr\/en\/our-products\/suntalem-guruplari\/calisma\/4l-workstation\/' class='avia_image'  ><div class='av-image-caption-overlay'><div class='av-caption-image-overlay-bg' style='opacity:0.4; background-color:#000000; '><\/div><div class='av-image-caption-overlay-position'><div class='av-image-caption-overlay-center' style='color:#ffffff; '><p>DAMLA WORKSTAT\u0130ON<\/p>\n<\/div><\/div><\/div><img class='avia_image ' src='https:\/\/burokuran.com.tr\/wp-content\/uploads\/2015\/12\/CALISMA.jpg' title=\"WORK GROUP\" itemprop=\"thumbnailUrl\" alt=\"CALISMA WORK GROUP\" \/><\/a><\/div><\/div><\/div><br \/>\n<div class='avia-image-container avia_animated_image avia_animate_when_almost_visible pop-up av-styling- av-hover-grow noHover  av-overlay-on-hover   avia-align-center '  itemprop=\"ImageObject\" itemscope=\"itemscope\" itemtype=\"https:\/\/schema.org\/ImageObject\"  ><div class='avia-image-container-inner'><div class='avia-image-overlay-wrap'><a href='https:\/\/burokuran.com.tr\/en\/yildiz-dortlu\/' class='avia_image'  ><div class='av-image-caption-overlay'><div class='av-caption-image-overlay-bg' style='opacity:0.4; background-color:#000000; '><\/div><div class='av-image-caption-overlay-position'><div class='av-image-caption-overlay-center' style='color:#ffffff; '><p>DAMLA WORKSTAT\u0130ON<\/p>\n<\/div><\/div><\/div><img class='avia_image ' src='https:\/\/burokuran.com.tr\/wp-content\/uploads\/2018\/10\/5-10.jpg' title=\"WORK GROUP\" itemprop=\"thumbnailUrl\" alt=\"5 10 WORK GROUP\" \/><\/a><\/div><\/div><\/div><br \/>\n<div class='avia-image-container avia_animated_image avia_animate_when_almost_visible pop-up av-styling- av-hover-grow noHover  av-overlay-on-hover   avia-align-center '  itemprop=\"ImageObject\" itemscope=\"itemscope\" itemtype=\"https:\/\/schema.org\/ImageObject\"  ><div class='avia-image-container-inner'><div class='avia-image-overlay-wrap'><a href='https:\/\/burokuran.com.tr\/en\/m-yildiz-dortlu\/' class='avia_image'  ><div class='av-image-caption-overlay'><div class='av-caption-image-overlay-bg' style='opacity:0.4; background-color:#000000; '><\/div><div class='av-image-caption-overlay-position'><div class='av-image-caption-overlay-center' style='color:#ffffff; '><p>M YILDIZ D\u00d6RTL\u00dc WORKSTAT\u0130ON<\/p>\n<\/div><\/div><\/div><img class='avia_image ' src='https:\/\/burokuran.com.tr\/wp-content\/uploads\/2018\/10\/MAKAM-KAPAK-1-kopya-3.jpg' title=\"WORK GROUP\" itemprop=\"thumbnailUrl\" alt=\"MAKAM KAPAK 1 kopya 3 WORK GROUP\" \/><\/a><\/div><\/div><\/div><br \/>\n<div class='avia-image-container avia_animated_image avia_animate_when_almost_visible pop-up av-styling- av-hover-grow noHover  av-overlay-on-hover   avia-align-center '  itemprop=\"ImageObject\" itemscope=\"itemscope\" itemtype=\"https:\/\/schema.org\/ImageObject\"  ><div class='avia-image-container-inner'><div class='avia-image-overlay-wrap'><a href='https:\/\/burokuran.com.tr\/en\/our-products\/suntalem-guruplari\/calisma\/yildiz-workstation\/' class='avia_image'  ><div class='av-image-caption-overlay'><div class='av-caption-image-overlay-bg' style='opacity:0.4; background-color:#000000; '><\/div><div class='av-image-caption-overlay-position'><div class='av-image-caption-overlay-center' style='color:#ffffff; '><p>YILDIZ WORKSTAT\u0130ON<\/p>\n<\/div><\/div><\/div><img class='avia_image ' src='https:\/\/burokuran.com.tr\/wp-content\/uploads\/2016\/01\/YILDIZ-4LU-CALISMA-KAPAK.jpg' title=\"WORK GROUP\" itemprop=\"thumbnailUrl\" alt=\"YILDIZ 4LU CALISMA KAPAK WORK GROUP\" \/><\/a><\/div><\/div><\/div><br \/>\n<div class='avia-image-container avia_animated_image avia_animate_when_almost_visible pop-up av-styling- av-hover-grow noHover  av-overlay-on-hover   avia-align-center '  itemprop=\"ImageObject\" itemscope=\"itemscope\" itemtype=\"https:\/\/schema.org\/ImageObject\"  ><div class='avia-image-container-inner'><div class='avia-image-overlay-wrap'><a href='https:\/\/burokuran.com.tr\/en\/our-products\/suntalem-guruplari\/calisma\/yildiz-drops-double-work\/' class='avia_image'  ><div class='av-image-caption-overlay'><div class='av-caption-image-overlay-bg' style='opacity:0.4; background-color:#000000; '><\/div><div class='av-image-caption-overlay-position'><div class='av-image-caption-overlay-center' style='color:#ffffff; '><p>YILDIZ DROPS DOUBLE WORK<\/p>\n<\/div><\/div><\/div><img class='avia_image ' src='https:\/\/burokuran.com.tr\/wp-content\/uploads\/2016\/01\/YILDIZ-2L\u0130-CALISMA-KAPAK.jpg' title=\"WORK GROUP\" itemprop=\"thumbnailUrl\" alt=\"YILDIZ 2L\u0130 CALISMA KAPAK WORK GROUP\" \/><\/a><\/div><\/div><\/div><\/p><\/div>\n","protected":false},"excerpt":{"rendered":"","protected":false},"author":1,"featured_media":0,"parent":2983,"menu_order":0,"comment_status":"closed","ping_status":"closed","template":"","meta":{"footnotes":""},"class_list":["post-3125","page","type-page","status-publish","hentry"],"aioseo_notices":[],"_links":{"self":[{"href":"https:\/\/burokuran.com.tr\/en\/wp-json\/wp\/v2\/pages\/3125","targetHints":{"allow":["GET"]}}],"collection":[{"href":"https:\/\/burokuran.com.tr\/en\/wp-json\/wp\/v2\/pages"}],"about":[{"href":"https:\/\/burokuran.com.tr\/en\/wp-json\/wp\/v2\/types\/page"}],"author":[{"embeddable":true,"href":"https:\/\/burokuran.com.tr\/en\/wp-json\/wp\/v2\/users\/1"}],"replies":[{"embeddable":true,"href":"https:\/\/burokuran.com.tr\/en\/wp-json\/wp\/v2\/comments?post=3125"}],"version-history":[{"count":0,"href":"https:\/\/burokuran.com.tr\/en\/wp-json\/wp\/v2\/pages\/3125\/revisions"}],"up":[{"embeddable":true,"href":"https:\/\/burokuran.com.tr\/en\/wp-json\/wp\/v2\/pages\/2983"}],"wp:attachment":[{"href":"https:\/\/burokuran.com.tr\/en\/wp-json\/wp\/v2\/media?parent=3125"}],"curies":[{"name":"wp","href":"https:\/\/api.w.org\/{rel}","templated":true}]}}