{"id":3142,"date":"2016-06-09T17:45:38","date_gmt":"2016-06-09T14:45:38","guid":{"rendered":"http:\/\/burokuran.com.tr\/?page_id=3142&#038;lang=en"},"modified":"2016-06-09T18:02:46","modified_gmt":"2016-06-09T15:02:46","slug":"yildiz-drops-double-work","status":"publish","type":"page","link":"https:\/\/burokuran.com.tr\/en\/our-products\/suntalem-guruplari\/calisma\/yildiz-drops-double-work\/","title":{"rendered":"YILDIZ  DROPS DOUBLE WORK"},"content":{"rendered":"<div class=\"flex_column av_one_fourth  flex_column_div av-zero-column-padding first  \" style='border-radius:0px; '><div class='avia-builder-widget-area clearfix '><div id=\"nav_menu-25\" class=\"widget clearfix widget_nav_menu\"><div class=\"menu-work-groups-ingilizce-container\"><ul id=\"menu-work-groups-ingilizce\" class=\"menu\"><li id=\"menu-item-54619\" class=\"menu-item menu-item-type-post_type menu-item-object-page menu-item-has-children menu-item-54619\"><a href=\"https:\/\/burokuran.com.tr\/en\/our-products\/suntalem-guruplari\/\">CHIPBOARD GROUPS<\/a>\n<ul class=\"sub-menu\">\n\t<li id=\"menu-item-54620\" class=\"menu-item menu-item-type-post_type menu-item-object-page menu-item-has-children menu-item-54620\"><a href=\"https:\/\/burokuran.com.tr\/en\/our-products\/suntalem-guruplari\/calisma\/\">WORK GROUP<\/a>\n\t<ul class=\"sub-menu\">\n\t\t<li id=\"menu-item-54621\" class=\"menu-item menu-item-type-post_type menu-item-object-page menu-item-54621\"><a href=\"https:\/\/burokuran.com.tr\/en\/our-products\/suntalem-guruplari\/calisma\/\">WORK GROUP<\/a><\/li>\n\t\t<li id=\"menu-item-54622\" class=\"menu-item menu-item-type-post_type menu-item-object-page menu-item-54622\"><a href=\"https:\/\/burokuran.com.tr\/en\/yildiz-dortlu\/\">YILDIZ D\u00d6RTL\u00dc<\/a><\/li>\n\t<\/ul>\n<\/li>\n<\/ul>\n<\/li>\n<li id=\"menu-item-3832\" class=\"menu-item menu-item-type-post_type menu-item-object-page menu-item-3832\"><a href=\"https:\/\/burokuran.com.tr\/en\/our-products\/suntalem-guruplari\/calisma\/damla-drops-double-work\/\">DAMLA DROPS DOUBLE WORK<\/a><\/li>\n<li id=\"menu-item-3835\" class=\"menu-item menu-item-type-post_type menu-item-object-page menu-item-3835\"><a href=\"https:\/\/burokuran.com.tr\/en\/our-products\/suntalem-guruplari\/calisma\/4l-workstation\/\">4L WORKSTAT\u0130ON<\/a><\/li>\n<li id=\"menu-item-3836\" class=\"menu-item menu-item-type-post_type menu-item-object-page menu-item-3836\"><a href=\"https:\/\/burokuran.com.tr\/en\/our-products\/suntalem-guruplari\/calisma\/yildiz-workstation\/\">YILDIZ WORKSTAT\u0130ON<\/a><\/li>\n<li id=\"menu-item-3837\" class=\"menu-item menu-item-type-post_type menu-item-object-page menu-item-3837\"><a href=\"https:\/\/burokuran.com.tr\/en\/our-products\/suntalem-guruplari\/calisma\/yildiz-drops-double-work\/\">YILDIZ  DROPS DOUBLE WORK<\/a><\/li>\n<\/ul><\/div><\/div><\/div><\/div>\n<div class=\"flex_column av_one_half  flex_column_div av-zero-column-padding   \" style='border-radius:0px; '><div class='avia-gallery  avia-gallery-1 avia_lazyload avia_animate_when_visible '  itemprop=\"ImageObject\" itemscope=\"itemscope\" itemtype=\"https:\/\/schema.org\/ImageObject\" ><a class='avia-gallery-big fakeLightbox lightbox avia-gallery-big-crop-thumb ' href='https:\/\/burokuran.com.tr\/wp-content\/uploads\/2016\/01\/3C0000-1030x557.jpg'  data-onclick='1' title='YILD-1' ><span class='avia-gallery-big-inner'  itemprop=\"thumbnailUrl\" >\t<img width='495' height='400' src='https:\/\/burokuran.com.tr\/wp-content\/uploads\/2016\/01\/3C0000-495x400.jpg' title=\"YILDIZ  DROPS DOUBLE WORK\"  alt=\"3C0000 495x400 YILDIZ  DROPS DOUBLE WORK\" \/>\t<span class='avia-gallery-caption'>YILD-1<\/span><\/span><\/a><div class='avia-gallery-thumb'> <a href='https:\/\/burokuran.com.tr\/wp-content\/uploads\/2016\/01\/3C0000-1030x557.jpg' data-rel='gallery-1' data-prev-img='https:\/\/burokuran.com.tr\/wp-content\/uploads\/2016\/01\/3C0000-495x400.jpg' class='first_thumb lightbox ' data-onclick='1' title='YILD-1'  itemprop=\"thumbnailUrl\" ><img data-avia-tooltip='YILD-1' src='https:\/\/burokuran.com.tr\/wp-content\/uploads\/2016\/01\/3C0000-495x400.jpg' width='495' height='400'  title=\"YILDIZ  DROPS DOUBLE WORK\"  alt=\"3C0000 495x400 YILDIZ  DROPS DOUBLE WORK\" \/><\/a> <a href='https:\/\/burokuran.com.tr\/wp-content\/uploads\/2016\/01\/10000-21-1030x557.jpg' data-rel='gallery-1' data-prev-img='https:\/\/burokuran.com.tr\/wp-content\/uploads\/2016\/01\/10000-21-495x400.jpg' class='lightbox ' data-onclick='2' title='YILD-2'  itemprop=\"thumbnailUrl\" ><img data-avia-tooltip='YILD-2' src='https:\/\/burokuran.com.tr\/wp-content\/uploads\/2016\/01\/10000-21-495x400.jpg' width='495' height='400'  title=\"YILDIZ  DROPS DOUBLE WORK\"  alt=\"10000 21 495x400 YILDIZ  DROPS DOUBLE WORK\" \/><\/a> <a href='https:\/\/burokuran.com.tr\/wp-content\/uploads\/2016\/01\/50000-8-1030x557.jpg' data-rel='gallery-1' data-prev-img='https:\/\/burokuran.com.tr\/wp-content\/uploads\/2016\/01\/50000-8-495x400.jpg' class='lightbox ' data-onclick='3' title='YILD-3'  itemprop=\"thumbnailUrl\" ><img data-avia-tooltip='YILD-3' src='https:\/\/burokuran.com.tr\/wp-content\/uploads\/2016\/01\/50000-8-495x400.jpg' width='495' height='400'  title=\"YILDIZ  DROPS DOUBLE WORK\"  alt=\"50000 8 495x400 YILDIZ  DROPS DOUBLE WORK\" \/><\/a> <a href='https:\/\/burokuran.com.tr\/wp-content\/uploads\/2016\/01\/10000-22.jpg' data-rel='gallery-1' data-prev-img='https:\/\/burokuran.com.tr\/wp-content\/uploads\/2016\/01\/10000-22-495x400.jpg' class='lightbox ' data-onclick='4' title='YILD.C-1'  itemprop=\"thumbnailUrl\" ><img data-avia-tooltip='YILD.C-1' src='https:\/\/burokuran.com.tr\/wp-content\/uploads\/2016\/01\/10000-22-495x400.jpg' width='495' height='400'  title=\"YILDIZ  DROPS DOUBLE WORK\"  alt=\"10000 22 495x400 YILDIZ  DROPS DOUBLE WORK\" \/><\/a> <a href='https:\/\/burokuran.com.tr\/wp-content\/uploads\/2016\/01\/30000-22.jpg' data-rel='gallery-1' data-prev-img='https:\/\/burokuran.com.tr\/wp-content\/uploads\/2016\/01\/30000-22-495x400.jpg' class='lightbox ' data-onclick='5' title='YILD.C-2'  itemprop=\"thumbnailUrl\" ><img data-avia-tooltip='YILD.C-2' src='https:\/\/burokuran.com.tr\/wp-content\/uploads\/2016\/01\/30000-22-495x400.jpg' width='495' height='400'  title=\"YILDIZ  DROPS DOUBLE WORK\"  alt=\"30000 22 495x400 YILDIZ  DROPS DOUBLE WORK\" \/><\/a><\/div><\/div><\/div>\n<div class=\"flex_column av_one_fourth  flex_column_div av-zero-column-padding   \" style='border-radius:0px; '><p><div style='padding-bottom:10px; ' class='av-special-heading av-special-heading-h3     '><h3 class='av-special-heading-tag '  itemprop=\"headline\"  >Product description<\/h3><div class='special-heading-border'><div class='special-heading-inner-border' ><\/div><\/div><\/div><br \/>\n<section class=\"av_textblock_section \"  itemscope=\"itemscope\" itemtype=\"https:\/\/schema.org\/CreativeWork\" ><div class='avia_textblock  '   itemprop=\"text\" ><p>YILDIZ \u00a0DROPS DOUBLE WORK<\/p>\n<\/div><\/section><br \/>\n<div style='padding-bottom:10px; ' class='av-special-heading av-special-heading-h3    '><h3 class='av-special-heading-tag '  itemprop=\"headline\"  >Tecknical Drawings<\/h3><div class='special-heading-border'><div class='special-heading-inner-border' ><\/div><\/div><\/div><br \/>\n<div class='avia-gallery  avia-gallery-2 avia_lazyload avia_animate_when_visible '  itemprop=\"ImageObject\" itemscope=\"itemscope\" itemtype=\"https:\/\/schema.org\/ImageObject\" ><div class='avia-gallery-thumb'> <a href='https:\/\/burokuran.com.tr\/wp-content\/uploads\/2016\/01\/YC-4.jpg' data-rel='gallery-2' data-prev-img='https:\/\/burokuran.com.tr\/wp-content\/uploads\/2016\/01\/YC-4-495x400.jpg' class='first_thumb lightbox ' data-onclick='1' title='YILD-1'  itemprop=\"thumbnailUrl\" ><img data-avia-tooltip='YILD-1' src='https:\/\/burokuran.com.tr\/wp-content\/uploads\/2016\/01\/YC-4-260x185.jpg' width='260' height='185'  title=\"YILDIZ  DROPS DOUBLE WORK\"  alt=\"YC 4 260x185 YILDIZ  DROPS DOUBLE WORK\" \/><\/a> <a href='https:\/\/burokuran.com.tr\/wp-content\/uploads\/2016\/01\/YC-3.jpg' data-rel='gallery-2' data-prev-img='https:\/\/burokuran.com.tr\/wp-content\/uploads\/2016\/01\/YC-3-495x400.jpg' class='lightbox ' data-onclick='2' title='ARA PANEL'  itemprop=\"thumbnailUrl\" ><img data-avia-tooltip='ARA PANEL' src='https:\/\/burokuran.com.tr\/wp-content\/uploads\/2016\/01\/YC-3-260x185.jpg' width='260' height='185'  title=\"YILDIZ  DROPS DOUBLE WORK\"  alt=\"YC 3 260x185 YILDIZ  DROPS DOUBLE WORK\" \/><\/a> <a href='https:\/\/burokuran.com.tr\/wp-content\/uploads\/2016\/01\/YC-5.jpg' data-rel='gallery-2' data-prev-img='https:\/\/burokuran.com.tr\/wp-content\/uploads\/2016\/01\/YC-5-495x400.jpg' class='lightbox ' data-onclick='3' title='YILD-2'  itemprop=\"thumbnailUrl\" ><img data-avia-tooltip='YILD-2' src='https:\/\/burokuran.com.tr\/wp-content\/uploads\/2016\/01\/YC-5-260x185.jpg' width='260' height='185'  title=\"YILDIZ  DROPS DOUBLE WORK\"  alt=\"YC 5 260x185 YILDIZ  DROPS DOUBLE WORK\" \/><\/a> <a href='https:\/\/burokuran.com.tr\/wp-content\/uploads\/2016\/01\/YILDIZ-MASA.jpg' data-rel='gallery-2' data-prev-img='https:\/\/burokuran.com.tr\/wp-content\/uploads\/2016\/01\/YILDIZ-MASA-495x400.jpg' class='lightbox ' data-onclick='4' title='YILDIZ MASA'  itemprop=\"thumbnailUrl\" ><img data-avia-tooltip='YILDIZ MASA' src='https:\/\/burokuran.com.tr\/wp-content\/uploads\/2016\/01\/YILDIZ-MASA-260x185.jpg' width='260' height='185'  title=\"YILDIZ  DROPS DOUBLE WORK\"  alt=\"YILDIZ MASA 260x185 YILDIZ  DROPS DOUBLE WORK\" \/><\/a> <a href='https:\/\/burokuran.com.tr\/wp-content\/uploads\/2016\/01\/ETEJER-1.jpg' data-rel='gallery-2' data-prev-img='https:\/\/burokuran.com.tr\/wp-content\/uploads\/2016\/01\/ETEJER-1-444x400.jpg' class='lightbox ' data-onclick='5' title='ETEJER'  itemprop=\"thumbnailUrl\" ><img data-avia-tooltip='ETEJER' src='https:\/\/burokuran.com.tr\/wp-content\/uploads\/2016\/01\/ETEJER-1-260x185.jpg' width='260' height='185'  title=\"YILDIZ  DROPS DOUBLE WORK\"  alt=\"ETEJER 1 260x185 YILDIZ  DROPS DOUBLE WORK\" \/><\/a><\/div><\/div><br \/>\n<div style='padding-bottom:10px; ' class='av-special-heading av-special-heading-h3     '><h3 class='av-special-heading-tag '  itemprop=\"headline\"  >Colour options<\/h3><div class='special-heading-border'><div class='special-heading-inner-border' ><\/div><\/div><\/div><br \/>\n<div class='avia-gallery  avia-gallery-3 avia_lazyload avia_animate_when_visible '  itemprop=\"ImageObject\" itemscope=\"itemscope\" itemtype=\"https:\/\/schema.org\/ImageObject\" ><div class='avia-gallery-thumb'> <a href='https:\/\/burokuran.com.tr\/wp-content\/uploads\/2016\/01\/56b1637516200fc70055cf74946f8d8c.jpg' data-rel='gallery-3' data-prev-img='https:\/\/burokuran.com.tr\/wp-content\/uploads\/2016\/01\/56b1637516200fc70055cf74946f8d8c-349x400.jpg' class='first_thumb lightbox ' data-onclick='1' title='AVRUPA TEAK'  itemprop=\"thumbnailUrl\" ><img data-avia-tooltip='AVRUPA TEAK' src='https:\/\/burokuran.com.tr\/wp-content\/uploads\/2016\/01\/56b1637516200fc70055cf74946f8d8c-260x185.jpg' width='260' height='185'  title=\"YILDIZ  DROPS DOUBLE WORK\"  alt=\"56b1637516200fc70055cf74946f8d8c 260x185 YILDIZ  DROPS DOUBLE WORK\" \/><\/a> <a href='https:\/\/burokuran.com.tr\/wp-content\/uploads\/2016\/01\/0427596762831001A-377-elma.jpg' data-rel='gallery-3' data-prev-img='https:\/\/burokuran.com.tr\/wp-content\/uploads\/2016\/01\/0427596762831001A-377-elma-349x400.jpg' class='lightbox ' data-onclick='2' title='ELMA'  itemprop=\"thumbnailUrl\" ><img data-avia-tooltip='ELMA' src='https:\/\/burokuran.com.tr\/wp-content\/uploads\/2016\/01\/0427596762831001A-377-elma-260x185.jpg' width='260' height='185'  title=\"YILDIZ  DROPS DOUBLE WORK\"  alt=\"0427596762831001A 377 elma 260x185 YILDIZ  DROPS DOUBLE WORK\" \/><\/a> <a href='https:\/\/burokuran.com.tr\/wp-content\/uploads\/2016\/01\/A-362-Afrika-ceviz.jpg' data-rel='gallery-3' data-prev-img='https:\/\/burokuran.com.tr\/wp-content\/uploads\/2016\/01\/A-362-Afrika-ceviz-349x400.jpg' class='lightbox ' data-onclick='3' title='AFR\u0130KA CEV\u0130Z\u0130'  itemprop=\"thumbnailUrl\" ><img data-avia-tooltip='AFR\u0130KA CEV\u0130Z\u0130' src='https:\/\/burokuran.com.tr\/wp-content\/uploads\/2016\/01\/A-362-Afrika-ceviz-260x185.jpg' width='260' height='185'  title=\"YILDIZ  DROPS DOUBLE WORK\"  alt=\"A 362 Afrika ceviz 260x185 YILDIZ  DROPS DOUBLE WORK\" \/><\/a> <a href='https:\/\/burokuran.com.tr\/wp-content\/uploads\/2016\/01\/1abanoz.jpg' data-rel='gallery-3' data-prev-img='https:\/\/burokuran.com.tr\/wp-content\/uploads\/2016\/01\/1abanoz-355x400.jpg' class='lightbox ' data-onclick='4' title='MAT ABANOZ'  itemprop=\"thumbnailUrl\" ><img data-avia-tooltip='MAT ABANOZ' src='https:\/\/burokuran.com.tr\/wp-content\/uploads\/2016\/01\/1abanoz-260x185.jpg' width='260' height='185'  title=\"YILDIZ  DROPS DOUBLE WORK\"  alt=\"1abanoz 260x185 YILDIZ  DROPS DOUBLE WORK\" \/><\/a> <a href='https:\/\/burokuran.com.tr\/wp-content\/uploads\/2016\/01\/2338_1.jpg' data-rel='gallery-3' data-prev-img='https:\/\/burokuran.com.tr\/wp-content\/uploads\/2016\/01\/2338_1-495x400.jpg' class='lightbox ' data-onclick='5' title='BEYAZ SUNTALEM'  itemprop=\"thumbnailUrl\" ><img data-avia-tooltip='BEYAZ SUNTALEM' src='https:\/\/burokuran.com.tr\/wp-content\/uploads\/2016\/01\/2338_1-260x185.jpg' width='260' height='185'  title=\"YILDIZ  DROPS DOUBLE WORK\"  alt=\"2338 1 260x185 YILDIZ  DROPS DOUBLE WORK\" \/><\/a><\/div><\/div><br \/>\n<div style='padding-bottom:10px; ' class='av-special-heading av-special-heading-h3     '><h3 class='av-special-heading-tag '  itemprop=\"headline\"  >Foot Paint Colors<\/h3><div class='special-heading-border'><div class='special-heading-inner-border' ><\/div><\/div><\/div><br \/>\n<div class='avia-gallery  avia-gallery-4 avia_lazyload avia_animate_when_visible '  itemprop=\"ImageObject\" itemscope=\"itemscope\" itemtype=\"https:\/\/schema.org\/ImageObject\" ><div class='avia-gallery-thumb'> <a href='https:\/\/burokuran.com.tr\/wp-content\/uploads\/2016\/01\/siyah-boya.jpg' data-rel='gallery-4' data-prev-img='https:\/\/burokuran.com.tr\/wp-content\/uploads\/2016\/01\/siyah-boya-495x400.jpg' class='first_thumb lightbox ' data-onclick='1' title='BLACK LEATHER'  itemprop=\"thumbnailUrl\" ><img data-avia-tooltip='BLACK LEATHER' src='https:\/\/burokuran.com.tr\/wp-content\/uploads\/2016\/01\/siyah-boya-260x185.jpg' width='260' height='185'  title=\"YILDIZ  DROPS DOUBLE WORK\"  alt=\"siyah boya 260x185 YILDIZ  DROPS DOUBLE WORK\" \/><\/a> <a href='https:\/\/burokuran.com.tr\/wp-content\/uploads\/2016\/01\/antrasit.jpg' data-rel='gallery-4' data-prev-img='https:\/\/burokuran.com.tr\/wp-content\/uploads\/2016\/01\/antrasit-495x400.jpg' class='lightbox ' data-onclick='2' title='ANTRAS\u0130T'  itemprop=\"thumbnailUrl\" ><img data-avia-tooltip='ANTRAS\u0130T' src='https:\/\/burokuran.com.tr\/wp-content\/uploads\/2016\/01\/antrasit-260x185.jpg' width='260' height='185'  title=\"YILDIZ  DROPS DOUBLE WORK\"  alt=\"antrasit 260x185 YILDIZ  DROPS DOUBLE WORK\" \/><\/a> <a href='https:\/\/burokuran.com.tr\/wp-content\/uploads\/2016\/01\/beyaz-boya.jpg' data-rel='gallery-4' data-prev-img='https:\/\/burokuran.com.tr\/wp-content\/uploads\/2016\/01\/beyaz-boya.jpg' class='lightbox ' data-onclick='3' title='BEYAZ'  itemprop=\"thumbnailUrl\" ><img data-avia-tooltip='BEYAZ' src='https:\/\/burokuran.com.tr\/wp-content\/uploads\/2016\/01\/beyaz-boya-260x185.jpg' width='260' height='185'  title=\"YILDIZ  DROPS DOUBLE WORK\"  alt=\"beyaz boya 260x185 YILDIZ  DROPS DOUBLE WORK\" \/><\/a><\/div><\/div><\/p><\/div>\n","protected":false},"excerpt":{"rendered":"","protected":false},"author":1,"featured_media":0,"parent":3125,"menu_order":0,"comment_status":"closed","ping_status":"closed","template":"","meta":{"footnotes":""},"class_list":["post-3142","page","type-page","status-publish","hentry"],"aioseo_notices":[],"_links":{"self":[{"href":"https:\/\/burokuran.com.tr\/en\/wp-json\/wp\/v2\/pages\/3142","targetHints":{"allow":["GET"]}}],"collection":[{"href":"https:\/\/burokuran.com.tr\/en\/wp-json\/wp\/v2\/pages"}],"about":[{"href":"https:\/\/burokuran.com.tr\/en\/wp-json\/wp\/v2\/types\/page"}],"author":[{"embeddable":true,"href":"https:\/\/burokuran.com.tr\/en\/wp-json\/wp\/v2\/users\/1"}],"replies":[{"embeddable":true,"href":"https:\/\/burokuran.com.tr\/en\/wp-json\/wp\/v2\/comments?post=3142"}],"version-history":[{"count":0,"href":"https:\/\/burokuran.com.tr\/en\/wp-json\/wp\/v2\/pages\/3142\/revisions"}],"up":[{"embeddable":true,"href":"https:\/\/burokuran.com.tr\/en\/wp-json\/wp\/v2\/pages\/3125"}],"wp:attachment":[{"href":"https:\/\/burokuran.com.tr\/en\/wp-json\/wp\/v2\/media?parent=3142"}],"curies":[{"name":"wp","href":"https:\/\/api.w.org\/{rel}","templated":true}]}}