{"id":3161,"date":"2016-06-09T18:02:20","date_gmt":"2016-06-09T15:02:20","guid":{"rendered":"http:\/\/burokuran.com.tr\/?page_id=3161&#038;lang=en"},"modified":"2018-09-25T12:38:56","modified_gmt":"2018-09-25T09:38:56","slug":"aros","status":"publish","type":"page","link":"https:\/\/burokuran.com.tr\/en\/our-products\/suntalem-guruplari\/office\/aros\/","title":{"rendered":"AROS"},"content":{"rendered":"<div class=\"flex_column av_one_fourth  flex_column_div av-zero-column-padding first  \" style='border-radius:0px; '><div class='avia-builder-widget-area clearfix '><div id=\"nav_menu-23\" class=\"widget clearfix widget_nav_menu\"><div class=\"menu-office-ingilizce-container\"><ul id=\"menu-office-ingilizce\" class=\"menu\"><li id=\"menu-item-54616\" class=\"menu-item menu-item-type-post_type menu-item-object-page menu-item-54616\"><a href=\"https:\/\/burokuran.com.tr\/en\/our-products\/suntalem-guruplari\/\">CHIPBOARD GROUPS<\/a><\/li>\n<li id=\"menu-item-3849\" class=\"menu-item menu-item-type-post_type menu-item-object-page menu-item-has-children menu-item-3849\"><a href=\"https:\/\/burokuran.com.tr\/en\/our-products\/suntalem-guruplari\/office\/\">OFFICE<\/a>\n<ul class=\"sub-menu\">\n\t<li id=\"menu-item-3850\" class=\"menu-item menu-item-type-post_type menu-item-object-page menu-item-3850\"><a href=\"https:\/\/burokuran.com.tr\/en\/our-products\/suntalem-guruplari\/office\/edus\/\">EDUS<\/a><\/li>\n\t<li id=\"menu-item-3851\" class=\"menu-item menu-item-type-post_type menu-item-object-page menu-item-3851\"><a href=\"https:\/\/burokuran.com.tr\/en\/our-products\/suntalem-guruplari\/office\/safari\/\">SAFARI<\/a><\/li>\n\t<li id=\"menu-item-3852\" class=\"menu-item menu-item-type-post_type menu-item-object-page menu-item-3852\"><a href=\"https:\/\/burokuran.com.tr\/en\/our-products\/suntalem-guruplari\/office\/stil\/\">ANKA<\/a><\/li>\n\t<li id=\"menu-item-3853\" class=\"menu-item menu-item-type-post_type menu-item-object-page menu-item-3853\"><a href=\"https:\/\/burokuran.com.tr\/en\/our-products\/suntalem-guruplari\/office\/alfa\/\">ALFA<\/a><\/li>\n\t<li id=\"menu-item-3867\" class=\"menu-item menu-item-type-post_type menu-item-object-page menu-item-3867\"><a href=\"https:\/\/burokuran.com.tr\/en\/our-products\/suntalem-guruplari\/office\/aros\/\">AROS<\/a><\/li>\n\t<li id=\"menu-item-11790\" class=\"menu-item menu-item-type-post_type menu-item-object-page menu-item-11790\"><a href=\"https:\/\/burokuran.com.tr\/en\/nitro\/\">N\u0130TRO<\/a><\/li>\n\t<li id=\"menu-item-3866\" class=\"menu-item menu-item-type-post_type menu-item-object-page menu-item-3866\"><a href=\"https:\/\/burokuran.com.tr\/en\/our-products\/suntalem-guruplari\/office\/neva\/\">NEVA<\/a><\/li>\n\t<li id=\"menu-item-11791\" class=\"menu-item menu-item-type-post_type menu-item-object-page menu-item-11791\"><a href=\"https:\/\/burokuran.com.tr\/en\/perge\/\">PERGE<\/a><\/li>\n\t<li id=\"menu-item-3868\" class=\"menu-item menu-item-type-post_type menu-item-object-page menu-item-3868\"><a href=\"https:\/\/burokuran.com.tr\/en\/our-products\/suntalem-guruplari\/office\/verso\/\">VERSO<\/a><\/li>\n\t<li id=\"menu-item-3869\" class=\"menu-item menu-item-type-post_type menu-item-object-page menu-item-3869\"><a href=\"https:\/\/burokuran.com.tr\/en\/our-products\/suntalem-guruplari\/office\/lara\/\">LARA<\/a><\/li>\n\t<li id=\"menu-item-11753\" class=\"menu-item menu-item-type-post_type menu-item-object-page menu-item-11753\"><a href=\"https:\/\/burokuran.com.tr\/en\/erba\/\">ERBA<\/a><\/li>\n\t<li id=\"menu-item-11751\" class=\"menu-item menu-item-type-post_type menu-item-object-page menu-item-11751\"><a href=\"https:\/\/burokuran.com.tr\/en\/sahra\/\">SAHRA<\/a><\/li>\n<\/ul>\n<\/li>\n<\/ul><\/div><\/div><\/div><\/div>\n<div class=\"flex_column av_one_half  flex_column_div av-zero-column-padding   \" style='border-radius:0px; '><div class='avia-gallery  avia-gallery-1 deactivate_avia_lazyload avia_animate_when_visible '  itemprop=\"ImageObject\" itemscope=\"itemscope\" itemtype=\"https:\/\/schema.org\/ImageObject\" ><a class='avia-gallery-big fakeLightbox lightbox avia-gallery-big-crop-thumb ' href='https:\/\/burokuran.com.tr\/wp-content\/uploads\/2016\/01\/10000-31.jpg'  data-onclick='1' title='' ><span class='avia-gallery-big-inner'  itemprop=\"thumbnailUrl\" >\t<img width='495' height='400' src='https:\/\/burokuran.com.tr\/wp-content\/uploads\/2016\/01\/10000-31-495x400.jpg' title=\"AROS\"  alt=\"10000 31 495x400 AROS\" \/><\/span><\/a><div class='avia-gallery-thumb'> <a href='https:\/\/burokuran.com.tr\/wp-content\/uploads\/2016\/01\/10000-31.jpg' data-rel='gallery-1' data-prev-img='https:\/\/burokuran.com.tr\/wp-content\/uploads\/2016\/01\/10000-31-495x400.jpg' class='first_thumb lightbox ' data-onclick='1' title=''  itemprop=\"thumbnailUrl\" ><img  src='https:\/\/burokuran.com.tr\/wp-content\/uploads\/2016\/01\/10000-31-495x400.jpg' width='495' height='400'  title=\"AROS\"  alt=\"10000 31 495x400 AROS\" \/><\/a> <a href='https:\/\/burokuran.com.tr\/wp-content\/uploads\/2016\/01\/20000-41.jpg' data-rel='gallery-1' data-prev-img='https:\/\/burokuran.com.tr\/wp-content\/uploads\/2016\/01\/20000-41-495x400.jpg' class='lightbox ' data-onclick='2' title=''  itemprop=\"thumbnailUrl\" ><img  src='https:\/\/burokuran.com.tr\/wp-content\/uploads\/2016\/01\/20000-41-495x400.jpg' width='495' height='400'  title=\"AROS\"  alt=\"20000 41 495x400 AROS\" \/><\/a> <a href='https:\/\/burokuran.com.tr\/wp-content\/uploads\/2016\/01\/30000-30.jpg' data-rel='gallery-1' data-prev-img='https:\/\/burokuran.com.tr\/wp-content\/uploads\/2016\/01\/30000-30-495x400.jpg' class='lightbox ' data-onclick='3' title=''  itemprop=\"thumbnailUrl\" ><img  src='https:\/\/burokuran.com.tr\/wp-content\/uploads\/2016\/01\/30000-30-495x400.jpg' width='495' height='400'  title=\"AROS\"  alt=\"30000 30 495x400 AROS\" \/><\/a> <a href='https:\/\/burokuran.com.tr\/wp-content\/uploads\/2016\/01\/40000-20.jpg' data-rel='gallery-1' data-prev-img='https:\/\/burokuran.com.tr\/wp-content\/uploads\/2016\/01\/40000-20-495x400.jpg' class='lightbox ' data-onclick='4' title=''  itemprop=\"thumbnailUrl\" ><img  src='https:\/\/burokuran.com.tr\/wp-content\/uploads\/2016\/01\/40000-20-495x400.jpg' width='495' height='400'  title=\"AROS\"  alt=\"40000 20 495x400 AROS\" \/><\/a> <a href='https:\/\/burokuran.com.tr\/wp-content\/uploads\/2016\/01\/50000-14.jpg' data-rel='gallery-1' data-prev-img='https:\/\/burokuran.com.tr\/wp-content\/uploads\/2016\/01\/50000-14-495x400.jpg' class='lightbox ' data-onclick='5' title=''  itemprop=\"thumbnailUrl\" ><img  src='https:\/\/burokuran.com.tr\/wp-content\/uploads\/2016\/01\/50000-14-495x400.jpg' width='495' height='400'  title=\"AROS\"  alt=\"50000 14 495x400 AROS\" \/><\/a> <a href='https:\/\/burokuran.com.tr\/wp-content\/uploads\/2016\/01\/60000-3.jpg' data-rel='gallery-1' data-prev-img='https:\/\/burokuran.com.tr\/wp-content\/uploads\/2016\/01\/60000-3-495x400.jpg' class='first_thumb lightbox ' data-onclick='6' title=''  itemprop=\"thumbnailUrl\" ><img  src='https:\/\/burokuran.com.tr\/wp-content\/uploads\/2016\/01\/60000-3-495x400.jpg' width='495' height='400'  title=\"AROS\"  alt=\"60000 3 495x400 AROS\" \/><\/a> <a href='https:\/\/burokuran.com.tr\/wp-content\/uploads\/2016\/01\/70000-1.jpg' data-rel='gallery-1' data-prev-img='https:\/\/burokuran.com.tr\/wp-content\/uploads\/2016\/01\/70000-1-495x400.jpg' class='lightbox ' data-onclick='7' title=''  itemprop=\"thumbnailUrl\" ><img  src='https:\/\/burokuran.com.tr\/wp-content\/uploads\/2016\/01\/70000-1-495x400.jpg' width='495' height='400'  title=\"AROS\"  alt=\"70000 1 495x400 AROS\" \/><\/a><\/div><\/div><\/div>\n<div class=\"flex_column av_one_fourth  flex_column_div av-zero-column-padding   \" style='border-radius:0px; '><p><div style='padding-bottom:10px; ' class='av-special-heading av-special-heading-h3     '><h3 class='av-special-heading-tag '  itemprop=\"headline\"  >Product description<\/h3><div class='special-heading-border'><div class='special-heading-inner-border' ><\/div><\/div><\/div><br \/>\n<section class=\"av_textblock_section \"  itemscope=\"itemscope\" itemtype=\"https:\/\/schema.org\/CreativeWork\" ><div class='avia_textblock  '   itemprop=\"text\" ><p>AROS\u00a0TABLE TEAM<\/p>\n<\/div><\/section><br \/>\n<div style='padding-bottom:10px; ' class='av-special-heading av-special-heading-h3     '><h3 class='av-special-heading-tag '  itemprop=\"headline\"  >Tecknical Drawings<\/h3><div class='special-heading-border'><div class='special-heading-inner-border' ><\/div><\/div><\/div><br \/>\n<div class='avia-gallery  avia-gallery-2 avia_lazyload avia_animate_when_visible '  itemprop=\"ImageObject\" itemscope=\"itemscope\" itemtype=\"https:\/\/schema.org\/ImageObject\" ><div class='avia-gallery-thumb'> <a href='https:\/\/burokuran.com.tr\/wp-content\/uploads\/2016\/01\/AROS-MASA-TAKIMI.jpg' data-rel='gallery-2' data-prev-img='https:\/\/burokuran.com.tr\/wp-content\/uploads\/2016\/01\/AROS-MASA-TAKIMI-495x400.jpg' class='first_thumb lightbox ' data-onclick='1' title='AR-1'  itemprop=\"thumbnailUrl\" ><img data-avia-tooltip='AR-1' src='https:\/\/burokuran.com.tr\/wp-content\/uploads\/2016\/01\/AROS-MASA-TAKIMI-260x185.jpg' width='260' height='185'  title=\"AROS\"  alt=\"AROS MASA TAKIMI 260x185 AROS\" \/><\/a> <a href='https:\/\/burokuran.com.tr\/wp-content\/uploads\/2016\/01\/MASA-5.jpg' data-rel='gallery-2' data-prev-img='https:\/\/burokuran.com.tr\/wp-content\/uploads\/2016\/01\/MASA-5.jpg' class='lightbox ' data-onclick='2' title='AR-2'  itemprop=\"thumbnailUrl\" ><img data-avia-tooltip='AR-2' src='https:\/\/burokuran.com.tr\/wp-content\/uploads\/2016\/01\/MASA-5-260x185.jpg' width='260' height='185'  title=\"AROS\"  alt=\"MASA 5 260x185 AROS\" \/><\/a> <a href='https:\/\/burokuran.com.tr\/wp-content\/uploads\/2016\/01\/ETEJER-4.jpg' data-rel='gallery-2' data-prev-img='https:\/\/burokuran.com.tr\/wp-content\/uploads\/2016\/01\/ETEJER-4-423x400.jpg' class='lightbox ' data-onclick='3' title=''  itemprop=\"thumbnailUrl\" ><img  src='https:\/\/burokuran.com.tr\/wp-content\/uploads\/2016\/01\/ETEJER-4-260x185.jpg' width='260' height='185'  title=\"AROS\"  alt=\"ETEJER 4 260x185 AROS\" \/><\/a> <a href='https:\/\/burokuran.com.tr\/wp-content\/uploads\/2016\/01\/KESON-3.jpg' data-rel='gallery-2' data-prev-img='https:\/\/burokuran.com.tr\/wp-content\/uploads\/2016\/01\/KESON-3.jpg' class='lightbox ' data-onclick='4' title='KS001'  itemprop=\"thumbnailUrl\" ><img data-avia-tooltip='KS001' src='https:\/\/burokuran.com.tr\/wp-content\/uploads\/2016\/01\/KESON-3-260x185.jpg' width='260' height='185'  title=\"AROS\"  alt=\"KESON 3 260x185 AROS\" \/><\/a> <a href='https:\/\/burokuran.com.tr\/wp-content\/uploads\/2016\/01\/K\u00dcT\u00dcPHANE-6.jpg' data-rel='gallery-2' data-prev-img='https:\/\/burokuran.com.tr\/wp-content\/uploads\/2016\/01\/K\u00dcT\u00dcPHANE-6-475x400.jpg' class='lightbox ' data-onclick='5' title='AR-5'  itemprop=\"thumbnailUrl\" ><img data-avia-tooltip='AR-5' src='https:\/\/burokuran.com.tr\/wp-content\/uploads\/2016\/01\/K\u00dcT\u00dcPHANE-6-260x185.jpg' width='260' height='185'  title=\"AROS\"  alt=\"K\u00dcT\u00dcPHANE 6 260x185 AROS\" \/><\/a> <a href='https:\/\/burokuran.com.tr\/wp-content\/uploads\/2016\/01\/SEHPA-6.jpg' data-rel='gallery-2' data-prev-img='https:\/\/burokuran.com.tr\/wp-content\/uploads\/2016\/01\/SEHPA-6.jpg' class='first_thumb lightbox ' data-onclick='6' title='SP001'  itemprop=\"thumbnailUrl\" ><img data-avia-tooltip='SP001' src='https:\/\/burokuran.com.tr\/wp-content\/uploads\/2016\/01\/SEHPA-6-260x185.jpg' width='260' height='185'  title=\"AROS\"  alt=\"SEHPA 6 260x185 AROS\" \/><\/a><\/div><\/div><br \/>\n<div style='padding-bottom:10px; ' class='av-special-heading av-special-heading-h3     '><h3 class='av-special-heading-tag '  itemprop=\"headline\"  >Colour options<\/h3><div class='special-heading-border'><div class='special-heading-inner-border' ><\/div><\/div><\/div><br \/>\n<div class='avia-gallery  avia-gallery-3 avia_lazyload avia_animate_when_visible '  itemprop=\"ImageObject\" itemscope=\"itemscope\" itemtype=\"https:\/\/schema.org\/ImageObject\" ><div class='avia-gallery-thumb'> <a href='https:\/\/burokuran.com.tr\/wp-content\/uploads\/2016\/01\/GR\u0130-ZEBRANO.jpg' data-rel='gallery-3' data-prev-img='https:\/\/burokuran.com.tr\/wp-content\/uploads\/2016\/01\/GR\u0130-ZEBRANO-349x400.jpg' class='first_thumb lightbox ' data-onclick='1' title='GR\u0130 ZEBRANO'  itemprop=\"thumbnailUrl\" ><img data-avia-tooltip='GR\u0130 ZEBRANO' src='https:\/\/burokuran.com.tr\/wp-content\/uploads\/2016\/01\/GR\u0130-ZEBRANO-260x185.jpg' width='260' height='185'  title=\"AROS\"  alt=\"GR\u0130 ZEBRANO 260x185 AROS\" \/><\/a> <a href='https:\/\/burokuran.com.tr\/wp-content\/uploads\/2016\/01\/ALP\u0130-ME\u015eE-1-819x1030.jpg' data-rel='gallery-3' data-prev-img='https:\/\/burokuran.com.tr\/wp-content\/uploads\/2016\/01\/ALP\u0130-ME\u015eE-1-495x400.jpg' class='lightbox ' data-onclick='2' title='ALP\u0130N ME\u015eE'  itemprop=\"thumbnailUrl\" ><img data-avia-tooltip='ALP\u0130N ME\u015eE' src='https:\/\/burokuran.com.tr\/wp-content\/uploads\/2016\/01\/ALP\u0130-ME\u015eE-1-260x185.jpg' width='260' height='185'  title=\"AROS\"  alt=\"ALP\u0130 ME\u015eE 1 260x185 AROS\" \/><\/a> <a href='https:\/\/burokuran.com.tr\/wp-content\/uploads\/2016\/01\/SafirMese_Buyuk-729x1030.jpg' data-rel='gallery-3' data-prev-img='https:\/\/burokuran.com.tr\/wp-content\/uploads\/2016\/01\/SafirMese_Buyuk-495x400.jpg' class='lightbox ' data-onclick='3' title='MAT SAF\u0130R ME\u015eE'  itemprop=\"thumbnailUrl\" ><img data-avia-tooltip='MAT SAF\u0130R ME\u015eE' src='https:\/\/burokuran.com.tr\/wp-content\/uploads\/2016\/01\/SafirMese_Buyuk-260x185.jpg' width='260' height='185'  title=\"AROS\"  alt=\"SafirMese Buyuk 260x185 AROS\" \/><\/a><\/div><\/div><br \/>\n<div style='padding-bottom:10px; ' class='av-special-heading av-special-heading-h3     '><h3 class='av-special-heading-tag '  itemprop=\"headline\"  >Leather Colour options<\/h3><div class='special-heading-border'><div class='special-heading-inner-border' ><\/div><\/div><\/div><br \/>\n<div class='avia-gallery  avia-gallery-4 avia_lazyload avia_animate_when_visible '  itemprop=\"ImageObject\" itemscope=\"itemscope\" itemtype=\"https:\/\/schema.org\/ImageObject\" ><div class='avia-gallery-thumb'> <a href='https:\/\/burokuran.com.tr\/wp-content\/uploads\/2018\/09\/product-1499414702-1-1.jpg' data-rel='gallery-4' data-prev-img='https:\/\/burokuran.com.tr\/wp-content\/uploads\/2018\/09\/product-1499414702-1-1-495x400.jpg' class='first_thumb lightbox ' data-onclick='1' title='TOSKANA CREAM LEATHER'  itemprop=\"thumbnailUrl\" ><img data-avia-tooltip='TOSKANA CREAM LEATHER' src='https:\/\/burokuran.com.tr\/wp-content\/uploads\/2018\/09\/product-1499414702-1-1-260x185.jpg' width='260' height='185'  title=\"AROS\"  alt=\"product 1499414702 1 1 260x185 AROS\" \/><\/a> <a href='https:\/\/burokuran.com.tr\/wp-content\/uploads\/2018\/09\/product-1499415595-1-1.jpg' data-rel='gallery-4' data-prev-img='https:\/\/burokuran.com.tr\/wp-content\/uploads\/2018\/09\/product-1499415595-1-1-495x400.jpg' class='lightbox ' data-onclick='2' title='TOSKANA GREEN LEATHER'  itemprop=\"thumbnailUrl\" ><img data-avia-tooltip='TOSKANA GREEN LEATHER' src='https:\/\/burokuran.com.tr\/wp-content\/uploads\/2018\/09\/product-1499415595-1-1-260x185.jpg' width='260' height='185'  title=\"AROS\"  alt=\"product 1499415595 1 1 260x185 AROS\" \/><\/a> <a href='https:\/\/burokuran.com.tr\/wp-content\/uploads\/2016\/01\/siyah-boya.jpg' data-rel='gallery-4' data-prev-img='https:\/\/burokuran.com.tr\/wp-content\/uploads\/2016\/01\/siyah-boya-495x400.jpg' class='lightbox ' data-onclick='3' title='BLACK LEATHER'  itemprop=\"thumbnailUrl\" ><img data-avia-tooltip='BLACK LEATHER' src='https:\/\/burokuran.com.tr\/wp-content\/uploads\/2016\/01\/siyah-boya-260x185.jpg' width='260' height='185'  title=\"AROS\"  alt=\"siyah boya 260x185 AROS\" \/><\/a><\/div><\/div><\/p><\/div>\n","protected":false},"excerpt":{"rendered":"","protected":false},"author":1,"featured_media":0,"parent":3160,"menu_order":0,"comment_status":"closed","ping_status":"closed","template":"","meta":{"footnotes":""},"class_list":["post-3161","page","type-page","status-publish","hentry"],"aioseo_notices":[],"_links":{"self":[{"href":"https:\/\/burokuran.com.tr\/en\/wp-json\/wp\/v2\/pages\/3161","targetHints":{"allow":["GET"]}}],"collection":[{"href":"https:\/\/burokuran.com.tr\/en\/wp-json\/wp\/v2\/pages"}],"about":[{"href":"https:\/\/burokuran.com.tr\/en\/wp-json\/wp\/v2\/types\/page"}],"author":[{"embeddable":true,"href":"https:\/\/burokuran.com.tr\/en\/wp-json\/wp\/v2\/users\/1"}],"replies":[{"embeddable":true,"href":"https:\/\/burokuran.com.tr\/en\/wp-json\/wp\/v2\/comments?post=3161"}],"version-history":[{"count":0,"href":"https:\/\/burokuran.com.tr\/en\/wp-json\/wp\/v2\/pages\/3161\/revisions"}],"up":[{"embeddable":true,"href":"https:\/\/burokuran.com.tr\/en\/wp-json\/wp\/v2\/pages\/3160"}],"wp:attachment":[{"href":"https:\/\/burokuran.com.tr\/en\/wp-json\/wp\/v2\/media?parent=3161"}],"curies":[{"name":"wp","href":"https:\/\/api.w.org\/{rel}","templated":true}]}}