{"id":3266,"date":"2016-06-09T18:06:25","date_gmt":"2016-06-09T15:06:25","guid":{"rendered":"http:\/\/burokuran.com.tr\/?page_id=3266&#038;lang=en"},"modified":"2018-09-24T10:45:41","modified_gmt":"2018-09-24T07:45:41","slug":"safari","status":"publish","type":"page","link":"https:\/\/burokuran.com.tr\/en\/our-products\/suntalem-guruplari\/office\/safari\/","title":{"rendered":"SAFARI"},"content":{"rendered":"<div class=\"flex_column av_one_fourth  flex_column_div av-zero-column-padding first  \" style='border-radius:0px; '><div class='avia-builder-widget-area clearfix '><div id=\"nav_menu-23\" class=\"widget clearfix widget_nav_menu\"><div class=\"menu-office-ingilizce-container\"><ul id=\"menu-office-ingilizce\" class=\"menu\"><li id=\"menu-item-54616\" class=\"menu-item menu-item-type-post_type menu-item-object-page menu-item-54616\"><a href=\"https:\/\/burokuran.com.tr\/en\/our-products\/suntalem-guruplari\/\">CHIPBOARD GROUPS<\/a><\/li>\n<li id=\"menu-item-3849\" class=\"menu-item menu-item-type-post_type menu-item-object-page menu-item-has-children menu-item-3849\"><a href=\"https:\/\/burokuran.com.tr\/en\/our-products\/suntalem-guruplari\/office\/\">OFFICE<\/a>\n<ul class=\"sub-menu\">\n\t<li id=\"menu-item-3850\" class=\"menu-item menu-item-type-post_type menu-item-object-page menu-item-3850\"><a href=\"https:\/\/burokuran.com.tr\/en\/our-products\/suntalem-guruplari\/office\/edus\/\">EDUS<\/a><\/li>\n\t<li id=\"menu-item-3851\" class=\"menu-item menu-item-type-post_type menu-item-object-page menu-item-3851\"><a href=\"https:\/\/burokuran.com.tr\/en\/our-products\/suntalem-guruplari\/office\/safari\/\">SAFARI<\/a><\/li>\n\t<li id=\"menu-item-3852\" class=\"menu-item menu-item-type-post_type menu-item-object-page menu-item-3852\"><a href=\"https:\/\/burokuran.com.tr\/en\/our-products\/suntalem-guruplari\/office\/stil\/\">ANKA<\/a><\/li>\n\t<li id=\"menu-item-3853\" class=\"menu-item menu-item-type-post_type menu-item-object-page menu-item-3853\"><a href=\"https:\/\/burokuran.com.tr\/en\/our-products\/suntalem-guruplari\/office\/alfa\/\">ALFA<\/a><\/li>\n\t<li id=\"menu-item-3867\" class=\"menu-item menu-item-type-post_type menu-item-object-page menu-item-3867\"><a href=\"https:\/\/burokuran.com.tr\/en\/our-products\/suntalem-guruplari\/office\/aros\/\">AROS<\/a><\/li>\n\t<li id=\"menu-item-11790\" class=\"menu-item menu-item-type-post_type menu-item-object-page menu-item-11790\"><a href=\"https:\/\/burokuran.com.tr\/en\/nitro\/\">N\u0130TRO<\/a><\/li>\n\t<li id=\"menu-item-3866\" class=\"menu-item menu-item-type-post_type menu-item-object-page menu-item-3866\"><a href=\"https:\/\/burokuran.com.tr\/en\/our-products\/suntalem-guruplari\/office\/neva\/\">NEVA<\/a><\/li>\n\t<li id=\"menu-item-11791\" class=\"menu-item menu-item-type-post_type menu-item-object-page menu-item-11791\"><a href=\"https:\/\/burokuran.com.tr\/en\/perge\/\">PERGE<\/a><\/li>\n\t<li id=\"menu-item-3868\" class=\"menu-item menu-item-type-post_type menu-item-object-page menu-item-3868\"><a href=\"https:\/\/burokuran.com.tr\/en\/our-products\/suntalem-guruplari\/office\/verso\/\">VERSO<\/a><\/li>\n\t<li id=\"menu-item-3869\" class=\"menu-item menu-item-type-post_type menu-item-object-page menu-item-3869\"><a href=\"https:\/\/burokuran.com.tr\/en\/our-products\/suntalem-guruplari\/office\/lara\/\">LARA<\/a><\/li>\n\t<li id=\"menu-item-11753\" class=\"menu-item menu-item-type-post_type menu-item-object-page menu-item-11753\"><a href=\"https:\/\/burokuran.com.tr\/en\/erba\/\">ERBA<\/a><\/li>\n\t<li id=\"menu-item-11751\" class=\"menu-item menu-item-type-post_type menu-item-object-page menu-item-11751\"><a href=\"https:\/\/burokuran.com.tr\/en\/sahra\/\">SAHRA<\/a><\/li>\n<\/ul>\n<\/li>\n<\/ul><\/div><\/div><\/div><\/div>\n<div class=\"flex_column av_one_half  flex_column_div av-zero-column-padding   \" style='border-radius:0px; '><div class='avia-gallery  avia-gallery-1 deactivate_avia_lazyload avia_animate_when_visible '  itemprop=\"ImageObject\" itemscope=\"itemscope\" itemtype=\"https:\/\/schema.org\/ImageObject\" ><a class='avia-gallery-big fakeLightbox lightbox avia-gallery-big-crop-thumb ' href='https:\/\/burokuran.com.tr\/wp-content\/uploads\/2018\/09\/10000-27-1.jpg'  data-onclick='1' title='' ><span class='avia-gallery-big-inner'  itemprop=\"thumbnailUrl\" >\t<img width='495' height='400' src='https:\/\/burokuran.com.tr\/wp-content\/uploads\/2018\/09\/10000-27-1-495x400.jpg' title=\"SAFARI\"  alt=\"10000 27 1 495x400 SAFARI\" \/><\/span><\/a><div class='avia-gallery-thumb'> <a href='https:\/\/burokuran.com.tr\/wp-content\/uploads\/2018\/09\/10000-27-1.jpg' data-rel='gallery-1' data-prev-img='https:\/\/burokuran.com.tr\/wp-content\/uploads\/2018\/09\/10000-27-1-495x400.jpg' class='first_thumb lightbox ' data-onclick='1' title=''  itemprop=\"thumbnailUrl\" ><img  src='https:\/\/burokuran.com.tr\/wp-content\/uploads\/2018\/09\/10000-27-1-495x400.jpg' width='495' height='400'  title=\"SAFARI\"  alt=\"10000 27 1 495x400 SAFARI\" \/><\/a> <a href='https:\/\/burokuran.com.tr\/wp-content\/uploads\/2018\/09\/20000-37.jpg' data-rel='gallery-1' data-prev-img='https:\/\/burokuran.com.tr\/wp-content\/uploads\/2018\/09\/20000-37-495x400.jpg' class='lightbox ' data-onclick='2' title=''  itemprop=\"thumbnailUrl\" ><img  src='https:\/\/burokuran.com.tr\/wp-content\/uploads\/2018\/09\/20000-37-495x400.jpg' width='495' height='400'  title=\"SAFARI\"  alt=\"20000 37 495x400 SAFARI\" \/><\/a> <a href='https:\/\/burokuran.com.tr\/wp-content\/uploads\/2018\/09\/30000-26.jpg' data-rel='gallery-1' data-prev-img='https:\/\/burokuran.com.tr\/wp-content\/uploads\/2018\/09\/30000-26-495x400.jpg' class='lightbox ' data-onclick='3' title=''  itemprop=\"thumbnailUrl\" ><img  src='https:\/\/burokuran.com.tr\/wp-content\/uploads\/2018\/09\/30000-26-495x400.jpg' width='495' height='400'  title=\"SAFARI\"  alt=\"30000 26 495x400 SAFARI\" \/><\/a> <a href='https:\/\/burokuran.com.tr\/wp-content\/uploads\/2018\/09\/40000-17.jpg' data-rel='gallery-1' data-prev-img='https:\/\/burokuran.com.tr\/wp-content\/uploads\/2018\/09\/40000-17-495x400.jpg' class='lightbox ' data-onclick='4' title=''  itemprop=\"thumbnailUrl\" ><img  src='https:\/\/burokuran.com.tr\/wp-content\/uploads\/2018\/09\/40000-17-495x400.jpg' width='495' height='400'  title=\"SAFARI\"  alt=\"40000 17 495x400 SAFARI\" \/><\/a> <a href='https:\/\/burokuran.com.tr\/wp-content\/uploads\/2018\/09\/50000-12.jpg' data-rel='gallery-1' data-prev-img='https:\/\/burokuran.com.tr\/wp-content\/uploads\/2018\/09\/50000-12-495x400.jpg' class='lightbox ' data-onclick='5' title=''  itemprop=\"thumbnailUrl\" ><img  src='https:\/\/burokuran.com.tr\/wp-content\/uploads\/2018\/09\/50000-12-495x400.jpg' width='495' height='400'  title=\"SAFARI\"  alt=\"50000 12 495x400 SAFARI\" \/><\/a><\/div><\/div><\/div><div class=\"flex_column av_one_fourth  flex_column_div av-zero-column-padding   \" style='border-radius:0px; '><p><div style='padding-bottom:10px; ' class='av-special-heading av-special-heading-h3     '><h3 class='av-special-heading-tag '  itemprop=\"headline\"  >Product description<\/h3><div class='special-heading-border'><div class='special-heading-inner-border' ><\/div><\/div><\/div><br \/>\n<section class=\"av_textblock_section \"  itemscope=\"itemscope\" itemtype=\"https:\/\/schema.org\/CreativeWork\" ><div class='avia_textblock  '   itemprop=\"text\" ><p>SAFAR\u0130\u00a0TABLE TEAM<\/p>\n<\/div><\/section><br \/>\n<div style='padding-bottom:10px; ' class='av-special-heading av-special-heading-h3     '><h3 class='av-special-heading-tag '  itemprop=\"headline\"  >Tecknical Drawings<\/h3><div class='special-heading-border'><div class='special-heading-inner-border' ><\/div><\/div><\/div><br \/>\n<div class='avia-gallery  avia-gallery-2 avia_lazyload avia_animate_when_visible '  itemprop=\"ImageObject\" itemscope=\"itemscope\" itemtype=\"https:\/\/schema.org\/ImageObject\" ><div class='avia-gallery-thumb'> <a href='https:\/\/burokuran.com.tr\/wp-content\/uploads\/2016\/01\/SAFAR\u0130-MASA-TAIKIMI-1030x785.jpg' data-rel='gallery-2' data-prev-img='https:\/\/burokuran.com.tr\/wp-content\/uploads\/2016\/01\/SAFAR\u0130-MASA-TAIKIMI-495x400.jpg' class='first_thumb lightbox ' data-onclick='1' title='SAFR TAKIM'  itemprop=\"thumbnailUrl\" ><img data-avia-tooltip='SAFR TAKIM' src='https:\/\/burokuran.com.tr\/wp-content\/uploads\/2016\/01\/SAFAR\u0130-MASA-TAIKIMI-260x185.jpg' width='260' height='185'  title=\"SAFARI\"  alt=\"SAFAR\u0130 MASA TAIKIMI 260x185 SAFARI\" \/><\/a> <a href='https:\/\/burokuran.com.tr\/wp-content\/uploads\/2016\/01\/SAFAR\u0130-MASA-1030x954.jpg' data-rel='gallery-2' data-prev-img='https:\/\/burokuran.com.tr\/wp-content\/uploads\/2016\/01\/SAFAR\u0130-MASA-495x400.jpg' class='lightbox ' data-onclick='2' title='SF002'  itemprop=\"thumbnailUrl\" ><img data-avia-tooltip='SF002' src='https:\/\/burokuran.com.tr\/wp-content\/uploads\/2016\/01\/SAFAR\u0130-MASA-260x185.jpg' width='260' height='185'  title=\"SAFARI\"  alt=\"SAFAR\u0130 MASA 260x185 SAFARI\" \/><\/a> <a href='https:\/\/burokuran.com.tr\/wp-content\/uploads\/2016\/01\/K\u00dcT\u00dcPHANE-4.jpg' data-rel='gallery-2' data-prev-img='https:\/\/burokuran.com.tr\/wp-content\/uploads\/2016\/01\/K\u00dcT\u00dcPHANE-4.jpg' class='lightbox ' data-onclick='3' title='SF004'  itemprop=\"thumbnailUrl\" ><img data-avia-tooltip='SF004' src='https:\/\/burokuran.com.tr\/wp-content\/uploads\/2016\/01\/K\u00dcT\u00dcPHANE-4-260x185.jpg' width='260' height='185'  title=\"SAFARI\"  alt=\"K\u00dcT\u00dcPHANE 4 260x185 SAFARI\" \/><\/a> <a href='https:\/\/burokuran.com.tr\/wp-content\/uploads\/2016\/01\/5.jpg' data-rel='gallery-2' data-prev-img='https:\/\/burokuran.com.tr\/wp-content\/uploads\/2016\/01\/5-495x400.jpg' class='lightbox ' data-onclick='4' title='SP001'  itemprop=\"thumbnailUrl\" ><img data-avia-tooltip='SP001' src='https:\/\/burokuran.com.tr\/wp-content\/uploads\/2016\/01\/5-260x185.jpg' width='260' height='185'  title=\"SAFARI\"  alt=\"5 260x185 SAFARI\" \/><\/a> <a href='https:\/\/burokuran.com.tr\/wp-content\/uploads\/2016\/01\/3-7.jpg' data-rel='gallery-2' data-prev-img='https:\/\/burokuran.com.tr\/wp-content\/uploads\/2016\/01\/3-7-436x400.jpg' class='lightbox ' data-onclick='5' title='KS001'  itemprop=\"thumbnailUrl\" ><img data-avia-tooltip='KS001' src='https:\/\/burokuran.com.tr\/wp-content\/uploads\/2016\/01\/3-7-260x185.jpg' width='260' height='185'  title=\"SAFARI\"  alt=\"3 7 260x185 SAFARI\" \/><\/a><\/div><\/div><br \/>\n<div style='padding-bottom:10px; ' class='av-special-heading av-special-heading-h3     '><h3 class='av-special-heading-tag '  itemprop=\"headline\"  >Colour options<\/h3><div class='special-heading-border'><div class='special-heading-inner-border' ><\/div><\/div><\/div><br \/>\n<div class='avia-gallery  avia-gallery-3 avia_lazyload avia_animate_when_visible '  itemprop=\"ImageObject\" itemscope=\"itemscope\" itemtype=\"https:\/\/schema.org\/ImageObject\" ><div class='avia-gallery-thumb'> <a href='https:\/\/burokuran.com.tr\/wp-content\/uploads\/2018\/09\/hareli-ceviz-nsxf61rqqc-1030x687.jpg' data-rel='gallery-3' data-prev-img='https:\/\/burokuran.com.tr\/wp-content\/uploads\/2018\/09\/hareli-ceviz-nsxf61rqqc-495x400.jpg' class='first_thumb lightbox ' data-onclick='1' title='METAL\u0130K CEV\u0130Z'  itemprop=\"thumbnailUrl\" ><img data-avia-tooltip='METAL\u0130K CEV\u0130Z' src='https:\/\/burokuran.com.tr\/wp-content\/uploads\/2018\/09\/hareli-ceviz-nsxf61rqqc-260x185.jpg' width='260' height='185'  title=\"SAFARI\"  alt=\"hareli ceviz nsxf61rqqc 260x185 SAFARI\" \/><\/a> <a href='https:\/\/burokuran.com.tr\/wp-content\/uploads\/2018\/09\/SAF\u0130R-ME\u015eE-1.jpg' data-rel='gallery-3' data-prev-img='https:\/\/burokuran.com.tr\/wp-content\/uploads\/2018\/09\/SAF\u0130R-ME\u015eE-1-495x400.jpg' class='lightbox ' data-onclick='2' title='MAT SAF\u0130R ME\u015eE'  itemprop=\"thumbnailUrl\" ><img data-avia-tooltip='MAT SAF\u0130R ME\u015eE' src='https:\/\/burokuran.com.tr\/wp-content\/uploads\/2018\/09\/SAF\u0130R-ME\u015eE-1-260x185.jpg' width='260' height='185'  title=\"SAFARI\"  alt=\"SAF\u0130R ME\u015eE 1 260x185 SAFARI\" \/><\/a> <a href='https:\/\/burokuran.com.tr\/wp-content\/uploads\/2016\/01\/1abanoz.jpg' data-rel='gallery-3' data-prev-img='https:\/\/burokuran.com.tr\/wp-content\/uploads\/2016\/01\/1abanoz-355x400.jpg' class='lightbox ' data-onclick='3' title='MAT ABANOZ'  itemprop=\"thumbnailUrl\" ><img data-avia-tooltip='MAT ABANOZ' src='https:\/\/burokuran.com.tr\/wp-content\/uploads\/2016\/01\/1abanoz-260x185.jpg' width='260' height='185'  title=\"SAFARI\"  alt=\"1abanoz 260x185 SAFARI\" \/><\/a> <a href='https:\/\/burokuran.com.tr\/wp-content\/uploads\/2016\/01\/siyah-boya.jpg' data-rel='gallery-3' data-prev-img='https:\/\/burokuran.com.tr\/wp-content\/uploads\/2016\/01\/siyah-boya-495x400.jpg' class='lightbox ' data-onclick='4' title='BLACK LEATHER'  itemprop=\"thumbnailUrl\" ><img data-avia-tooltip='BLACK LEATHER' src='https:\/\/burokuran.com.tr\/wp-content\/uploads\/2016\/01\/siyah-boya-260x185.jpg' width='260' height='185'  title=\"SAFARI\"  alt=\"siyah boya 260x185 SAFARI\" \/><\/a><\/div><\/div><\/p><\/div><\/p>\n","protected":false},"excerpt":{"rendered":"","protected":false},"author":1,"featured_media":0,"parent":3160,"menu_order":0,"comment_status":"closed","ping_status":"closed","template":"","meta":{"footnotes":""},"class_list":["post-3266","page","type-page","status-publish","hentry"],"aioseo_notices":[],"_links":{"self":[{"href":"https:\/\/burokuran.com.tr\/en\/wp-json\/wp\/v2\/pages\/3266","targetHints":{"allow":["GET"]}}],"collection":[{"href":"https:\/\/burokuran.com.tr\/en\/wp-json\/wp\/v2\/pages"}],"about":[{"href":"https:\/\/burokuran.com.tr\/en\/wp-json\/wp\/v2\/types\/page"}],"author":[{"embeddable":true,"href":"https:\/\/burokuran.com.tr\/en\/wp-json\/wp\/v2\/users\/1"}],"replies":[{"embeddable":true,"href":"https:\/\/burokuran.com.tr\/en\/wp-json\/wp\/v2\/comments?post=3266"}],"version-history":[{"count":0,"href":"https:\/\/burokuran.com.tr\/en\/wp-json\/wp\/v2\/pages\/3266\/revisions"}],"up":[{"embeddable":true,"href":"https:\/\/burokuran.com.tr\/en\/wp-json\/wp\/v2\/pages\/3160"}],"wp:attachment":[{"href":"https:\/\/burokuran.com.tr\/en\/wp-json\/wp\/v2\/media?parent=3266"}],"curies":[{"name":"wp","href":"https:\/\/api.w.org\/{rel}","templated":true}]}}