{"id":3412,"date":"2016-06-09T18:27:33","date_gmt":"2016-06-09T15:27:33","guid":{"rendered":"http:\/\/burokuran.com.tr\/?page_id=3412&#038;lang=en"},"modified":"2016-06-09T18:28:00","modified_gmt":"2016-06-09T15:28:00","slug":"arya-toplanti","status":"publish","type":"page","link":"https:\/\/burokuran.com.tr\/en\/our-products\/suntalem-guruplari\/toplanti\/arya-toplanti\/","title":{"rendered":"ARYA MEET\u0130NG"},"content":{"rendered":"<div class=\"flex_column av_one_fourth  flex_column_div av-zero-column-padding first  \" style='border-radius:0px; '><div class='avia-builder-widget-area clearfix '><div id=\"nav_menu-26\" class=\"widget clearfix widget_nav_menu\"><div class=\"menu-meeting-groups-ingilizce-container\"><ul id=\"menu-meeting-groups-ingilizce\" class=\"menu\"><li id=\"menu-item-54623\" class=\"menu-item menu-item-type-post_type menu-item-object-page menu-item-54623\"><a href=\"https:\/\/burokuran.com.tr\/en\/our-products\/suntalem-guruplari\/\">CHIPBOARD GROUPS<\/a><\/li>\n<li id=\"menu-item-3883\" class=\"menu-item menu-item-type-post_type menu-item-object-page menu-item-has-children menu-item-3883\"><a href=\"https:\/\/burokuran.com.tr\/en\/our-products\/suntalem-guruplari\/toplanti\/\">MEETING<\/a>\n<ul class=\"sub-menu\">\n\t<li id=\"menu-item-3882\" class=\"menu-item menu-item-type-post_type menu-item-object-page menu-item-3882\"><a href=\"https:\/\/burokuran.com.tr\/en\/our-products\/suntalem-guruplari\/toplanti\/damla-meeting\/\">DAMLA MEET\u0130NG<\/a><\/li>\n\t<li id=\"menu-item-3880\" class=\"menu-item menu-item-type-post_type menu-item-object-page menu-item-3880\"><a href=\"https:\/\/burokuran.com.tr\/en\/our-products\/suntalem-guruplari\/toplanti\/piramit-meeting\/\">P\u0130RAM\u0130T MEET\u0130NG<\/a><\/li>\n\t<li id=\"menu-item-3881\" class=\"menu-item menu-item-type-post_type menu-item-object-page menu-item-3881\"><a href=\"https:\/\/burokuran.com.tr\/en\/our-products\/suntalem-guruplari\/toplanti\/mira-metting\/\">MIRA MEET\u0130NG<\/a><\/li>\n\t<li id=\"menu-item-3884\" class=\"menu-item menu-item-type-post_type menu-item-object-page menu-item-3884\"><a href=\"https:\/\/burokuran.com.tr\/en\/our-products\/suntalem-guruplari\/toplanti\/lion-meetingn\/\">LION MEET\u0130NG<\/a><\/li>\n\t<li id=\"menu-item-3885\" class=\"menu-item menu-item-type-post_type menu-item-object-page menu-item-3885\"><a href=\"https:\/\/burokuran.com.tr\/en\/our-products\/suntalem-guruplari\/toplanti\/sila-meeting\/\">SILA MEET\u0130NG<\/a><\/li>\n\t<li id=\"menu-item-3886\" class=\"menu-item menu-item-type-post_type menu-item-object-page menu-item-3886\"><a href=\"https:\/\/burokuran.com.tr\/en\/our-products\/suntalem-guruplari\/toplanti\/edo-oval-meeting\/\">EDO OVAL MEET\u0130NG<\/a><\/li>\n\t<li id=\"menu-item-3887\" class=\"menu-item menu-item-type-post_type menu-item-object-page menu-item-3887\"><a href=\"https:\/\/burokuran.com.tr\/en\/our-products\/suntalem-guruplari\/toplanti\/yuvarlak-meeting\/\">YUVARLAK MEET\u0130NG<\/a><\/li>\n\t<li id=\"menu-item-3888\" class=\"menu-item menu-item-type-post_type menu-item-object-page menu-item-3888\"><a href=\"https:\/\/burokuran.com.tr\/en\/our-products\/suntalem-guruplari\/toplanti\/trileg-spidy-toplanti\/\">TRILEG-SPIDY MEETING<\/a><\/li>\n\t<li id=\"menu-item-3891\" class=\"menu-item menu-item-type-post_type menu-item-object-page menu-item-3891\"><a href=\"https:\/\/burokuran.com.tr\/en\/our-products\/suntalem-guruplari\/toplanti\/arya-toplanti\/\">ARYA MEET\u0130NG<\/a><\/li>\n<\/ul>\n<\/li>\n<\/ul><\/div><\/div><\/div><\/div>\n<div class=\"flex_column av_one_half  flex_column_div av-zero-column-padding   \" style='border-radius:0px; '><div class='avia-gallery  avia-gallery-1 avia_lazyload avia_animate_when_visible '  itemprop=\"ImageObject\" itemscope=\"itemscope\" itemtype=\"https:\/\/schema.org\/ImageObject\" ><a class='avia-gallery-big fakeLightbox lightbox avia-gallery-big-crop-thumb ' href='https:\/\/burokuran.com.tr\/wp-content\/uploads\/2016\/01\/10063.jpg'  data-onclick='1' title='ARYA-1' ><span class='avia-gallery-big-inner'  itemprop=\"thumbnailUrl\" >\t<img width='495' height='400' src='https:\/\/burokuran.com.tr\/wp-content\/uploads\/2016\/01\/10063-495x400.jpg' title=\"ARYA MEET\u0130NG\"  alt=\"10063 495x400 ARYA MEET\u0130NG\" \/>\t<span class='avia-gallery-caption'>ARYA-1<\/span><\/span><\/a><div class='avia-gallery-thumb'> <a href='https:\/\/burokuran.com.tr\/wp-content\/uploads\/2016\/01\/10063.jpg' data-rel='gallery-1' data-prev-img='https:\/\/burokuran.com.tr\/wp-content\/uploads\/2016\/01\/10063-495x400.jpg' class='first_thumb lightbox ' data-onclick='1' title='ARYA-1'  itemprop=\"thumbnailUrl\" ><img data-avia-tooltip='ARYA-1' src='https:\/\/burokuran.com.tr\/wp-content\/uploads\/2016\/01\/10063-495x400.jpg' width='495' height='400'  title=\"ARYA MEET\u0130NG\"  alt=\"10063 495x400 ARYA MEET\u0130NG\" \/><\/a> <a href='https:\/\/burokuran.com.tr\/wp-content\/uploads\/2016\/01\/40063.jpg' data-rel='gallery-1' data-prev-img='https:\/\/burokuran.com.tr\/wp-content\/uploads\/2016\/01\/40063-495x400.jpg' class='lightbox ' data-onclick='2' title='ARYA-2'  itemprop=\"thumbnailUrl\" ><img data-avia-tooltip='ARYA-2' src='https:\/\/burokuran.com.tr\/wp-content\/uploads\/2016\/01\/40063-495x400.jpg' width='495' height='400'  title=\"ARYA MEET\u0130NG\"  alt=\"40063 495x400 ARYA MEET\u0130NG\" \/><\/a><\/div><\/div><\/div>\n<div class=\"flex_column av_one_fourth  flex_column_div av-zero-column-padding   \" style='border-radius:0px; '><p><div style='padding-bottom:10px; ' class='av-special-heading av-special-heading-h3    '><h3 class='av-special-heading-tag '  itemprop=\"headline\"  >Product description<\/h3><div class='special-heading-border'><div class='special-heading-inner-border' ><\/div><\/div><\/div><br \/>\n<section class=\"av_textblock_section \"  itemscope=\"itemscope\" itemtype=\"https:\/\/schema.org\/CreativeWork\" ><div class='avia_textblock  '   itemprop=\"text\" ><p>Arya\u00a0MEET\u0130NG TABLE<\/p>\n<\/div><\/section><br \/>\n<div style='padding-bottom:10px; ' class='av-special-heading av-special-heading-h3    '><h3 class='av-special-heading-tag '  itemprop=\"headline\"  >Tecknical Drawings<\/h3><div class='special-heading-border'><div class='special-heading-inner-border' ><\/div><\/div><\/div><br \/>\n<div class='avia-gallery  avia-gallery-2 avia_lazyload avia_animate_when_visible '  itemprop=\"ImageObject\" itemscope=\"itemscope\" itemtype=\"https:\/\/schema.org\/ImageObject\" ><div class='avia-gallery-thumb'> <a href='https:\/\/burokuran.com.tr\/wp-content\/uploads\/2016\/01\/A.T-001.jpg' data-rel='gallery-2' data-prev-img='https:\/\/burokuran.com.tr\/wp-content\/uploads\/2016\/01\/A.T-001-495x400.jpg' class='first_thumb lightbox ' data-onclick='1' title='ARY -1'  itemprop=\"thumbnailUrl\" ><img data-avia-tooltip='ARY -1' src='https:\/\/burokuran.com.tr\/wp-content\/uploads\/2016\/01\/A.T-001-260x185.jpg' width='260' height='185'  title=\"ARYA MEET\u0130NG\"  alt=\"A.T 001 260x185 ARYA MEET\u0130NG\" \/><\/a><\/div><\/div><br \/>\n<div style='padding-bottom:10px; ' class='av-special-heading av-special-heading-h3    '><h3 class='av-special-heading-tag '  itemprop=\"headline\"  >Colour options<\/h3><div class='special-heading-border'><div class='special-heading-inner-border' ><\/div><\/div><\/div><br \/>\n<div class='avia-gallery  avia-gallery-3 avia_lazyload avia_animate_when_visible '  itemprop=\"ImageObject\" itemscope=\"itemscope\" itemtype=\"https:\/\/schema.org\/ImageObject\" ><div class='avia-gallery-thumb'> <a href='https:\/\/burokuran.com.tr\/wp-content\/uploads\/2016\/01\/1ab35d014d7645a2902adcc777b857ba_a364.jpg' data-rel='gallery-3' data-prev-img='https:\/\/burokuran.com.tr\/wp-content\/uploads\/2016\/01\/1ab35d014d7645a2902adcc777b857ba_a364-400x400.jpg' class='first_thumb lightbox ' data-onclick='1' title='MARBELLA K\u0130RAZ'  itemprop=\"thumbnailUrl\" ><img data-avia-tooltip='MARBELLA K\u0130RAZ' src='https:\/\/burokuran.com.tr\/wp-content\/uploads\/2016\/01\/1ab35d014d7645a2902adcc777b857ba_a364-260x185.jpg' width='260' height='185'  title=\"ARYA MEET\u0130NG\"  alt=\"1ab35d014d7645a2902adcc777b857ba a364 260x185 ARYA MEET\u0130NG\" \/><\/a> <a href='https:\/\/burokuran.com.tr\/wp-content\/uploads\/2016\/01\/0427596762831001A-377-elma.jpg' data-rel='gallery-3' data-prev-img='https:\/\/burokuran.com.tr\/wp-content\/uploads\/2016\/01\/0427596762831001A-377-elma-349x400.jpg' class='lightbox ' data-onclick='2' title='ELMA'  itemprop=\"thumbnailUrl\" ><img data-avia-tooltip='ELMA' src='https:\/\/burokuran.com.tr\/wp-content\/uploads\/2016\/01\/0427596762831001A-377-elma-260x185.jpg' width='260' height='185'  title=\"ARYA MEET\u0130NG\"  alt=\"0427596762831001A 377 elma 260x185 ARYA MEET\u0130NG\" \/><\/a> <a href='https:\/\/burokuran.com.tr\/wp-content\/uploads\/2016\/01\/A-362-Afrika-ceviz.jpg' data-rel='gallery-3' data-prev-img='https:\/\/burokuran.com.tr\/wp-content\/uploads\/2016\/01\/A-362-Afrika-ceviz-349x400.jpg' class='lightbox ' data-onclick='3' title='AFR\u0130KA CEV\u0130Z\u0130'  itemprop=\"thumbnailUrl\" ><img data-avia-tooltip='AFR\u0130KA CEV\u0130Z\u0130' src='https:\/\/burokuran.com.tr\/wp-content\/uploads\/2016\/01\/A-362-Afrika-ceviz-260x185.jpg' width='260' height='185'  title=\"ARYA MEET\u0130NG\"  alt=\"A 362 Afrika ceviz 260x185 ARYA MEET\u0130NG\" \/><\/a> <a href='https:\/\/burokuran.com.tr\/wp-content\/uploads\/2016\/01\/1abanoz.jpg' data-rel='gallery-3' data-prev-img='https:\/\/burokuran.com.tr\/wp-content\/uploads\/2016\/01\/1abanoz-355x400.jpg' class='lightbox ' data-onclick='4' title='MAT ABANOZ'  itemprop=\"thumbnailUrl\" ><img data-avia-tooltip='MAT ABANOZ' src='https:\/\/burokuran.com.tr\/wp-content\/uploads\/2016\/01\/1abanoz-260x185.jpg' width='260' height='185'  title=\"ARYA MEET\u0130NG\"  alt=\"1abanoz 260x185 ARYA MEET\u0130NG\" \/><\/a> <a href='https:\/\/burokuran.com.tr\/wp-content\/uploads\/2016\/01\/2338_1.jpg' data-rel='gallery-3' data-prev-img='https:\/\/burokuran.com.tr\/wp-content\/uploads\/2016\/01\/2338_1-495x400.jpg' class='lightbox ' data-onclick='5' title='BEYAZ SUNTALEM'  itemprop=\"thumbnailUrl\" ><img data-avia-tooltip='BEYAZ SUNTALEM' src='https:\/\/burokuran.com.tr\/wp-content\/uploads\/2016\/01\/2338_1-260x185.jpg' width='260' height='185'  title=\"ARYA MEET\u0130NG\"  alt=\"2338 1 260x185 ARYA MEET\u0130NG\" \/><\/a> <a href='https:\/\/burokuran.com.tr\/wp-content\/uploads\/2016\/01\/elma.jpg' data-rel='gallery-3' data-prev-img='https:\/\/burokuran.com.tr\/wp-content\/uploads\/2016\/01\/elma-349x400.jpg' class='first_thumb lightbox ' data-onclick='6' title='ELMA KAPLAMA'  itemprop=\"thumbnailUrl\" ><img data-avia-tooltip='ELMA KAPLAMA' src='https:\/\/burokuran.com.tr\/wp-content\/uploads\/2016\/01\/elma-260x185.jpg' width='260' height='185'  title=\"ARYA MEET\u0130NG\"  alt=\"elma 260x185 ARYA MEET\u0130NG\" \/><\/a><\/div><\/div><\/p><\/div>\n","protected":false},"excerpt":{"rendered":"","protected":false},"author":1,"featured_media":0,"parent":3415,"menu_order":0,"comment_status":"closed","ping_status":"closed","template":"","meta":{"footnotes":""},"class_list":["post-3412","page","type-page","status-publish","hentry"],"aioseo_notices":[],"_links":{"self":[{"href":"https:\/\/burokuran.com.tr\/en\/wp-json\/wp\/v2\/pages\/3412","targetHints":{"allow":["GET"]}}],"collection":[{"href":"https:\/\/burokuran.com.tr\/en\/wp-json\/wp\/v2\/pages"}],"about":[{"href":"https:\/\/burokuran.com.tr\/en\/wp-json\/wp\/v2\/types\/page"}],"author":[{"embeddable":true,"href":"https:\/\/burokuran.com.tr\/en\/wp-json\/wp\/v2\/users\/1"}],"replies":[{"embeddable":true,"href":"https:\/\/burokuran.com.tr\/en\/wp-json\/wp\/v2\/comments?post=3412"}],"version-history":[{"count":0,"href":"https:\/\/burokuran.com.tr\/en\/wp-json\/wp\/v2\/pages\/3412\/revisions"}],"up":[{"embeddable":true,"href":"https:\/\/burokuran.com.tr\/en\/wp-json\/wp\/v2\/pages\/3415"}],"wp:attachment":[{"href":"https:\/\/burokuran.com.tr\/en\/wp-json\/wp\/v2\/media?parent=3412"}],"curies":[{"name":"wp","href":"https:\/\/api.w.org\/{rel}","templated":true}]}}