{"id":3415,"date":"2016-06-09T18:25:59","date_gmt":"2016-06-09T15:25:59","guid":{"rendered":"http:\/\/burokuran.com.tr\/?page_id=3415&#038;lang=en"},"modified":"2018-10-03T09:15:22","modified_gmt":"2018-10-03T06:15:22","slug":"toplanti","status":"publish","type":"page","link":"https:\/\/burokuran.com.tr\/en\/our-products\/suntalem-guruplari\/toplanti\/","title":{"rendered":"MEETING"},"content":{"rendered":"<div class=\"flex_column av_one_fourth  flex_column_div av-zero-column-padding first  \" style='border-radius:0px; '><div class='avia-builder-widget-area clearfix '><div id=\"nav_menu-26\" class=\"widget clearfix widget_nav_menu\"><div class=\"menu-meeting-groups-ingilizce-container\"><ul id=\"menu-meeting-groups-ingilizce\" class=\"menu\"><li id=\"menu-item-54623\" class=\"menu-item menu-item-type-post_type menu-item-object-page menu-item-54623\"><a href=\"https:\/\/burokuran.com.tr\/en\/our-products\/suntalem-guruplari\/\">CHIPBOARD GROUPS<\/a><\/li>\n<li id=\"menu-item-3883\" class=\"menu-item menu-item-type-post_type menu-item-object-page menu-item-has-children menu-item-3883\"><a href=\"https:\/\/burokuran.com.tr\/en\/our-products\/suntalem-guruplari\/toplanti\/\">MEETING<\/a>\n<ul class=\"sub-menu\">\n\t<li id=\"menu-item-3882\" class=\"menu-item menu-item-type-post_type menu-item-object-page menu-item-3882\"><a href=\"https:\/\/burokuran.com.tr\/en\/our-products\/suntalem-guruplari\/toplanti\/damla-meeting\/\">DAMLA MEET\u0130NG<\/a><\/li>\n\t<li id=\"menu-item-3880\" class=\"menu-item menu-item-type-post_type menu-item-object-page menu-item-3880\"><a href=\"https:\/\/burokuran.com.tr\/en\/our-products\/suntalem-guruplari\/toplanti\/piramit-meeting\/\">P\u0130RAM\u0130T MEET\u0130NG<\/a><\/li>\n\t<li id=\"menu-item-3881\" class=\"menu-item menu-item-type-post_type menu-item-object-page menu-item-3881\"><a href=\"https:\/\/burokuran.com.tr\/en\/our-products\/suntalem-guruplari\/toplanti\/mira-metting\/\">MIRA MEET\u0130NG<\/a><\/li>\n\t<li id=\"menu-item-3884\" class=\"menu-item menu-item-type-post_type menu-item-object-page menu-item-3884\"><a href=\"https:\/\/burokuran.com.tr\/en\/our-products\/suntalem-guruplari\/toplanti\/lion-meetingn\/\">LION MEET\u0130NG<\/a><\/li>\n\t<li id=\"menu-item-3885\" class=\"menu-item menu-item-type-post_type menu-item-object-page menu-item-3885\"><a href=\"https:\/\/burokuran.com.tr\/en\/our-products\/suntalem-guruplari\/toplanti\/sila-meeting\/\">SILA MEET\u0130NG<\/a><\/li>\n\t<li id=\"menu-item-3886\" class=\"menu-item menu-item-type-post_type menu-item-object-page menu-item-3886\"><a href=\"https:\/\/burokuran.com.tr\/en\/our-products\/suntalem-guruplari\/toplanti\/edo-oval-meeting\/\">EDO OVAL MEET\u0130NG<\/a><\/li>\n\t<li id=\"menu-item-3887\" class=\"menu-item menu-item-type-post_type menu-item-object-page menu-item-3887\"><a href=\"https:\/\/burokuran.com.tr\/en\/our-products\/suntalem-guruplari\/toplanti\/yuvarlak-meeting\/\">YUVARLAK MEET\u0130NG<\/a><\/li>\n\t<li id=\"menu-item-3888\" class=\"menu-item menu-item-type-post_type menu-item-object-page menu-item-3888\"><a href=\"https:\/\/burokuran.com.tr\/en\/our-products\/suntalem-guruplari\/toplanti\/trileg-spidy-toplanti\/\">TRILEG-SPIDY MEETING<\/a><\/li>\n\t<li id=\"menu-item-3891\" class=\"menu-item menu-item-type-post_type menu-item-object-page menu-item-3891\"><a href=\"https:\/\/burokuran.com.tr\/en\/our-products\/suntalem-guruplari\/toplanti\/arya-toplanti\/\">ARYA MEET\u0130NG<\/a><\/li>\n<\/ul>\n<\/li>\n<\/ul><\/div><\/div><\/div><\/div>\n<div class=\"flex_column av_three_fourth  flex_column_div av-zero-column-padding   \" style='border-radius:0px; '><p><div class='avia-image-container avia_animated_image avia_animate_when_almost_visible pop-up av-styling- av-hover-grow noHover  av-overlay-on-hover   avia-align-center '  itemprop=\"ImageObject\" itemscope=\"itemscope\" itemtype=\"https:\/\/schema.org\/ImageObject\"  ><div class='avia-image-container-inner'><div class='avia-image-overlay-wrap'><a href='https:\/\/burokuran.com.tr\/en\/our-products\/suntalem-guruplari\/toplanti\/damla-meeting\/' class='avia_image'  ><div class='av-image-caption-overlay'><div class='av-caption-image-overlay-bg' style='opacity:0.4; background-color:#000000; '><\/div><div class='av-image-caption-overlay-position'><div class='av-image-caption-overlay-center' style='color:#ffffff; '><p>DAMLA | MEETING-GROUP<\/p>\n<\/div><\/div><\/div><img class='avia_image ' src='https:\/\/burokuran.com.tr\/wp-content\/uploads\/2016\/01\/DAMLA-KAPAK-1.jpg' title=\"MEETING\" itemprop=\"thumbnailUrl\" alt=\"DAMLA KAPAK 1 MEETING\" \/><\/a><\/div><\/div><\/div><br \/>\n<div class='avia-image-container avia_animated_image avia_animate_when_almost_visible pop-up av-styling- av-hover-grow noHover  av-overlay-on-hover   avia-align-center '  itemprop=\"ImageObject\" itemscope=\"itemscope\" itemtype=\"https:\/\/schema.org\/ImageObject\"  ><div class='avia-image-container-inner'><div class='avia-image-overlay-wrap'><a href='https:\/\/burokuran.com.tr\/en\/our-products\/suntalem-guruplari\/toplanti\/piramit-meeting\/' class='avia_image'  ><div class='av-image-caption-overlay'><div class='av-caption-image-overlay-bg' style='opacity:0.4; background-color:#000000; '><\/div><div class='av-image-caption-overlay-position'><div class='av-image-caption-overlay-center' style='color:#ffffff; '><p>PIRAMIT | MEETING-GROUP<\/p>\n<\/div><\/div><\/div><img class='avia_image ' src='https:\/\/burokuran.com.tr\/wp-content\/uploads\/2018\/10\/5-1.jpg' title=\"MEETING\" itemprop=\"thumbnailUrl\" alt=\"5 1 MEETING\" \/><\/a><\/div><\/div><\/div><br \/>\n<div class='avia-image-container avia_animated_image avia_animate_when_almost_visible pop-up av-styling- av-hover-grow noHover  av-overlay-on-hover   avia-align-center '  itemprop=\"ImageObject\" itemscope=\"itemscope\" itemtype=\"https:\/\/schema.org\/ImageObject\"  ><div class='avia-image-container-inner'><div class='avia-image-overlay-wrap'><a href='https:\/\/burokuran.com.tr\/en\/our-products\/suntalem-guruplari\/toplanti\/mira-metting\/' class='avia_image'  ><div class='av-image-caption-overlay'><div class='av-caption-image-overlay-bg' style='opacity:0.4; background-color:#000000; '><\/div><div class='av-image-caption-overlay-position'><div class='av-image-caption-overlay-center' style='color:#ffffff; '><p>MIRA | MEETING-GROUP<\/p>\n<\/div><\/div><\/div><img class='avia_image ' src='https:\/\/burokuran.com.tr\/wp-content\/uploads\/2018\/10\/MAKAM-KAPAK-1-kopya-3-1.jpg' title=\"MEETING\" itemprop=\"thumbnailUrl\" alt=\"MAKAM KAPAK 1 kopya 3 1 MEETING\" \/><\/a><\/div><\/div><\/div><br \/>\n<div class='avia-image-container avia_animated_image avia_animate_when_almost_visible pop-up av-styling- av-hover-grow noHover  av-overlay-on-hover   avia-align-center '  itemprop=\"ImageObject\" itemscope=\"itemscope\" itemtype=\"https:\/\/schema.org\/ImageObject\"  ><div class='avia-image-container-inner'><div class='avia-image-overlay-wrap'><a href='https:\/\/burokuran.com.tr\/en\/our-products\/suntalem-guruplari\/toplanti\/lion-meetingn\/' class='avia_image'  ><div class='av-image-caption-overlay'><div class='av-caption-image-overlay-bg' style='opacity:0.4; background-color:#000000; '><\/div><div class='av-image-caption-overlay-position'><div class='av-image-caption-overlay-center' style='color:#ffffff; '><p>LION | MEETING-GROUP<\/p>\n<\/div><\/div><\/div><img class='avia_image ' src='https:\/\/burokuran.com.tr\/wp-content\/uploads\/2018\/10\/55.jpg' title=\"MEETING\" itemprop=\"thumbnailUrl\" alt=\"55 MEETING\" \/><\/a><\/div><\/div><\/div><br \/>\n<div class='avia-image-container avia_animated_image avia_animate_when_almost_visible pop-up av-styling- av-hover-grow noHover  av-overlay-on-hover   avia-align-center '  itemprop=\"ImageObject\" itemscope=\"itemscope\" itemtype=\"https:\/\/schema.org\/ImageObject\"  ><div class='avia-image-container-inner'><div class='avia-image-overlay-wrap'><a href='https:\/\/burokuran.com.tr\/en\/our-products\/suntalem-guruplari\/toplanti\/sila-meeting\/' class='avia_image'  ><div class='av-image-caption-overlay'><div class='av-caption-image-overlay-bg' style='opacity:0.4; background-color:#000000; '><\/div><div class='av-image-caption-overlay-position'><div class='av-image-caption-overlay-center' style='color:#ffffff; '><p>SILA | MEETING-GROUP<\/p>\n<\/div><\/div><\/div><img class='avia_image ' src='https:\/\/burokuran.com.tr\/wp-content\/uploads\/2018\/10\/5.jpg' title=\"MEETING\" itemprop=\"thumbnailUrl\" alt=\"5 MEETING\" \/><\/a><\/div><\/div><\/div><br \/>\n<div class='avia-image-container avia_animated_image avia_animate_when_almost_visible pop-up av-styling- av-hover-grow noHover  av-overlay-on-hover   avia-align-center '  itemprop=\"ImageObject\" itemscope=\"itemscope\" itemtype=\"https:\/\/schema.org\/ImageObject\"  ><div class='avia-image-container-inner'><div class='avia-image-overlay-wrap'><a href='https:\/\/burokuran.com.tr\/en\/our-products\/suntalem-guruplari\/toplanti\/edo-oval-meeting\/' class='avia_image'  ><div class='av-image-caption-overlay'><div class='av-caption-image-overlay-bg' style='opacity:0.4; background-color:#000000; '><\/div><div class='av-image-caption-overlay-position'><div class='av-image-caption-overlay-center' style='color:#ffffff; '><p>EDO-OVAL | MEETING-GROUP<\/p>\n<\/div><\/div><\/div><img class='avia_image ' src='https:\/\/burokuran.com.tr\/wp-content\/uploads\/2018\/10\/4.jpg' title=\"MEETING\" itemprop=\"thumbnailUrl\" alt=\"4 MEETING\" \/><\/a><\/div><\/div><\/div><br \/>\n<div class='avia-image-container avia_animated_image avia_animate_when_almost_visible pop-up av-styling- av-hover-grow noHover  av-overlay-on-hover   avia-align-center '  itemprop=\"ImageObject\" itemscope=\"itemscope\" itemtype=\"https:\/\/schema.org\/ImageObject\"  ><div class='avia-image-container-inner'><div class='avia-image-overlay-wrap'><a href='https:\/\/burokuran.com.tr\/en\/our-products\/wood-groups\/lukens\/0314-2\/' class='avia_image'  ><div class='av-image-caption-overlay'><div class='av-caption-image-overlay-bg' style='opacity:0.4; background-color:#000000; '><\/div><div class='av-image-caption-overlay-position'><div class='av-image-caption-overlay-center' style='color:#ffffff; '><p>YUVARLAK | MEETING-GROUP<\/p>\n<\/div><\/div><\/div><img class='avia_image ' src='https:\/\/burokuran.com.tr\/wp-content\/uploads\/2018\/10\/4.jpg' title=\"MEETING\" itemprop=\"thumbnailUrl\" alt=\"4 MEETING\" \/><\/a><\/div><\/div><\/div><br \/>\n<div class='avia-image-container avia_animated_image avia_animate_when_almost_visible pop-up av-styling- av-hover-grow noHover  av-overlay-on-hover   avia-align-center '  itemprop=\"ImageObject\" itemscope=\"itemscope\" itemtype=\"https:\/\/schema.org\/ImageObject\"  ><div class='avia-image-container-inner'><div class='avia-image-overlay-wrap'><a href='https:\/\/burokuran.com.tr\/en\/our-products\/suntalem-guruplari\/toplanti\/yuvarlak-meeting\/' class='avia_image'  ><div class='av-image-caption-overlay'><div class='av-caption-image-overlay-bg' style='opacity:0.4; background-color:#000000; '><\/div><div class='av-image-caption-overlay-position'><div class='av-image-caption-overlay-center' style='color:#ffffff; '><p>TRIGLE-SPIDY | MEETING-GROUP<\/p>\n<\/div><\/div><\/div><img class='avia_image ' src='https:\/\/burokuran.com.tr\/wp-content\/uploads\/2018\/10\/4-1.jpg' title=\"MEETING\" itemprop=\"thumbnailUrl\" alt=\"4 1 MEETING\" \/><\/a><\/div><\/div><\/div><br \/>\n<div class='avia-image-container avia_animated_image avia_animate_when_almost_visible pop-up av-styling- av-hover-grow noHover  av-overlay-on-hover   avia-align-center '  itemprop=\"ImageObject\" itemscope=\"itemscope\" itemtype=\"https:\/\/schema.org\/ImageObject\"  ><div class='avia-image-container-inner'><div class='avia-image-overlay-wrap'><a href='https:\/\/burokuran.com.tr\/en\/our-products\/suntalem-guruplari\/toplanti\/trileg-spidy-toplanti\/' class='avia_image'  ><div class='av-image-caption-overlay'><div class='av-caption-image-overlay-bg' style='opacity:0.4; background-color:#000000; '><\/div><div class='av-image-caption-overlay-position'><div class='av-image-caption-overlay-center' style='color:#ffffff; '><p>TRIGLE-SPIDY | MEETING-GROUP<\/p>\n<\/div><\/div><\/div><img class='avia_image ' src='https:\/\/burokuran.com.tr\/wp-content\/uploads\/2016\/01\/TRILEG-SPIDY-KAPAK.jpg' title=\"MEETING\" itemprop=\"thumbnailUrl\" alt=\"TRILEG SPIDY KAPAK MEETING\" \/><\/a><\/div><\/div><\/div><br \/>\n<div class='avia-image-container avia_animated_image avia_animate_when_almost_visible pop-up av-styling- av-hover-grow noHover  av-overlay-on-hover   avia-align-center '  itemprop=\"ImageObject\" itemscope=\"itemscope\" itemtype=\"https:\/\/schema.org\/ImageObject\"  ><div class='avia-image-container-inner'><div class='avia-image-overlay-wrap'><a href='https:\/\/burokuran.com.tr\/en\/our-products\/suntalem-guruplari\/toplanti\/arya-toplanti\/' class='avia_image'  ><div class='av-image-caption-overlay'><div class='av-caption-image-overlay-bg' style='opacity:0.4; background-color:#000000; '><\/div><div class='av-image-caption-overlay-position'><div class='av-image-caption-overlay-center' style='color:#ffffff; '><p>ARYA-ELIPS | MEETING-GROUP<\/p>\n<\/div><\/div><\/div><img class='avia_image ' src='https:\/\/burokuran.com.tr\/wp-content\/uploads\/2016\/01\/ARYA-ELIPS-KAPAK.jpg' title=\"MEETING\" itemprop=\"thumbnailUrl\" alt=\"ARYA ELIPS KAPAK MEETING\" \/><\/a><\/div><\/div><\/div><\/p><\/div>\n","protected":false},"excerpt":{"rendered":"","protected":false},"author":1,"featured_media":0,"parent":2983,"menu_order":0,"comment_status":"closed","ping_status":"closed","template":"","meta":{"footnotes":""},"class_list":["post-3415","page","type-page","status-publish","hentry"],"aioseo_notices":[],"_links":{"self":[{"href":"https:\/\/burokuran.com.tr\/en\/wp-json\/wp\/v2\/pages\/3415","targetHints":{"allow":["GET"]}}],"collection":[{"href":"https:\/\/burokuran.com.tr\/en\/wp-json\/wp\/v2\/pages"}],"about":[{"href":"https:\/\/burokuran.com.tr\/en\/wp-json\/wp\/v2\/types\/page"}],"author":[{"embeddable":true,"href":"https:\/\/burokuran.com.tr\/en\/wp-json\/wp\/v2\/users\/1"}],"replies":[{"embeddable":true,"href":"https:\/\/burokuran.com.tr\/en\/wp-json\/wp\/v2\/comments?post=3415"}],"version-history":[{"count":0,"href":"https:\/\/burokuran.com.tr\/en\/wp-json\/wp\/v2\/pages\/3415\/revisions"}],"up":[{"embeddable":true,"href":"https:\/\/burokuran.com.tr\/en\/wp-json\/wp\/v2\/pages\/2983"}],"wp:attachment":[{"href":"https:\/\/burokuran.com.tr\/en\/wp-json\/wp\/v2\/media?parent=3415"}],"curies":[{"name":"wp","href":"https:\/\/api.w.org\/{rel}","templated":true}]}}