{"id":3417,"date":"2016-06-09T18:32:50","date_gmt":"2016-06-09T15:32:50","guid":{"rendered":"http:\/\/burokuran.com.tr\/?page_id=3417&#038;lang=en"},"modified":"2016-06-09T18:33:27","modified_gmt":"2016-06-09T15:33:27","slug":"elips-toplanti","status":"publish","type":"page","link":"https:\/\/burokuran.com.tr\/en\/our-products\/suntalem-guruplari\/toplanti\/elips-toplanti\/","title":{"rendered":"EL\u0130PS MEET\u0130NG"},"content":{"rendered":"<div class=\"flex_column av_one_fourth  flex_column_div av-zero-column-padding first  \" style='border-radius:0px; '><div class='avia-builder-widget-area clearfix '><div id=\"nav_menu-26\" class=\"widget clearfix widget_nav_menu\"><div class=\"menu-meeting-groups-ingilizce-container\"><ul id=\"menu-meeting-groups-ingilizce\" class=\"menu\"><li id=\"menu-item-54623\" class=\"menu-item menu-item-type-post_type menu-item-object-page menu-item-54623\"><a href=\"https:\/\/burokuran.com.tr\/en\/our-products\/suntalem-guruplari\/\">CHIPBOARD GROUPS<\/a><\/li>\n<li id=\"menu-item-3883\" class=\"menu-item menu-item-type-post_type menu-item-object-page menu-item-has-children menu-item-3883\"><a href=\"https:\/\/burokuran.com.tr\/en\/our-products\/suntalem-guruplari\/toplanti\/\">MEETING<\/a>\n<ul class=\"sub-menu\">\n\t<li id=\"menu-item-3882\" class=\"menu-item menu-item-type-post_type menu-item-object-page menu-item-3882\"><a href=\"https:\/\/burokuran.com.tr\/en\/our-products\/suntalem-guruplari\/toplanti\/damla-meeting\/\">DAMLA MEET\u0130NG<\/a><\/li>\n\t<li id=\"menu-item-3880\" class=\"menu-item menu-item-type-post_type menu-item-object-page menu-item-3880\"><a href=\"https:\/\/burokuran.com.tr\/en\/our-products\/suntalem-guruplari\/toplanti\/piramit-meeting\/\">P\u0130RAM\u0130T MEET\u0130NG<\/a><\/li>\n\t<li id=\"menu-item-3881\" class=\"menu-item menu-item-type-post_type menu-item-object-page menu-item-3881\"><a href=\"https:\/\/burokuran.com.tr\/en\/our-products\/suntalem-guruplari\/toplanti\/mira-metting\/\">MIRA MEET\u0130NG<\/a><\/li>\n\t<li id=\"menu-item-3884\" class=\"menu-item menu-item-type-post_type menu-item-object-page menu-item-3884\"><a href=\"https:\/\/burokuran.com.tr\/en\/our-products\/suntalem-guruplari\/toplanti\/lion-meetingn\/\">LION MEET\u0130NG<\/a><\/li>\n\t<li id=\"menu-item-3885\" class=\"menu-item menu-item-type-post_type menu-item-object-page menu-item-3885\"><a href=\"https:\/\/burokuran.com.tr\/en\/our-products\/suntalem-guruplari\/toplanti\/sila-meeting\/\">SILA MEET\u0130NG<\/a><\/li>\n\t<li id=\"menu-item-3886\" class=\"menu-item menu-item-type-post_type menu-item-object-page menu-item-3886\"><a href=\"https:\/\/burokuran.com.tr\/en\/our-products\/suntalem-guruplari\/toplanti\/edo-oval-meeting\/\">EDO OVAL MEET\u0130NG<\/a><\/li>\n\t<li id=\"menu-item-3887\" class=\"menu-item menu-item-type-post_type menu-item-object-page menu-item-3887\"><a href=\"https:\/\/burokuran.com.tr\/en\/our-products\/suntalem-guruplari\/toplanti\/yuvarlak-meeting\/\">YUVARLAK MEET\u0130NG<\/a><\/li>\n\t<li id=\"menu-item-3888\" class=\"menu-item menu-item-type-post_type menu-item-object-page menu-item-3888\"><a href=\"https:\/\/burokuran.com.tr\/en\/our-products\/suntalem-guruplari\/toplanti\/trileg-spidy-toplanti\/\">TRILEG-SPIDY MEETING<\/a><\/li>\n\t<li id=\"menu-item-3891\" class=\"menu-item menu-item-type-post_type menu-item-object-page menu-item-3891\"><a href=\"https:\/\/burokuran.com.tr\/en\/our-products\/suntalem-guruplari\/toplanti\/arya-toplanti\/\">ARYA MEET\u0130NG<\/a><\/li>\n<\/ul>\n<\/li>\n<\/ul><\/div><\/div><\/div><\/div><div class=\"flex_column av_one_half  flex_column_div av-zero-column-padding   \" style='border-radius:0px; '><div class='avia-gallery  avia-gallery-1 deactivate_avia_lazyload avia_animate_when_visible '  itemprop=\"ImageObject\" itemscope=\"itemscope\" itemtype=\"https:\/\/schema.org\/ImageObject\" ><a class='avia-gallery-big fakeLightbox lightbox avia-gallery-big-crop-thumb ' href='https:\/\/burokuran.com.tr\/wp-content\/uploads\/2016\/01\/10000-23.jpg'  data-onclick='1' title='' ><span class='avia-gallery-big-inner'  itemprop=\"thumbnailUrl\" >\t<img width='495' height='400' src='https:\/\/burokuran.com.tr\/wp-content\/uploads\/2016\/01\/10000-23-495x400.jpg' title=\"EL\u0130PS MEET\u0130NG\"  alt=\"10000 23 495x400 EL\u0130PS MEET\u0130NG\" \/><\/span><\/a><div class='avia-gallery-thumb'> <a href='https:\/\/burokuran.com.tr\/wp-content\/uploads\/2016\/01\/10000-23.jpg' data-rel='gallery-1' data-prev-img='https:\/\/burokuran.com.tr\/wp-content\/uploads\/2016\/01\/10000-23-495x400.jpg' class='first_thumb lightbox ' data-onclick='1' title=''  itemprop=\"thumbnailUrl\" ><img  src='https:\/\/burokuran.com.tr\/wp-content\/uploads\/2016\/01\/10000-23-495x400.jpg' width='495' height='400'  title=\"EL\u0130PS MEET\u0130NG\"  alt=\"10000 23 495x400 EL\u0130PS MEET\u0130NG\" \/><\/a> <a href='https:\/\/burokuran.com.tr\/wp-content\/uploads\/2016\/01\/20000-33.jpg' data-rel='gallery-1' data-prev-img='https:\/\/burokuran.com.tr\/wp-content\/uploads\/2016\/01\/20000-33-495x400.jpg' class='lightbox ' data-onclick='2' title=''  itemprop=\"thumbnailUrl\" ><img  src='https:\/\/burokuran.com.tr\/wp-content\/uploads\/2016\/01\/20000-33-495x400.jpg' width='495' height='400'  title=\"EL\u0130PS MEET\u0130NG\"  alt=\"20000 33 495x400 EL\u0130PS MEET\u0130NG\" \/><\/a> <a href='https:\/\/burokuran.com.tr\/wp-content\/uploads\/2016\/01\/40000-13.jpg' data-rel='gallery-1' data-prev-img='https:\/\/burokuran.com.tr\/wp-content\/uploads\/2016\/01\/40000-13-495x400.jpg' class='lightbox ' data-onclick='3' title=''  itemprop=\"thumbnailUrl\" ><img  src='https:\/\/burokuran.com.tr\/wp-content\/uploads\/2016\/01\/40000-13-495x400.jpg' width='495' height='400'  title=\"EL\u0130PS MEET\u0130NG\"  alt=\"40000 13 495x400 EL\u0130PS MEET\u0130NG\" \/><\/a> <a href='https:\/\/burokuran.com.tr\/wp-content\/uploads\/2016\/01\/50000-9.jpg' data-rel='gallery-1' data-prev-img='https:\/\/burokuran.com.tr\/wp-content\/uploads\/2016\/01\/50000-9-495x400.jpg' class='lightbox ' data-onclick='4' title=''  itemprop=\"thumbnailUrl\" ><img  src='https:\/\/burokuran.com.tr\/wp-content\/uploads\/2016\/01\/50000-9-495x400.jpg' width='495' height='400'  title=\"EL\u0130PS MEET\u0130NG\"  alt=\"50000 9 495x400 EL\u0130PS MEET\u0130NG\" \/><\/a><\/div><\/div><\/div><\/p>\n<div class=\"flex_column av_one_fourth  flex_column_div av-zero-column-padding   \" style='border-radius:0px; '><p><div style='padding-bottom:10px; ' class='av-special-heading av-special-heading-h3    '><h3 class='av-special-heading-tag '  itemprop=\"headline\"  >Product description<\/h3><div class='special-heading-border'><div class='special-heading-inner-border' ><\/div><\/div><\/div><br \/>\n<section class=\"av_textblock_section \"  itemscope=\"itemscope\" itemtype=\"https:\/\/schema.org\/CreativeWork\" ><div class='avia_textblock  '   itemprop=\"text\" ><p>EL\u0130PS MEET\u0130NG<\/p>\n<\/div><\/section><br \/>\n<div style='padding-bottom:10px; ' class='av-special-heading av-special-heading-h3    '><h3 class='av-special-heading-tag '  itemprop=\"headline\"  >Tecknical Drawings<\/h3><div class='special-heading-border'><div class='special-heading-inner-border' ><\/div><\/div><\/div><br \/>\n<div class='avia-gallery  avia-gallery-2 avia_lazyload avia_animate_when_visible '  itemprop=\"ImageObject\" itemscope=\"itemscope\" itemtype=\"https:\/\/schema.org\/ImageObject\" ><div class='avia-gallery-thumb'> <a href='https:\/\/burokuran.com.tr\/wp-content\/uploads\/2014\/07\/cheese-1030x687.jpg' data-rel='gallery-2' data-prev-img='https:\/\/burokuran.com.tr\/wp-content\/uploads\/2014\/07\/cheese-495x400.jpg' class='first_thumb 5 ' data-onclick='1' title='with basil leaves and cherry tomatoes'  itemprop=\"thumbnailUrl\" ><img data-avia-tooltip='with basil leaves and cherry tomatoes' src='https:\/\/burokuran.com.tr\/wp-content\/uploads\/2014\/07\/cheese-495x400.jpg' width='495' height='400'  title=\"EL\u0130PS MEET\u0130NG\"  alt=\"cheese 495x400 EL\u0130PS MEET\u0130NG\" \/><\/a> <a href='https:\/\/burokuran.com.tr\/wp-content\/uploads\/2014\/07\/cheese-1030x687.jpg' data-rel='gallery-2' data-prev-img='https:\/\/burokuran.com.tr\/wp-content\/uploads\/2014\/07\/cheese-495x400.jpg' class='5 ' data-onclick='2' title='with basil leaves and cherry tomatoes'  itemprop=\"thumbnailUrl\" ><img data-avia-tooltip='with basil leaves and cherry tomatoes' src='https:\/\/burokuran.com.tr\/wp-content\/uploads\/2014\/07\/cheese-495x400.jpg' width='495' height='400'  title=\"EL\u0130PS MEET\u0130NG\"  alt=\"cheese 495x400 EL\u0130PS MEET\u0130NG\" \/><\/a> <a href='https:\/\/burokuran.com.tr\/wp-content\/uploads\/2014\/07\/cheese-1030x687.jpg' data-rel='gallery-2' data-prev-img='https:\/\/burokuran.com.tr\/wp-content\/uploads\/2014\/07\/cheese-495x400.jpg' class='5 ' data-onclick='3' title='with basil leaves and cherry tomatoes'  itemprop=\"thumbnailUrl\" ><img data-avia-tooltip='with basil leaves and cherry tomatoes' src='https:\/\/burokuran.com.tr\/wp-content\/uploads\/2014\/07\/cheese-495x400.jpg' width='495' height='400'  title=\"EL\u0130PS MEET\u0130NG\"  alt=\"cheese 495x400 EL\u0130PS MEET\u0130NG\" \/><\/a> <a href='https:\/\/burokuran.com.tr\/wp-content\/uploads\/2014\/07\/cheese-1030x687.jpg' data-rel='gallery-2' data-prev-img='https:\/\/burokuran.com.tr\/wp-content\/uploads\/2014\/07\/cheese-495x400.jpg' class='5 ' data-onclick='4' title='with basil leaves and cherry tomatoes'  itemprop=\"thumbnailUrl\" ><img data-avia-tooltip='with basil leaves and cherry tomatoes' src='https:\/\/burokuran.com.tr\/wp-content\/uploads\/2014\/07\/cheese-495x400.jpg' width='495' height='400'  title=\"EL\u0130PS MEET\u0130NG\"  alt=\"cheese 495x400 EL\u0130PS MEET\u0130NG\" \/><\/a> <a href='https:\/\/burokuran.com.tr\/wp-content\/uploads\/2014\/07\/burger-1030x687.jpg' data-rel='gallery-2' data-prev-img='https:\/\/burokuran.com.tr\/wp-content\/uploads\/2014\/07\/burger-495x400.jpg' class='5 ' data-onclick='5' title='Our award winning Cheesburger'  itemprop=\"thumbnailUrl\" ><img data-avia-tooltip='Our award winning Cheesburger' src='https:\/\/burokuran.com.tr\/wp-content\/uploads\/2014\/07\/burger-495x400.jpg' width='495' height='400'  title=\"EL\u0130PS MEET\u0130NG\"  alt=\"burger 495x400 EL\u0130PS MEET\u0130NG\" \/><\/a><\/div><\/div><br \/>\n<div style='padding-bottom:10px; ' class='av-special-heading av-special-heading-h3    '><h3 class='av-special-heading-tag '  itemprop=\"headline\"  >Colour options<\/h3><div class='special-heading-border'><div class='special-heading-inner-border' ><\/div><\/div><\/div><br \/>\n<div class='avia-gallery  avia-gallery-3 avia_lazyload avia_animate_when_visible '  itemprop=\"ImageObject\" itemscope=\"itemscope\" itemtype=\"https:\/\/schema.org\/ImageObject\" ><div class='avia-gallery-thumb'> <a href='https:\/\/burokuran.com.tr\/wp-content\/uploads\/2014\/07\/cheese-1030x687.jpg' data-rel='gallery-3' data-prev-img='https:\/\/burokuran.com.tr\/wp-content\/uploads\/2014\/07\/cheese-495x400.jpg' class='first_thumb 5 ' data-onclick='1' title='with basil leaves and cherry tomatoes'  itemprop=\"thumbnailUrl\" ><img data-avia-tooltip='with basil leaves and cherry tomatoes' src='https:\/\/burokuran.com.tr\/wp-content\/uploads\/2014\/07\/cheese-495x400.jpg' width='495' height='400'  title=\"EL\u0130PS MEET\u0130NG\"  alt=\"cheese 495x400 EL\u0130PS MEET\u0130NG\" \/><\/a> <a href='https:\/\/burokuran.com.tr\/wp-content\/uploads\/2014\/07\/cheese-1030x687.jpg' data-rel='gallery-3' data-prev-img='https:\/\/burokuran.com.tr\/wp-content\/uploads\/2014\/07\/cheese-495x400.jpg' class='5 ' data-onclick='2' title='with basil leaves and cherry tomatoes'  itemprop=\"thumbnailUrl\" ><img data-avia-tooltip='with basil leaves and cherry tomatoes' src='https:\/\/burokuran.com.tr\/wp-content\/uploads\/2014\/07\/cheese-495x400.jpg' width='495' height='400'  title=\"EL\u0130PS MEET\u0130NG\"  alt=\"cheese 495x400 EL\u0130PS MEET\u0130NG\" \/><\/a> <a href='https:\/\/burokuran.com.tr\/wp-content\/uploads\/2014\/07\/cheese-1030x687.jpg' data-rel='gallery-3' data-prev-img='https:\/\/burokuran.com.tr\/wp-content\/uploads\/2014\/07\/cheese-495x400.jpg' class='5 ' data-onclick='3' title='with basil leaves and cherry tomatoes'  itemprop=\"thumbnailUrl\" ><img data-avia-tooltip='with basil leaves and cherry tomatoes' src='https:\/\/burokuran.com.tr\/wp-content\/uploads\/2014\/07\/cheese-495x400.jpg' width='495' height='400'  title=\"EL\u0130PS MEET\u0130NG\"  alt=\"cheese 495x400 EL\u0130PS MEET\u0130NG\" \/><\/a> <a href='https:\/\/burokuran.com.tr\/wp-content\/uploads\/2014\/07\/cheese-1030x687.jpg' data-rel='gallery-3' data-prev-img='https:\/\/burokuran.com.tr\/wp-content\/uploads\/2014\/07\/cheese-495x400.jpg' class='5 ' data-onclick='4' title='with basil leaves and cherry tomatoes'  itemprop=\"thumbnailUrl\" ><img data-avia-tooltip='with basil leaves and cherry tomatoes' src='https:\/\/burokuran.com.tr\/wp-content\/uploads\/2014\/07\/cheese-495x400.jpg' width='495' height='400'  title=\"EL\u0130PS MEET\u0130NG\"  alt=\"cheese 495x400 EL\u0130PS MEET\u0130NG\" \/><\/a> <a href='https:\/\/burokuran.com.tr\/wp-content\/uploads\/2014\/07\/burger-1030x687.jpg' data-rel='gallery-3' data-prev-img='https:\/\/burokuran.com.tr\/wp-content\/uploads\/2014\/07\/burger-495x400.jpg' class='5 ' data-onclick='5' title='Our award winning Cheesburger'  itemprop=\"thumbnailUrl\" ><img data-avia-tooltip='Our award winning Cheesburger' src='https:\/\/burokuran.com.tr\/wp-content\/uploads\/2014\/07\/burger-495x400.jpg' width='495' height='400'  title=\"EL\u0130PS MEET\u0130NG\"  alt=\"burger 495x400 EL\u0130PS MEET\u0130NG\" \/><\/a><\/div><\/div><\/p><\/div>\n","protected":false},"excerpt":{"rendered":"","protected":false},"author":1,"featured_media":0,"parent":3415,"menu_order":0,"comment_status":"closed","ping_status":"closed","template":"","meta":{"footnotes":""},"class_list":["post-3417","page","type-page","status-publish","hentry"],"aioseo_notices":[],"_links":{"self":[{"href":"https:\/\/burokuran.com.tr\/en\/wp-json\/wp\/v2\/pages\/3417","targetHints":{"allow":["GET"]}}],"collection":[{"href":"https:\/\/burokuran.com.tr\/en\/wp-json\/wp\/v2\/pages"}],"about":[{"href":"https:\/\/burokuran.com.tr\/en\/wp-json\/wp\/v2\/types\/page"}],"author":[{"embeddable":true,"href":"https:\/\/burokuran.com.tr\/en\/wp-json\/wp\/v2\/users\/1"}],"replies":[{"embeddable":true,"href":"https:\/\/burokuran.com.tr\/en\/wp-json\/wp\/v2\/comments?post=3417"}],"version-history":[{"count":0,"href":"https:\/\/burokuran.com.tr\/en\/wp-json\/wp\/v2\/pages\/3417\/revisions"}],"up":[{"embeddable":true,"href":"https:\/\/burokuran.com.tr\/en\/wp-json\/wp\/v2\/pages\/3415"}],"wp:attachment":[{"href":"https:\/\/burokuran.com.tr\/en\/wp-json\/wp\/v2\/media?parent=3417"}],"curies":[{"name":"wp","href":"https:\/\/api.w.org\/{rel}","templated":true}]}}