{"id":3592,"date":"2016-06-09T19:08:49","date_gmt":"2016-06-09T16:08:49","guid":{"rendered":"http:\/\/burokuran.com.tr\/?page_id=3592&#038;lang=en"},"modified":"2018-10-03T11:20:26","modified_gmt":"2018-10-03T08:20:26","slug":"manager","status":"publish","type":"page","link":"https:\/\/burokuran.com.tr\/en\/our-products\/suntalem-guruplari\/manager\/","title":{"rendered":"MANAGER"},"content":{"rendered":"<div class=\"flex_column av_one_fourth  flex_column_div av-zero-column-padding first  \" style='border-radius:0px; '><div class='avia-builder-widget-area clearfix '><div id=\"nav_menu-30\" class=\"widget clearfix widget_nav_menu\"><div class=\"menu-manager-ingilizce-container\"><ul id=\"menu-manager-ingilizce\" class=\"menu\"><li id=\"menu-item-54617\" class=\"menu-item menu-item-type-post_type menu-item-object-page menu-item-54617\"><a href=\"https:\/\/burokuran.com.tr\/en\/our-products\/suntalem-guruplari\/\">CHIPBOARD GROUPS<\/a><\/li>\n<li id=\"menu-item-3895\" class=\"menu-item menu-item-type-post_type menu-item-object-page menu-item-has-children menu-item-3895\"><a href=\"https:\/\/burokuran.com.tr\/en\/our-products\/suntalem-guruplari\/manager\/\">MANAGER<\/a>\n<ul class=\"sub-menu\">\n\t<li id=\"menu-item-3908\" class=\"menu-item menu-item-type-post_type menu-item-object-page menu-item-3908\"><a href=\"https:\/\/burokuran.com.tr\/en\/our-products\/suntalem-guruplari\/manager\/star\/\">TOLEDO<\/a><\/li>\n\t<li id=\"menu-item-3912\" class=\"menu-item menu-item-type-post_type menu-item-object-page menu-item-3912\"><a href=\"https:\/\/burokuran.com.tr\/en\/our-products\/suntalem-guruplari\/manager\/kristal\/\">KR\u0130STAL<\/a><\/li>\n\t<li id=\"menu-item-3911\" class=\"menu-item menu-item-type-post_type menu-item-object-page menu-item-3911\"><a href=\"https:\/\/burokuran.com.tr\/en\/our-products\/suntalem-guruplari\/manager\/nova\/\">NOVA<\/a><\/li>\n\t<li id=\"menu-item-3913\" class=\"menu-item menu-item-type-post_type menu-item-object-page menu-item-3913\"><a href=\"https:\/\/burokuran.com.tr\/en\/our-products\/suntalem-guruplari\/manager\/eva\/\">EVA<\/a><\/li>\n\t<li id=\"menu-item-3914\" class=\"menu-item menu-item-type-post_type menu-item-object-page menu-item-3914\"><a href=\"https:\/\/burokuran.com.tr\/en\/our-products\/suntalem-guruplari\/manager\/real\/\">REAL<\/a><\/li>\n\t<li id=\"menu-item-3915\" class=\"menu-item menu-item-type-post_type menu-item-object-page menu-item-3915\"><a href=\"https:\/\/burokuran.com.tr\/en\/our-products\/suntalem-guruplari\/manager\/real-ikili\/\">REAL DOUBLE<\/a><\/li>\n<\/ul>\n<\/li>\n<li id=\"menu-item-3894\" class=\"menu-item menu-item-type-post_type menu-item-object-page menu-item-3894\"><a href=\"https:\/\/burokuran.com.tr\/en\/our-products\/suntalem-guruplari\/\">CHIPBOARD GROUPS<\/a><\/li>\n<\/ul><\/div><\/div><\/div><\/div>\n<div class=\"flex_column av_three_fourth  flex_column_div av-zero-column-padding   \" style='border-radius:0px; '><p><div class='avia-image-container avia_animated_image avia_animate_when_almost_visible pop-up av-styling- av-hover-grow noHover  av-overlay-on-hover   avia-align-center '  itemprop=\"ImageObject\" itemscope=\"itemscope\" itemtype=\"https:\/\/schema.org\/ImageObject\"  ><div class='avia-image-container-inner'><div class='avia-image-overlay-wrap'><a href='https:\/\/burokuran.com.tr\/en\/our-products\/suntalem-guruplari\/manager\/star\/' class='avia_image'  ><div class='av-image-caption-overlay'><div class='av-caption-image-overlay-bg' style='opacity:0.4; background-color:#000000; '><\/div><div class='av-image-caption-overlay-position'><div class='av-image-caption-overlay-center' style='color:#ffffff; '><p>TOLEDO<\/p>\n<\/div><\/div><\/div><img class='avia_image ' src='https:\/\/burokuran.com.tr\/wp-content\/uploads\/2018\/09\/STAR-KAPAK.jpg' title=\"MANAGER\" itemprop=\"thumbnailUrl\" alt=\"STAR KAPAK MANAGER\" \/><\/a><\/div><\/div><\/div><br \/>\n<div class='avia-image-container avia_animated_image avia_animate_when_almost_visible pop-up av-styling- av-hover-grow noHover  av-overlay-on-hover   avia-align-center '  itemprop=\"ImageObject\" itemscope=\"itemscope\" itemtype=\"https:\/\/schema.org\/ImageObject\"  ><div class='avia-image-container-inner'><div class='avia-image-overlay-wrap'><a href='https:\/\/burokuran.com.tr\/en\/rina\/' class='avia_image'  ><div class='av-image-caption-overlay'><div class='av-caption-image-overlay-bg' style='opacity:0.4; background-color:#000000; '><\/div><div class='av-image-caption-overlay-position'><div class='av-image-caption-overlay-center' style='color:#ffffff; '><p>R\u0130NA<\/p>\n<\/div><\/div><\/div><img class='avia_image ' src='https:\/\/burokuran.com.tr\/wp-content\/uploads\/2018\/09\/real-3.jpg' title=\"MANAGER\" itemprop=\"thumbnailUrl\" alt=\"real 3 MANAGER\" \/><\/a><\/div><\/div><\/div><br \/>\n<div class='avia-image-container avia_animated_image avia_animate_when_almost_visible pop-up av-styling- av-hover-grow noHover  av-overlay-on-hover   avia-align-center '  itemprop=\"ImageObject\" itemscope=\"itemscope\" itemtype=\"https:\/\/schema.org\/ImageObject\"  ><div class='avia-image-container-inner'><div class='avia-image-overlay-wrap'><a href='https:\/\/burokuran.com.tr\/en\/our-products\/suntalem-guruplari\/manager\/kristal\/' class='avia_image'  ><div class='av-image-caption-overlay'><div class='av-caption-image-overlay-bg' style='opacity:0.4; background-color:#000000; '><\/div><div class='av-image-caption-overlay-position'><div class='av-image-caption-overlay-center' style='color:#ffffff; '><p>KR\u0130STAL<\/p>\n<\/div><\/div><\/div><img class='avia_image ' src='http:\/\/burokuran.com.tr\/wp-content\/uploads\/2016\/01\/KRISTAL-KAPAK-3.jpg' title=\"MANAGER\" itemprop=\"thumbnailUrl\" alt=\"KRISTAL KAPAK 3 MANAGER\" \/><\/a><\/div><\/div><\/div><br \/>\n<div class='avia-image-container avia_animated_image avia_animate_when_almost_visible pop-up av-styling- av-hover-grow noHover  av-overlay-on-hover   avia-align-center '  itemprop=\"ImageObject\" itemscope=\"itemscope\" itemtype=\"https:\/\/schema.org\/ImageObject\"  ><div class='avia-image-container-inner'><div class='avia-image-overlay-wrap'><a href='https:\/\/burokuran.com.tr\/en\/nova-l\/' class='avia_image'  ><div class='av-image-caption-overlay'><div class='av-caption-image-overlay-bg' style='opacity:0.4; background-color:#000000; '><\/div><div class='av-image-caption-overlay-position'><div class='av-image-caption-overlay-center' style='color:#ffffff; '><p>NOVA (L)<\/p>\n<\/div><\/div><\/div><img class='avia_image ' src='https:\/\/burokuran.com.tr\/wp-content\/uploads\/2018\/10\/5-kopya.jpg' title=\"MANAGER\" itemprop=\"thumbnailUrl\" alt=\"5 kopya MANAGER\" \/><\/a><\/div><\/div><\/div><br \/>\n<div class='avia-image-container avia_animated_image avia_animate_when_almost_visible pop-up av-styling- av-hover-grow noHover  av-overlay-on-hover   avia-align-center '  itemprop=\"ImageObject\" itemscope=\"itemscope\" itemtype=\"https:\/\/schema.org\/ImageObject\"  ><div class='avia-image-container-inner'><div class='avia-image-overlay-wrap'><a href='https:\/\/burokuran.com.tr\/en\/cafe-chair-group\/' class='avia_image'  ><div class='av-image-caption-overlay'><div class='av-caption-image-overlay-bg' style='opacity:0.4; background-color:#000000; '><\/div><div class='av-image-caption-overlay-position'><div class='av-image-caption-overlay-center' style='color:#ffffff; '><p>LEGO<\/p>\n<\/div><\/div><\/div><img class='avia_image ' src='https:\/\/burokuran.com.tr\/wp-content\/uploads\/2018\/09\/lego.jpg' title=\"MANAGER\" itemprop=\"thumbnailUrl\" alt=\"lego MANAGER\" \/><\/a><\/div><\/div><\/div><br \/>\n<div class='avia-image-container avia_animated_image avia_animate_when_almost_visible pop-up av-styling- av-hover-grow noHover  av-overlay-on-hover   avia-align-center '  itemprop=\"ImageObject\" itemscope=\"itemscope\" itemtype=\"https:\/\/schema.org\/ImageObject\"  ><div class='avia-image-container-inner'><div class='avia-image-overlay-wrap'><a href='https:\/\/burokuran.com.tr\/en\/perla\/' class='avia_image'  ><div class='av-image-caption-overlay'><div class='av-caption-image-overlay-bg' style='opacity:0.4; background-color:#000000; '><\/div><div class='av-image-caption-overlay-position'><div class='av-image-caption-overlay-center' style='color:#ffffff; '><p>PERLA<\/p>\n<\/div><\/div><\/div><img class='avia_image ' src='https:\/\/burokuran.com.tr\/wp-content\/uploads\/2018\/09\/perla-kopya.jpg' title=\"MANAGER\" itemprop=\"thumbnailUrl\" alt=\"perla kopya MANAGER\" \/><\/a><\/div><\/div><\/div><br \/>\n<div class='avia-image-container avia_animated_image avia_animate_when_almost_visible pop-up av-styling- av-hover-grow noHover  av-overlay-on-hover   avia-align-center '  itemprop=\"ImageObject\" itemscope=\"itemscope\" itemtype=\"https:\/\/schema.org\/ImageObject\"  ><div class='avia-image-container-inner'><div class='avia-image-overlay-wrap'><a href='https:\/\/burokuran.com.tr\/en\/rose\/' class='avia_image'  ><div class='av-image-caption-overlay'><div class='av-caption-image-overlay-bg' style='opacity:0.4; background-color:#000000; '><\/div><div class='av-image-caption-overlay-position'><div class='av-image-caption-overlay-center' style='color:#ffffff; '><p>ROSE<\/p>\n<\/div><\/div><\/div><img class='avia_image ' src='https:\/\/burokuran.com.tr\/wp-content\/uploads\/2018\/09\/MAKAM-KAPAK-1-kopya-1.jpg' title=\"MANAGER\" itemprop=\"thumbnailUrl\" alt=\"MAKAM KAPAK 1 kopya 1 MANAGER\" \/><\/a><\/div><\/div><\/div><br \/>\n<div class='avia-image-container avia_animated_image avia_animate_when_almost_visible pop-up av-styling- av-hover-grow noHover  av-overlay-on-hover   avia-align-center '  itemprop=\"ImageObject\" itemscope=\"itemscope\" itemtype=\"https:\/\/schema.org\/ImageObject\"  ><div class='avia-image-container-inner'><div class='avia-image-overlay-wrap'><a href='https:\/\/burokuran.com.tr\/en\/eliza\/' class='avia_image'  ><div class='av-image-caption-overlay'><div class='av-caption-image-overlay-bg' style='opacity:0.4; background-color:#000000; '><\/div><div class='av-image-caption-overlay-position'><div class='av-image-caption-overlay-center' style='color:#ffffff; '><p>EL\u0130ZA<\/p>\n<\/div><\/div><\/div><img class='avia_image ' src='https:\/\/burokuran.com.tr\/wp-content\/uploads\/2018\/09\/eliza.jpg' title=\"MANAGER\" itemprop=\"thumbnailUrl\" alt=\"eliza MANAGER\" \/><\/a><\/div><\/div><\/div><br \/>\n<div class='avia-image-container avia_animated_image avia_animate_when_almost_visible pop-up av-styling- av-hover-grow noHover  av-overlay-on-hover   avia-align-center '  itemprop=\"ImageObject\" itemscope=\"itemscope\" itemtype=\"https:\/\/schema.org\/ImageObject\"  ><div class='avia-image-container-inner'><div class='avia-image-overlay-wrap'><a href='https:\/\/burokuran.com.tr\/en\/oscar\/' class='avia_image'  ><div class='av-image-caption-overlay'><div class='av-caption-image-overlay-bg' style='opacity:0.4; background-color:#000000; '><\/div><div class='av-image-caption-overlay-position'><div class='av-image-caption-overlay-center' style='color:#ffffff; '><p>OSCAR<\/p>\n<\/div><\/div><\/div><img class='avia_image ' src='https:\/\/burokuran.com.tr\/wp-content\/uploads\/2018\/09\/oscar.jpg' title=\"MANAGER\" itemprop=\"thumbnailUrl\" alt=\"oscar MANAGER\" \/><\/a><\/div><\/div><\/div><br \/>\n<div class='avia-image-container avia_animated_image avia_animate_when_almost_visible pop-up av-styling- av-hover-grow noHover  av-overlay-on-hover   avia-align-center '  itemprop=\"ImageObject\" itemscope=\"itemscope\" itemtype=\"https:\/\/schema.org\/ImageObject\"  ><div class='avia-image-container-inner'><div class='avia-image-overlay-wrap'><a href='https:\/\/burokuran.com.tr\/en\/our-products\/suntalem-guruplari\/manager\/eva\/' class='avia_image'  ><div class='av-image-caption-overlay'><div class='av-caption-image-overlay-bg' style='opacity:0.4; background-color:#000000; '><\/div><div class='av-image-caption-overlay-position'><div class='av-image-caption-overlay-center' style='color:#ffffff; '><p>EVA<\/p>\n<\/div><\/div><\/div><img class='avia_image ' src='http:\/\/burokuran.com.tr\/wp-content\/uploads\/2018\/09\/real-1.jpg' title=\"MANAGER\" itemprop=\"thumbnailUrl\" alt=\"real 1 MANAGER\" \/><\/a><\/div><\/div><\/div><br \/>\n<div class='avia-image-container avia_animated_image avia_animate_when_almost_visible pop-up av-styling- av-hover-grow noHover  av-overlay-on-hover   avia-align-center '  itemprop=\"ImageObject\" itemscope=\"itemscope\" itemtype=\"https:\/\/schema.org\/ImageObject\"  ><div class='avia-image-container-inner'><div class='avia-image-overlay-wrap'><a href='https:\/\/burokuran.com.tr\/en\/our-products\/suntalem-guruplari\/manager\/real\/' class='avia_image'  ><div class='av-image-caption-overlay'><div class='av-caption-image-overlay-bg' style='opacity:0.4; background-color:#000000; '><\/div><div class='av-image-caption-overlay-position'><div class='av-image-caption-overlay-center' style='color:#ffffff; '><p>REAL<\/p>\n<\/div><\/div><\/div><img class='avia_image ' src='https:\/\/burokuran.com.tr\/wp-content\/uploads\/2018\/09\/real.jpg' title=\"MANAGER\" itemprop=\"thumbnailUrl\" alt=\"real MANAGER\" \/><\/a><\/div><\/div><\/div><br \/>\n<div class='avia-image-container avia_animated_image avia_animate_when_almost_visible pop-up av-styling- av-hover-grow noHover  av-overlay-on-hover   avia-align-center '  itemprop=\"ImageObject\" itemscope=\"itemscope\" itemtype=\"https:\/\/schema.org\/ImageObject\"  ><div class='avia-image-container-inner'><div class='avia-image-overlay-wrap'><a href='https:\/\/burokuran.com.tr\/en\/our-products\/suntalem-guruplari\/manager\/real-ikili\/' class='avia_image'  ><div class='av-image-caption-overlay'><div class='av-caption-image-overlay-bg' style='opacity:0.4; background-color:#000000; '><\/div><div class='av-image-caption-overlay-position'><div class='av-image-caption-overlay-center' style='color:#ffffff; '><p>REAL \u0130K\u0130L\u0130<\/p>\n<\/div><\/div><\/div><img class='avia_image ' src='http:\/\/burokuran.com.tr\/wp-content\/uploads\/2018\/09\/real-2.jpg' title=\"MANAGER\" itemprop=\"thumbnailUrl\" alt=\"real 2 MANAGER\" \/><\/a><\/div><\/div><\/div><\/p><\/div>\n","protected":false},"excerpt":{"rendered":"","protected":false},"author":1,"featured_media":0,"parent":2983,"menu_order":0,"comment_status":"closed","ping_status":"closed","template":"","meta":{"footnotes":""},"class_list":["post-3592","page","type-page","status-publish","hentry"],"aioseo_notices":[],"_links":{"self":[{"href":"https:\/\/burokuran.com.tr\/en\/wp-json\/wp\/v2\/pages\/3592","targetHints":{"allow":["GET"]}}],"collection":[{"href":"https:\/\/burokuran.com.tr\/en\/wp-json\/wp\/v2\/pages"}],"about":[{"href":"https:\/\/burokuran.com.tr\/en\/wp-json\/wp\/v2\/types\/page"}],"author":[{"embeddable":true,"href":"https:\/\/burokuran.com.tr\/en\/wp-json\/wp\/v2\/users\/1"}],"replies":[{"embeddable":true,"href":"https:\/\/burokuran.com.tr\/en\/wp-json\/wp\/v2\/comments?post=3592"}],"version-history":[{"count":0,"href":"https:\/\/burokuran.com.tr\/en\/wp-json\/wp\/v2\/pages\/3592\/revisions"}],"up":[{"embeddable":true,"href":"https:\/\/burokuran.com.tr\/en\/wp-json\/wp\/v2\/pages\/2983"}],"wp:attachment":[{"href":"https:\/\/burokuran.com.tr\/en\/wp-json\/wp\/v2\/media?parent=3592"}],"curies":[{"name":"wp","href":"https:\/\/api.w.org\/{rel}","templated":true}]}}