{"id":3596,"date":"2016-06-09T19:13:14","date_gmt":"2016-06-09T16:13:14","guid":{"rendered":"http:\/\/burokuran.com.tr\/?page_id=3596&#038;lang=en"},"modified":"2018-09-27T12:27:08","modified_gmt":"2018-09-27T09:27:08","slug":"nova","status":"publish","type":"page","link":"https:\/\/burokuran.com.tr\/en\/our-products\/suntalem-guruplari\/manager\/nova\/","title":{"rendered":"NOVA"},"content":{"rendered":"<div class=\"flex_column av_one_fourth  flex_column_div av-zero-column-padding first  \" style='border-radius:0px; '><div class='avia-builder-widget-area clearfix '><div id=\"nav_menu-30\" class=\"widget clearfix widget_nav_menu\"><div class=\"menu-manager-ingilizce-container\"><ul id=\"menu-manager-ingilizce\" class=\"menu\"><li id=\"menu-item-54617\" class=\"menu-item menu-item-type-post_type menu-item-object-page menu-item-54617\"><a href=\"https:\/\/burokuran.com.tr\/en\/our-products\/suntalem-guruplari\/\">CHIPBOARD GROUPS<\/a><\/li>\n<li id=\"menu-item-3895\" class=\"menu-item menu-item-type-post_type menu-item-object-page menu-item-has-children menu-item-3895\"><a href=\"https:\/\/burokuran.com.tr\/en\/our-products\/suntalem-guruplari\/manager\/\">MANAGER<\/a>\n<ul class=\"sub-menu\">\n\t<li id=\"menu-item-3908\" class=\"menu-item menu-item-type-post_type menu-item-object-page menu-item-3908\"><a href=\"https:\/\/burokuran.com.tr\/en\/our-products\/suntalem-guruplari\/manager\/star\/\">TOLEDO<\/a><\/li>\n\t<li id=\"menu-item-3912\" class=\"menu-item menu-item-type-post_type menu-item-object-page menu-item-3912\"><a href=\"https:\/\/burokuran.com.tr\/en\/our-products\/suntalem-guruplari\/manager\/kristal\/\">KR\u0130STAL<\/a><\/li>\n\t<li id=\"menu-item-3911\" class=\"menu-item menu-item-type-post_type menu-item-object-page menu-item-3911\"><a href=\"https:\/\/burokuran.com.tr\/en\/our-products\/suntalem-guruplari\/manager\/nova\/\">NOVA<\/a><\/li>\n\t<li id=\"menu-item-3913\" class=\"menu-item menu-item-type-post_type menu-item-object-page menu-item-3913\"><a href=\"https:\/\/burokuran.com.tr\/en\/our-products\/suntalem-guruplari\/manager\/eva\/\">EVA<\/a><\/li>\n\t<li id=\"menu-item-3914\" class=\"menu-item menu-item-type-post_type menu-item-object-page menu-item-3914\"><a href=\"https:\/\/burokuran.com.tr\/en\/our-products\/suntalem-guruplari\/manager\/real\/\">REAL<\/a><\/li>\n\t<li id=\"menu-item-3915\" class=\"menu-item menu-item-type-post_type menu-item-object-page menu-item-3915\"><a href=\"https:\/\/burokuran.com.tr\/en\/our-products\/suntalem-guruplari\/manager\/real-ikili\/\">REAL DOUBLE<\/a><\/li>\n<\/ul>\n<\/li>\n<li id=\"menu-item-3894\" class=\"menu-item menu-item-type-post_type menu-item-object-page menu-item-3894\"><a href=\"https:\/\/burokuran.com.tr\/en\/our-products\/suntalem-guruplari\/\">CHIPBOARD GROUPS<\/a><\/li>\n<\/ul><\/div><\/div><\/div><\/div>\n<div class=\"flex_column av_one_half  flex_column_div av-zero-column-padding   \" style='border-radius:0px; '><div class='avia-gallery  avia-gallery-1 avia_lazyload avia_animate_when_visible '  itemprop=\"ImageObject\" itemscope=\"itemscope\" itemtype=\"https:\/\/schema.org\/ImageObject\" ><a class='avia-gallery-big fakeLightbox lightbox avia-gallery-big-crop-thumb ' href='https:\/\/burokuran.com.tr\/wp-content\/uploads\/2018\/09\/N3-1030x736.jpg'  data-onclick='1' title='' ><span class='avia-gallery-big-inner'  itemprop=\"thumbnailUrl\" >\t<img width='495' height='400' src='https:\/\/burokuran.com.tr\/wp-content\/uploads\/2018\/09\/N3-495x400.jpg' title=\"NOVA\"  alt=\"N3 495x400 NOVA\" \/><\/span><\/a><div class='avia-gallery-thumb'> <a href='https:\/\/burokuran.com.tr\/wp-content\/uploads\/2018\/09\/N3-1030x736.jpg' data-rel='gallery-1' data-prev-img='https:\/\/burokuran.com.tr\/wp-content\/uploads\/2018\/09\/N3-495x400.jpg' class='first_thumb lightbox ' data-onclick='1' title=''  itemprop=\"thumbnailUrl\" ><img  src='https:\/\/burokuran.com.tr\/wp-content\/uploads\/2018\/09\/N3-495x400.jpg' width='495' height='400'  title=\"NOVA\"  alt=\"N3 495x400 NOVA\" \/><\/a> <a href='https:\/\/burokuran.com.tr\/wp-content\/uploads\/2018\/09\/N2-1030x736.jpg' data-rel='gallery-1' data-prev-img='https:\/\/burokuran.com.tr\/wp-content\/uploads\/2018\/09\/N2-495x400.jpg' class='lightbox ' data-onclick='2' title=''  itemprop=\"thumbnailUrl\" ><img  src='https:\/\/burokuran.com.tr\/wp-content\/uploads\/2018\/09\/N2-495x400.jpg' width='495' height='400'  title=\"NOVA\"  alt=\"N2 495x400 NOVA\" \/><\/a> <a href='https:\/\/burokuran.com.tr\/wp-content\/uploads\/2018\/09\/N1-1030x736.jpg' data-rel='gallery-1' data-prev-img='https:\/\/burokuran.com.tr\/wp-content\/uploads\/2018\/09\/N1-495x400.jpg' class='lightbox ' data-onclick='3' title=''  itemprop=\"thumbnailUrl\" ><img  src='https:\/\/burokuran.com.tr\/wp-content\/uploads\/2018\/09\/N1-495x400.jpg' width='495' height='400'  title=\"NOVA\"  alt=\"N1 495x400 NOVA\" \/><\/a> <a href='https:\/\/burokuran.com.tr\/wp-content\/uploads\/2018\/09\/N2-1-1030x736.jpg' data-rel='gallery-1' data-prev-img='https:\/\/burokuran.com.tr\/wp-content\/uploads\/2018\/09\/N2-1-495x400.jpg' class='lightbox ' data-onclick='4' title=''  itemprop=\"thumbnailUrl\" ><img  src='https:\/\/burokuran.com.tr\/wp-content\/uploads\/2018\/09\/N2-1-495x400.jpg' width='495' height='400'  title=\"NOVA\"  alt=\"N2 1 495x400 NOVA\" \/><\/a> <a href='https:\/\/burokuran.com.tr\/wp-content\/uploads\/2018\/09\/N3-1-1030x736.jpg' data-rel='gallery-1' data-prev-img='https:\/\/burokuran.com.tr\/wp-content\/uploads\/2018\/09\/N3-1-495x400.jpg' class='lightbox ' data-onclick='5' title=''  itemprop=\"thumbnailUrl\" ><img  src='https:\/\/burokuran.com.tr\/wp-content\/uploads\/2018\/09\/N3-1-495x400.jpg' width='495' height='400'  title=\"NOVA\"  alt=\"N3 1 495x400 NOVA\" \/><\/a><\/div><\/div><\/div><div class=\"flex_column av_one_fourth  flex_column_div av-zero-column-padding   \" style='border-radius:0px; '><p><div style='padding-bottom:10px; ' class='av-special-heading av-special-heading-h3     '><h3 class='av-special-heading-tag '  itemprop=\"headline\"  >Product description<\/h3><div class='special-heading-border'><div class='special-heading-inner-border' ><\/div><\/div><\/div><br \/>\n<section class=\"av_textblock_section \"  itemscope=\"itemscope\" itemtype=\"https:\/\/schema.org\/CreativeWork\" ><div class='avia_textblock  '   itemprop=\"text\" ><p>NOVA TABLE TEAM<\/p>\n<\/div><\/section><br \/>\n<div style='padding-bottom:10px; ' class='av-special-heading av-special-heading-h3     '><h3 class='av-special-heading-tag '  itemprop=\"headline\"  >Tecknical Drawings<\/h3><div class='special-heading-border'><div class='special-heading-inner-border' ><\/div><\/div><\/div><br \/>\n<div class='avia-gallery  avia-gallery-2 avia_lazyload avia_animate_when_visible '  itemprop=\"ImageObject\" itemscope=\"itemscope\" itemtype=\"https:\/\/schema.org\/ImageObject\" ><div class='avia-gallery-thumb'> <a href='https:\/\/burokuran.com.tr\/wp-content\/uploads\/2018\/09\/1-25.jpg' data-rel='gallery-2' data-prev-img='https:\/\/burokuran.com.tr\/wp-content\/uploads\/2018\/09\/1-25-495x400.jpg' class='first_thumb lightbox ' data-onclick='1' title=''  itemprop=\"thumbnailUrl\" ><img  src='https:\/\/burokuran.com.tr\/wp-content\/uploads\/2018\/09\/1-25-260x185.jpg' width='260' height='185'  title=\"NOVA\"  alt=\"1 25 260x185 NOVA\" \/><\/a> <a href='https:\/\/burokuran.com.tr\/wp-content\/uploads\/2018\/09\/3-20.jpg' data-rel='gallery-2' data-prev-img='https:\/\/burokuran.com.tr\/wp-content\/uploads\/2018\/09\/3-20-495x400.jpg' class='lightbox ' data-onclick='2' title=''  itemprop=\"thumbnailUrl\" ><img  src='https:\/\/burokuran.com.tr\/wp-content\/uploads\/2018\/09\/3-20-260x185.jpg' width='260' height='185'  title=\"NOVA\"  alt=\"3 20 260x185 NOVA\" \/><\/a> <a href='https:\/\/burokuran.com.tr\/wp-content\/uploads\/2018\/09\/\u00dc\u00c7L\u00dc-KESON.jpg' data-rel='gallery-2' data-prev-img='https:\/\/burokuran.com.tr\/wp-content\/uploads\/2018\/09\/\u00dc\u00c7L\u00dc-KESON-487x400.jpg' class='lightbox ' data-onclick='3' title=''  itemprop=\"thumbnailUrl\" ><img  src='https:\/\/burokuran.com.tr\/wp-content\/uploads\/2018\/09\/\u00dc\u00c7L\u00dc-KESON-260x185.jpg' width='260' height='185'  title=\"NOVA\"  alt=\"\u00dc\u00c7L\u00dc KESON 260x185 NOVA\" \/><\/a> <a href='https:\/\/burokuran.com.tr\/wp-content\/uploads\/2018\/09\/ETEJER-1.jpg' data-rel='gallery-2' data-prev-img='https:\/\/burokuran.com.tr\/wp-content\/uploads\/2018\/09\/ETEJER-1-458x400.jpg' class='lightbox ' data-onclick='4' title=''  itemprop=\"thumbnailUrl\" ><img  src='https:\/\/burokuran.com.tr\/wp-content\/uploads\/2018\/09\/ETEJER-1-260x185.jpg' width='260' height='185'  title=\"NOVA\"  alt=\"ETEJER 1 260x185 NOVA\" \/><\/a> <a href='https:\/\/burokuran.com.tr\/wp-content\/uploads\/2018\/09\/2-21.jpg' data-rel='gallery-2' data-prev-img='https:\/\/burokuran.com.tr\/wp-content\/uploads\/2018\/09\/2-21-425x400.jpg' class='lightbox ' data-onclick='5' title=''  itemprop=\"thumbnailUrl\" ><img  src='https:\/\/burokuran.com.tr\/wp-content\/uploads\/2018\/09\/2-21-260x185.jpg' width='260' height='185'  title=\"NOVA\"  alt=\"2 21 260x185 NOVA\" \/><\/a> <a href='https:\/\/burokuran.com.tr\/wp-content\/uploads\/2018\/09\/4-16.jpg' data-rel='gallery-2' data-prev-img='https:\/\/burokuran.com.tr\/wp-content\/uploads\/2018\/09\/4-16-495x400.jpg' class='first_thumb lightbox ' data-onclick='6' title=''  itemprop=\"thumbnailUrl\" ><img  src='https:\/\/burokuran.com.tr\/wp-content\/uploads\/2018\/09\/4-16-260x185.jpg' width='260' height='185'  title=\"NOVA\"  alt=\"4 16 260x185 NOVA\" \/><\/a><\/div><\/div><br \/>\n<div style='padding-bottom:10px; ' class='av-special-heading av-special-heading-h3     '><h3 class='av-special-heading-tag '  itemprop=\"headline\"  >Colour options<\/h3><div class='special-heading-border'><div class='special-heading-inner-border' ><\/div><\/div><\/div><br \/>\n<div class='avia-gallery  avia-gallery-3 avia_lazyload avia_animate_when_visible '  itemprop=\"ImageObject\" itemscope=\"itemscope\" itemtype=\"https:\/\/schema.org\/ImageObject\" ><div class='avia-gallery-thumb'> <a href='https:\/\/burokuran.com.tr\/wp-content\/uploads\/2016\/01\/antrasit.jpg' data-rel='gallery-3' data-prev-img='https:\/\/burokuran.com.tr\/wp-content\/uploads\/2016\/01\/antrasit-495x400.jpg' class='first_thumb lightbox ' data-onclick='1' title='ANTRAS\u0130T'  itemprop=\"thumbnailUrl\" ><img data-avia-tooltip='ANTRAS\u0130T' src='https:\/\/burokuran.com.tr\/wp-content\/uploads\/2016\/01\/antrasit-260x185.jpg' width='260' height='185'  title=\"NOVA\"  alt=\"antrasit 260x185 NOVA\" \/><\/a> <a href='https:\/\/burokuran.com.tr\/wp-content\/uploads\/2018\/09\/yellow.png' data-rel='gallery-3' data-prev-img='https:\/\/burokuran.com.tr\/wp-content\/uploads\/2018\/09\/yellow-495x400.png' class='lightbox ' data-onclick='2' title='SARI'  itemprop=\"thumbnailUrl\" ><img data-avia-tooltip='SARI' src='https:\/\/burokuran.com.tr\/wp-content\/uploads\/2018\/09\/yellow-260x185.png' width='260' height='185'  title=\"NOVA\"  alt=\"yellow 260x185 NOVA\" \/><\/a><\/div><\/div><\/p><\/div><\/p>\n","protected":false},"excerpt":{"rendered":"","protected":false},"author":1,"featured_media":0,"parent":3592,"menu_order":0,"comment_status":"closed","ping_status":"closed","template":"","meta":{"footnotes":""},"class_list":["post-3596","page","type-page","status-publish","hentry"],"aioseo_notices":[],"_links":{"self":[{"href":"https:\/\/burokuran.com.tr\/en\/wp-json\/wp\/v2\/pages\/3596","targetHints":{"allow":["GET"]}}],"collection":[{"href":"https:\/\/burokuran.com.tr\/en\/wp-json\/wp\/v2\/pages"}],"about":[{"href":"https:\/\/burokuran.com.tr\/en\/wp-json\/wp\/v2\/types\/page"}],"author":[{"embeddable":true,"href":"https:\/\/burokuran.com.tr\/en\/wp-json\/wp\/v2\/users\/1"}],"replies":[{"embeddable":true,"href":"https:\/\/burokuran.com.tr\/en\/wp-json\/wp\/v2\/comments?post=3596"}],"version-history":[{"count":0,"href":"https:\/\/burokuran.com.tr\/en\/wp-json\/wp\/v2\/pages\/3596\/revisions"}],"up":[{"embeddable":true,"href":"https:\/\/burokuran.com.tr\/en\/wp-json\/wp\/v2\/pages\/3592"}],"wp:attachment":[{"href":"https:\/\/burokuran.com.tr\/en\/wp-json\/wp\/v2\/media?parent=3596"}],"curies":[{"name":"wp","href":"https:\/\/api.w.org\/{rel}","templated":true}]}}