{"id":3855,"date":"2016-01-04T22:53:15","date_gmt":"2016-01-04T20:53:15","guid":{"rendered":"http:\/\/burokuran.com.tr\/?page_id=3855&#038;lang=en"},"modified":"2025-11-11T11:32:12","modified_gmt":"2025-11-11T08:32:12","slug":"neva","status":"publish","type":"page","link":"https:\/\/burokuran.com.tr\/en\/our-products\/suntalem-guruplari\/office\/neva\/","title":{"rendered":"NEVA"},"content":{"rendered":"<div class=\"flex_column av_one_fourth  flex_column_div av-zero-column-padding first  \" style='border-radius:0px; '><div class='avia-builder-widget-area clearfix '><div id=\"nav_menu-23\" class=\"widget clearfix widget_nav_menu\"><div class=\"menu-office-ingilizce-container\"><ul id=\"menu-office-ingilizce\" class=\"menu\"><li id=\"menu-item-54616\" class=\"menu-item menu-item-type-post_type menu-item-object-page menu-item-54616\"><a href=\"https:\/\/burokuran.com.tr\/en\/our-products\/suntalem-guruplari\/\">CHIPBOARD GROUPS<\/a><\/li>\n<li id=\"menu-item-3849\" class=\"menu-item menu-item-type-post_type menu-item-object-page menu-item-has-children menu-item-3849\"><a href=\"https:\/\/burokuran.com.tr\/en\/our-products\/suntalem-guruplari\/office\/\">OFFICE<\/a>\n<ul class=\"sub-menu\">\n\t<li id=\"menu-item-3850\" class=\"menu-item menu-item-type-post_type menu-item-object-page menu-item-3850\"><a href=\"https:\/\/burokuran.com.tr\/en\/our-products\/suntalem-guruplari\/office\/edus\/\">EDUS<\/a><\/li>\n\t<li id=\"menu-item-3851\" class=\"menu-item menu-item-type-post_type menu-item-object-page menu-item-3851\"><a href=\"https:\/\/burokuran.com.tr\/en\/our-products\/suntalem-guruplari\/office\/safari\/\">SAFARI<\/a><\/li>\n\t<li id=\"menu-item-3852\" class=\"menu-item menu-item-type-post_type menu-item-object-page menu-item-3852\"><a href=\"https:\/\/burokuran.com.tr\/en\/our-products\/suntalem-guruplari\/office\/stil\/\">ANKA<\/a><\/li>\n\t<li id=\"menu-item-3853\" class=\"menu-item menu-item-type-post_type menu-item-object-page menu-item-3853\"><a href=\"https:\/\/burokuran.com.tr\/en\/our-products\/suntalem-guruplari\/office\/alfa\/\">ALFA<\/a><\/li>\n\t<li id=\"menu-item-3867\" class=\"menu-item menu-item-type-post_type menu-item-object-page menu-item-3867\"><a href=\"https:\/\/burokuran.com.tr\/en\/our-products\/suntalem-guruplari\/office\/aros\/\">AROS<\/a><\/li>\n\t<li id=\"menu-item-11790\" class=\"menu-item menu-item-type-post_type menu-item-object-page menu-item-11790\"><a href=\"https:\/\/burokuran.com.tr\/en\/nitro\/\">N\u0130TRO<\/a><\/li>\n\t<li id=\"menu-item-3866\" class=\"menu-item menu-item-type-post_type menu-item-object-page menu-item-3866\"><a href=\"https:\/\/burokuran.com.tr\/en\/our-products\/suntalem-guruplari\/office\/neva\/\">NEVA<\/a><\/li>\n\t<li id=\"menu-item-11791\" class=\"menu-item menu-item-type-post_type menu-item-object-page menu-item-11791\"><a href=\"https:\/\/burokuran.com.tr\/en\/perge\/\">PERGE<\/a><\/li>\n\t<li id=\"menu-item-3868\" class=\"menu-item menu-item-type-post_type menu-item-object-page menu-item-3868\"><a href=\"https:\/\/burokuran.com.tr\/en\/our-products\/suntalem-guruplari\/office\/verso\/\">VERSO<\/a><\/li>\n\t<li id=\"menu-item-3869\" class=\"menu-item menu-item-type-post_type menu-item-object-page menu-item-3869\"><a href=\"https:\/\/burokuran.com.tr\/en\/our-products\/suntalem-guruplari\/office\/lara\/\">LARA<\/a><\/li>\n\t<li id=\"menu-item-11753\" class=\"menu-item menu-item-type-post_type menu-item-object-page menu-item-11753\"><a href=\"https:\/\/burokuran.com.tr\/en\/erba\/\">ERBA<\/a><\/li>\n\t<li id=\"menu-item-11751\" class=\"menu-item menu-item-type-post_type menu-item-object-page menu-item-11751\"><a href=\"https:\/\/burokuran.com.tr\/en\/sahra\/\">SAHRA<\/a><\/li>\n<\/ul>\n<\/li>\n<\/ul><\/div><\/div><\/div><\/div>\n<div class=\"flex_column av_one_half  flex_column_div av-zero-column-padding   \" style='border-radius:0px; '><div class='avia-gallery  avia-gallery-1 deactivate_avia_lazyload avia_animate_when_visible '  itemprop=\"ImageObject\" itemscope=\"itemscope\" itemtype=\"https:\/\/schema.org\/ImageObject\" ><a class='avia-gallery-big fakeLightbox lightbox avia-gallery-big-crop-thumb ' href='https:\/\/burokuran.com.tr\/wp-content\/uploads\/2018\/09\/NEVA-YEN\u0130-MODEL-2018-1030x557.jpg'  data-onclick='1' title='' ><span class='avia-gallery-big-inner'  itemprop=\"thumbnailUrl\" >\t<img width='495' height='400' src='https:\/\/burokuran.com.tr\/wp-content\/uploads\/2018\/09\/NEVA-YEN\u0130-MODEL-2018-495x400.jpg' title=\"NEVA\"  alt=\"NEVA YEN\u0130 MODEL 2018 495x400 NEVA\" \/><\/span><\/a><div class='avia-gallery-thumb'> <a href='https:\/\/burokuran.com.tr\/wp-content\/uploads\/2018\/09\/NEVA-YEN\u0130-MODEL-2018-1030x557.jpg' data-rel='gallery-1' data-prev-img='https:\/\/burokuran.com.tr\/wp-content\/uploads\/2018\/09\/NEVA-YEN\u0130-MODEL-2018-495x400.jpg' class='first_thumb lightbox ' data-onclick='1' title=''  itemprop=\"thumbnailUrl\" ><img  src='https:\/\/burokuran.com.tr\/wp-content\/uploads\/2018\/09\/NEVA-YEN\u0130-MODEL-2018-495x400.jpg' width='495' height='400'  title=\"NEVA\"  alt=\"NEVA YEN\u0130 MODEL 2018 495x400 NEVA\" \/><\/a> <a href='https:\/\/burokuran.com.tr\/wp-content\/uploads\/2018\/09\/1-7-1030x557.jpg' data-rel='gallery-1' data-prev-img='https:\/\/burokuran.com.tr\/wp-content\/uploads\/2018\/09\/1-7-495x400.jpg' class='lightbox ' data-onclick='2' title=''  itemprop=\"thumbnailUrl\" ><img  src='https:\/\/burokuran.com.tr\/wp-content\/uploads\/2018\/09\/1-7-495x400.jpg' width='495' height='400'  title=\"NEVA\"  alt=\"1 7 495x400 NEVA\" \/><\/a> <a href='https:\/\/burokuran.com.tr\/wp-content\/uploads\/2018\/09\/20000-8-1030x557.jpg' data-rel='gallery-1' data-prev-img='https:\/\/burokuran.com.tr\/wp-content\/uploads\/2018\/09\/20000-8-495x400.jpg' class='lightbox ' data-onclick='3' title=''  itemprop=\"thumbnailUrl\" ><img  src='https:\/\/burokuran.com.tr\/wp-content\/uploads\/2018\/09\/20000-8-495x400.jpg' width='495' height='400'  title=\"NEVA\"  alt=\"20000 8 495x400 NEVA\" \/><\/a> <a href='https:\/\/burokuran.com.tr\/wp-content\/uploads\/2018\/09\/30000-8-1030x557.jpg' data-rel='gallery-1' data-prev-img='https:\/\/burokuran.com.tr\/wp-content\/uploads\/2018\/09\/30000-8-495x400.jpg' class='lightbox ' data-onclick='4' title=''  itemprop=\"thumbnailUrl\" ><img  src='https:\/\/burokuran.com.tr\/wp-content\/uploads\/2018\/09\/30000-8-495x400.jpg' width='495' height='400'  title=\"NEVA\"  alt=\"30000 8 495x400 NEVA\" \/><\/a> <a href='https:\/\/burokuran.com.tr\/wp-content\/uploads\/2018\/09\/50000-6-1030x557.jpg' data-rel='gallery-1' data-prev-img='https:\/\/burokuran.com.tr\/wp-content\/uploads\/2018\/09\/50000-6-495x400.jpg' class='lightbox ' data-onclick='5' title=''  itemprop=\"thumbnailUrl\" ><img  src='https:\/\/burokuran.com.tr\/wp-content\/uploads\/2018\/09\/50000-6-495x400.jpg' width='495' height='400'  title=\"NEVA\"  alt=\"50000 6 495x400 NEVA\" \/><\/a> <a href='https:\/\/burokuran.com.tr\/wp-content\/uploads\/2018\/09\/40000-8-1030x557.jpg' data-rel='gallery-1' data-prev-img='https:\/\/burokuran.com.tr\/wp-content\/uploads\/2018\/09\/40000-8-495x400.jpg' class='first_thumb lightbox ' data-onclick='6' title=''  itemprop=\"thumbnailUrl\" ><img  src='https:\/\/burokuran.com.tr\/wp-content\/uploads\/2018\/09\/40000-8-495x400.jpg' width='495' height='400'  title=\"NEVA\"  alt=\"40000 8 495x400 NEVA\" \/><\/a><\/div><\/div><\/div><div class=\"flex_column av_one_fourth  flex_column_div av-zero-column-padding   \" style='border-radius:0px; '><p><div style='padding-bottom:10px; ' class='av-special-heading av-special-heading-h3     '><h3 class='av-special-heading-tag '  itemprop=\"headline\"  >\u00dcr\u00fcn A\u00e7\u0131klamas\u0131<\/h3><div class='special-heading-border'><div class='special-heading-inner-border' ><\/div><\/div><\/div><br \/>\n<section class=\"av_textblock_section \"  itemscope=\"itemscope\" itemtype=\"https:\/\/schema.org\/CreativeWork\" ><div class='avia_textblock  '   itemprop=\"text\" ><p>NEVA MASA\u00a0TAKIMI<\/p>\n<\/div><\/section><br \/>\n<div style='padding-bottom:10px; ' class='av-special-heading av-special-heading-h3     '><h3 class='av-special-heading-tag '  itemprop=\"headline\"  >Teknik \u00c7izimler<\/h3><div class='special-heading-border'><div class='special-heading-inner-border' ><\/div><\/div><\/div><br \/>\n<div class='avia-gallery  avia-gallery-2 avia_lazyload avia_animate_when_visible '  itemprop=\"ImageObject\" itemscope=\"itemscope\" itemtype=\"https:\/\/schema.org\/ImageObject\" ><div class='avia-gallery-thumb'> <a href='https:\/\/burokuran.com.tr\/wp-content\/uploads\/2018\/09\/4-2.jpg' data-rel='gallery-2' data-prev-img='https:\/\/burokuran.com.tr\/wp-content\/uploads\/2018\/09\/4-2-495x400.jpg' class='first_thumb lightbox ' data-onclick='1' title=''  itemprop=\"thumbnailUrl\" ><img  src='https:\/\/burokuran.com.tr\/wp-content\/uploads\/2018\/09\/4-2-260x185.jpg' width='260' height='185'  title=\"NEVA\"  alt=\"4 2 260x185 NEVA\" \/><\/a> <a href='https:\/\/burokuran.com.tr\/wp-content\/uploads\/2018\/09\/3-4.jpg' data-rel='gallery-2' data-prev-img='https:\/\/burokuran.com.tr\/wp-content\/uploads\/2018\/09\/3-4-495x400.jpg' class='lightbox ' data-onclick='2' title=''  itemprop=\"thumbnailUrl\" ><img  src='https:\/\/burokuran.com.tr\/wp-content\/uploads\/2018\/09\/3-4-260x185.jpg' width='260' height='185'  title=\"NEVA\"  alt=\"3 4 260x185 NEVA\" \/><\/a> <a href='https:\/\/burokuran.com.tr\/wp-content\/uploads\/2018\/09\/2-4.jpg' data-rel='gallery-2' data-prev-img='https:\/\/burokuran.com.tr\/wp-content\/uploads\/2018\/09\/2-4-495x400.jpg' class='lightbox ' data-onclick='3' title=''  itemprop=\"thumbnailUrl\" ><img  src='https:\/\/burokuran.com.tr\/wp-content\/uploads\/2018\/09\/2-4-260x185.jpg' width='260' height='185'  title=\"NEVA\"  alt=\"2 4 260x185 NEVA\" \/><\/a> <a href='https:\/\/burokuran.com.tr\/wp-content\/uploads\/2016\/01\/KESON-5.jpg' data-rel='gallery-2' data-prev-img='https:\/\/burokuran.com.tr\/wp-content\/uploads\/2016\/01\/KESON-5.jpg' class='lightbox ' data-onclick='4' title='KS001'  itemprop=\"thumbnailUrl\" ><img data-avia-tooltip='KS001' src='https:\/\/burokuran.com.tr\/wp-content\/uploads\/2016\/01\/KESON-5-260x185.jpg' width='260' height='185'  title=\"NEVA\"  alt=\"KESON 5 260x185 NEVA\" \/><\/a> <a href='https:\/\/burokuran.com.tr\/wp-content\/uploads\/2018\/09\/sehpa.jpg' data-rel='gallery-2' data-prev-img='https:\/\/burokuran.com.tr\/wp-content\/uploads\/2018\/09\/sehpa-495x400.jpg' class='lightbox ' data-onclick='5' title=''  itemprop=\"thumbnailUrl\" ><img  src='https:\/\/burokuran.com.tr\/wp-content\/uploads\/2018\/09\/sehpa-260x185.jpg' width='260' height='185'  title=\"NEVA\"  alt=\"sehpa 260x185 NEVA\" \/><\/a><\/div><\/div><br \/>\n<div style='padding-bottom:10px; ' class='av-special-heading av-special-heading-h3     '><h3 class='av-special-heading-tag '  itemprop=\"headline\"  >Renk Se\u00e7enekleri<\/h3><div class='special-heading-border'><div class='special-heading-inner-border' ><\/div><\/div><\/div><br \/>\n<div class='avia-gallery  avia-gallery-3 avia_lazyload avia_animate_when_visible '  itemprop=\"ImageObject\" itemscope=\"itemscope\" itemtype=\"https:\/\/schema.org\/ImageObject\" ><div class='avia-gallery-thumb'> <a href='https:\/\/burokuran.com.tr\/wp-content\/uploads\/2016\/01\/SafirMese_Buyuk-729x1030.jpg' data-rel='gallery-3' data-prev-img='https:\/\/burokuran.com.tr\/wp-content\/uploads\/2016\/01\/SafirMese_Buyuk-495x400.jpg' class='first_thumb lightbox ' data-onclick='1' title='MAT SAF\u0130R ME\u015eE'  itemprop=\"thumbnailUrl\" ><img data-avia-tooltip='MAT SAF\u0130R ME\u015eE' src='https:\/\/burokuran.com.tr\/wp-content\/uploads\/2016\/01\/SafirMese_Buyuk-260x185.jpg' width='260' height='185'  title=\"NEVA\"  alt=\"SafirMese Buyuk 260x185 NEVA\" \/><\/a> <a href='https:\/\/burokuran.com.tr\/wp-content\/uploads\/2018\/09\/hareli-ceviz-nsxf61rqqc-1030x687.jpg' data-rel='gallery-3' data-prev-img='https:\/\/burokuran.com.tr\/wp-content\/uploads\/2018\/09\/hareli-ceviz-nsxf61rqqc-495x400.jpg' class='lightbox ' data-onclick='2' title='METAL\u0130K CEV\u0130Z'  itemprop=\"thumbnailUrl\" ><img data-avia-tooltip='METAL\u0130K CEV\u0130Z' src='https:\/\/burokuran.com.tr\/wp-content\/uploads\/2018\/09\/hareli-ceviz-nsxf61rqqc-260x185.jpg' width='260' height='185'  title=\"NEVA\"  alt=\"hareli ceviz nsxf61rqqc 260x185 NEVA\" \/><\/a><\/div><\/div><br \/>\n<div style='padding-bottom:10px; ' class='av-special-heading av-special-heading-h3    '><h3 class='av-special-heading-tag '  itemprop=\"headline\"  >Deri Se\u00e7enekleri<\/h3><div class='special-heading-border'><div class='special-heading-inner-border' ><\/div><\/div><\/div><br \/>\n<div class='avia-gallery  avia-gallery-4 avia_lazyload avia_animate_when_visible '  itemprop=\"ImageObject\" itemscope=\"itemscope\" itemtype=\"https:\/\/schema.org\/ImageObject\" ><div class='avia-gallery-thumb'> <a href='https:\/\/burokuran.com.tr\/wp-content\/uploads\/2016\/01\/siyah-boya.jpg' data-rel='gallery-4' data-prev-img='https:\/\/burokuran.com.tr\/wp-content\/uploads\/2016\/01\/siyah-boya-495x400.jpg' class='first_thumb lightbox ' data-onclick='1' title='BLACK LEATHER'  itemprop=\"thumbnailUrl\" ><img data-avia-tooltip='BLACK LEATHER' src='https:\/\/burokuran.com.tr\/wp-content\/uploads\/2016\/01\/siyah-boya-260x185.jpg' width='260' height='185'  title=\"NEVA\"  alt=\"siyah boya 260x185 NEVA\" \/><\/a> <a href='https:\/\/burokuran.com.tr\/wp-content\/uploads\/2018\/09\/product-1499414702-1.jpg' data-rel='gallery-4' data-prev-img='https:\/\/burokuran.com.tr\/wp-content\/uploads\/2018\/09\/product-1499414702-1-495x400.jpg' class='lightbox ' data-onclick='2' title=''  itemprop=\"thumbnailUrl\" ><img  src='https:\/\/burokuran.com.tr\/wp-content\/uploads\/2018\/09\/product-1499414702-1-260x185.jpg' width='260' height='185'  title=\"NEVA\"  alt=\"product 1499414702 1 260x185 NEVA\" \/><\/a> <a href='https:\/\/burokuran.com.tr\/wp-content\/uploads\/2018\/09\/product-1499415595-1.jpg' data-rel='gallery-4' data-prev-img='https:\/\/burokuran.com.tr\/wp-content\/uploads\/2018\/09\/product-1499415595-1-495x400.jpg' class='lightbox ' data-onclick='3' title=''  itemprop=\"thumbnailUrl\" ><img  src='https:\/\/burokuran.com.tr\/wp-content\/uploads\/2018\/09\/product-1499415595-1-260x185.jpg' width='260' height='185'  title=\"NEVA\"  alt=\"product 1499415595 1 260x185 NEVA\" \/><\/a><\/div><\/div><\/p><\/div><\/p>\n","protected":false},"excerpt":{"rendered":"","protected":false},"author":1,"featured_media":0,"parent":3160,"menu_order":0,"comment_status":"closed","ping_status":"closed","template":"","meta":{"footnotes":""},"class_list":["post-3855","page","type-page","status-publish","hentry"],"aioseo_notices":[],"_links":{"self":[{"href":"https:\/\/burokuran.com.tr\/en\/wp-json\/wp\/v2\/pages\/3855","targetHints":{"allow":["GET"]}}],"collection":[{"href":"https:\/\/burokuran.com.tr\/en\/wp-json\/wp\/v2\/pages"}],"about":[{"href":"https:\/\/burokuran.com.tr\/en\/wp-json\/wp\/v2\/types\/page"}],"author":[{"embeddable":true,"href":"https:\/\/burokuran.com.tr\/en\/wp-json\/wp\/v2\/users\/1"}],"replies":[{"embeddable":true,"href":"https:\/\/burokuran.com.tr\/en\/wp-json\/wp\/v2\/comments?post=3855"}],"version-history":[{"count":0,"href":"https:\/\/burokuran.com.tr\/en\/wp-json\/wp\/v2\/pages\/3855\/revisions"}],"up":[{"embeddable":true,"href":"https:\/\/burokuran.com.tr\/en\/wp-json\/wp\/v2\/pages\/3160"}],"wp:attachment":[{"href":"https:\/\/burokuran.com.tr\/en\/wp-json\/wp\/v2\/media?parent=3855"}],"curies":[{"name":"wp","href":"https:\/\/api.w.org\/{rel}","templated":true}]}}